{"id":72320,"date":"2023-10-31T14:00:16","date_gmt":"2023-10-31T18:00:16","guid":{"rendered":"https:\/\/www.goelette.ca\/?post_type=product&#038;p=72320"},"modified":"2024-01-03T09:17:50","modified_gmt":"2024-01-03T14:17:50","slug":"rouleau-a-colorier-noel","status":"publish","type":"product","link":"https:\/\/goelette.ca\/en\/tous-les-livres\/rouleau-a-colorier-noel\/","title":{"rendered":"Rouleau \u00e0 colorier &#8211; No\u00ebl"},"content":{"rendered":"<p style=\"text-align: justify;\">Avec tes couleurs pr\u00e9f\u00e9r\u00e9es, colorie le monde de No\u00ebl ! D\u00e9roule la longue feuille et d\u00e9couvre plein de personnages festifs !<\/p>\n","protected":false},"excerpt":{"rendered":"<p>Avec tes couleurs pr\u00e9f\u00e9r\u00e9es, colorie le monde de No\u00ebl ! D\u00e9roule la longue feuille et d\u00e9couvre plein de personnages festifs !<\/p>\n","protected":false},"featured_media":72322,"template":"","meta":{"wds_primary_product_brand":0,"wds_primary_product_cat":0,"wds_primary_maison_dedition":0},"product_brand":[],"product_cat":[590,538,557],"product_tag":[],"maison_dedition":[541],"class_list":{"0":"post-72320","1":"product","2":"type-product","3":"status-publish","4":"has-post-thumbnail","6":"product_cat-coloriage-jeunesse","7":"product_cat-jeunesse","8":"product_cat-pratique","9":"pa_auteur-collectif","10":"maison_dedition-les-editions-coup-doeil","12":"first","13":"instock","14":"taxable","15":"shipping-taxable","16":"purchasable","17":"product-type-variable"},"bundled_by":[],"bundle_stock_status":"instock","bundle_stock_quantity":null,"bundle_virtual":false,"bundle_layout":"","bundle_add_to_cart_form_location":"","bundle_editable_in_cart":false,"bundle_sold_individually_context":"","bundle_item_grouping":"","bundle_min_size":"","bundle_max_size":"","bundle_price":[],"bundled_items":[],"bundle_sell_ids":[],"acf":[],"_links":{"self":[{"href":"https:\/\/goelette.ca\/en\/wp-json\/wp\/v2\/product\/72320","targetHints":{"allow":["GET"]}}],"collection":[{"href":"https:\/\/goelette.ca\/en\/wp-json\/wp\/v2\/product"}],"about":[{"href":"https:\/\/goelette.ca\/en\/wp-json\/wp\/v2\/types\/product"}],"wp:featuredmedia":[{"embeddable":true,"href":"https:\/\/goelette.ca\/en\/wp-json\/wp\/v2\/media\/72322"}],"wp:attachment":[{"href":"https:\/\/goelette.ca\/en\/wp-json\/wp\/v2\/media?parent=72320"}],"wp:term":[{"taxonomy":"product_brand","embeddable":true,"href":"https:\/\/goelette.ca\/en\/wp-json\/wp\/v2\/product_brand?post=72320"},{"taxonomy":"product_cat","embeddable":true,"href":"https:\/\/goelette.ca\/en\/wp-json\/wp\/v2\/product_cat?post=72320"},{"taxonomy":"product_tag","embeddable":true,"href":"https:\/\/goelette.ca\/en\/wp-json\/wp\/v2\/product_tag?post=72320"},{"taxonomy":"maison_dedition","embeddable":true,"href":"https:\/\/goelette.ca\/en\/wp-json\/wp\/v2\/maison_dedition?post=72320"}],"curies":[{"name":"wp","href":"https:\/\/api.w.org\/{rel}","templated":true}]}}