{"id":72304,"date":"2023-10-31T13:36:48","date_gmt":"2023-10-31T17:36:48","guid":{"rendered":"https:\/\/www.goelette.ca\/?post_type=product&#038;p=72304"},"modified":"2023-12-19T16:14:58","modified_gmt":"2023-12-19T21:14:58","slug":"lea-va-au-dodo-4","status":"publish","type":"product","link":"https:\/\/goelette.ca\/en\/tous-les-livres\/lea-va-au-dodo-4\/","title":{"rendered":"L\u00e9a va au dodo"},"content":{"rendered":"<p>L\u00e9a aime bien s\u2019amuser et n\u2019est pas press\u00e9e d\u2019aller se coucher ! Elle pr\u00e9f\u00e8re jouer avec Barnab\u00e9, mais maman et papa savent comment la convaincre d\u2019aller au lit\u2026 Bonne nuit, L\u00e9a !<\/p>\n","protected":false},"excerpt":{"rendered":"<p>L\u00e9a aime bien s\u2019amuser et n\u2019est pas press\u00e9e d\u2019aller se coucher ! Elle pr\u00e9f\u00e8re jouer avec Barnab\u00e9, mais maman et papa savent comment la convaincre d\u2019aller au lit\u2026 Bonne nuit, L\u00e9a !<\/p>\n","protected":false},"featured_media":72306,"template":"","meta":{"wds_primary_product_brand":0,"wds_primary_product_cat":0,"wds_primary_maison_dedition":0},"product_brand":[],"product_cat":[540,560,578,538],"product_tag":[],"maison_dedition":[541],"class_list":{"0":"post-72304","1":"product","2":"type-product","3":"status-publish","4":"has-post-thumbnail","6":"product_cat-0-2-ans","7":"product_cat-3-5-ans","8":"product_cat-albums-illustres","9":"product_cat-jeunesse","10":"pa_auteur-maude-iris-hamelin-ouellette","11":"pa_illustrateur-ingrid-lefebvre","12":"maison_dedition-les-editions-coup-doeil","14":"first","15":"instock","16":"taxable","17":"shipping-taxable","18":"purchasable","19":"product-type-variable"},"bundled_by":[],"bundle_stock_status":"instock","bundle_stock_quantity":null,"bundle_virtual":false,"bundle_layout":"","bundle_add_to_cart_form_location":"","bundle_editable_in_cart":false,"bundle_sold_individually_context":"","bundle_item_grouping":"","bundle_min_size":"","bundle_max_size":"","bundle_price":[],"bundled_items":[],"bundle_sell_ids":[],"acf":[],"_links":{"self":[{"href":"https:\/\/goelette.ca\/en\/wp-json\/wp\/v2\/product\/72304","targetHints":{"allow":["GET"]}}],"collection":[{"href":"https:\/\/goelette.ca\/en\/wp-json\/wp\/v2\/product"}],"about":[{"href":"https:\/\/goelette.ca\/en\/wp-json\/wp\/v2\/types\/product"}],"wp:featuredmedia":[{"embeddable":true,"href":"https:\/\/goelette.ca\/en\/wp-json\/wp\/v2\/media\/72306"}],"wp:attachment":[{"href":"https:\/\/goelette.ca\/en\/wp-json\/wp\/v2\/media?parent=72304"}],"wp:term":[{"taxonomy":"product_brand","embeddable":true,"href":"https:\/\/goelette.ca\/en\/wp-json\/wp\/v2\/product_brand?post=72304"},{"taxonomy":"product_cat","embeddable":true,"href":"https:\/\/goelette.ca\/en\/wp-json\/wp\/v2\/product_cat?post=72304"},{"taxonomy":"product_tag","embeddable":true,"href":"https:\/\/goelette.ca\/en\/wp-json\/wp\/v2\/product_tag?post=72304"},{"taxonomy":"maison_dedition","embeddable":true,"href":"https:\/\/goelette.ca\/en\/wp-json\/wp\/v2\/maison_dedition?post=72304"}],"curies":[{"name":"wp","href":"https:\/\/api.w.org\/{rel}","templated":true}]}}