{"id":72300,"date":"2023-10-31T13:33:16","date_gmt":"2023-10-31T17:33:16","guid":{"rendered":"https:\/\/www.goelette.ca\/?post_type=product&#038;p=72300"},"modified":"2023-12-19T16:15:51","modified_gmt":"2023-12-19T21:15:51","slug":"lea-shabille-3","status":"publish","type":"product","link":"https:\/\/goelette.ca\/en\/tous-les-livres\/lea-shabille-3\/","title":{"rendered":"L\u00e9a s&#8217;habille"},"content":{"rendered":"<p>Pourquoi faut-il arr\u00eater de jouer pour s\u2019habiller ? L\u00e9a pr\u00e9f\u00e8re construire des tours avec ses cubes color\u00e9s, mais ses parents vont lui montrer que ce n\u2019est pas si compliqu\u00e9\u2026 Bravo, L\u00e9a !<\/p>\n","protected":false},"excerpt":{"rendered":"<p>Pourquoi faut-il arr\u00eater de jouer pour s\u2019habiller ? L\u00e9a pr\u00e9f\u00e8re construire des tours avec ses cubes color\u00e9s, mais ses parents vont lui montrer que ce n\u2019est pas si compliqu\u00e9\u2026 Bravo, L\u00e9a !<\/p>\n","protected":false},"featured_media":72302,"template":"","meta":{"wds_primary_product_brand":0,"wds_primary_product_cat":0,"wds_primary_maison_dedition":0},"product_brand":[],"product_cat":[540,560,578,538],"product_tag":[],"maison_dedition":[541],"class_list":{"0":"post-72300","1":"product","2":"type-product","3":"status-publish","4":"has-post-thumbnail","6":"product_cat-0-2-ans","7":"product_cat-3-5-ans","8":"product_cat-albums-illustres","9":"product_cat-jeunesse","10":"pa_auteur-maude-iris-hamelin-ouellette","11":"pa_illustrateur-ingrid-lefebvre","12":"maison_dedition-les-editions-coup-doeil","14":"first","15":"instock","16":"taxable","17":"shipping-taxable","18":"purchasable","19":"product-type-variable"},"bundled_by":[],"bundle_stock_status":"instock","bundle_stock_quantity":null,"bundle_virtual":false,"bundle_layout":"","bundle_add_to_cart_form_location":"","bundle_editable_in_cart":false,"bundle_sold_individually_context":"","bundle_item_grouping":"","bundle_min_size":"","bundle_max_size":"","bundle_price":[],"bundled_items":[],"bundle_sell_ids":[],"acf":[],"_links":{"self":[{"href":"https:\/\/goelette.ca\/en\/wp-json\/wp\/v2\/product\/72300","targetHints":{"allow":["GET"]}}],"collection":[{"href":"https:\/\/goelette.ca\/en\/wp-json\/wp\/v2\/product"}],"about":[{"href":"https:\/\/goelette.ca\/en\/wp-json\/wp\/v2\/types\/product"}],"wp:featuredmedia":[{"embeddable":true,"href":"https:\/\/goelette.ca\/en\/wp-json\/wp\/v2\/media\/72302"}],"wp:attachment":[{"href":"https:\/\/goelette.ca\/en\/wp-json\/wp\/v2\/media?parent=72300"}],"wp:term":[{"taxonomy":"product_brand","embeddable":true,"href":"https:\/\/goelette.ca\/en\/wp-json\/wp\/v2\/product_brand?post=72300"},{"taxonomy":"product_cat","embeddable":true,"href":"https:\/\/goelette.ca\/en\/wp-json\/wp\/v2\/product_cat?post=72300"},{"taxonomy":"product_tag","embeddable":true,"href":"https:\/\/goelette.ca\/en\/wp-json\/wp\/v2\/product_tag?post=72300"},{"taxonomy":"maison_dedition","embeddable":true,"href":"https:\/\/goelette.ca\/en\/wp-json\/wp\/v2\/maison_dedition?post=72300"}],"curies":[{"name":"wp","href":"https:\/\/api.w.org\/{rel}","templated":true}]}}