{"id":72288,"date":"2023-10-31T13:20:42","date_gmt":"2023-10-31T17:20:42","guid":{"rendered":"https:\/\/www.goelette.ca\/?post_type=product&#038;p=72288"},"modified":"2023-10-31T13:23:19","modified_gmt":"2023-10-31T17:23:19","slug":"lea-cherche-son-doudou-4","status":"publish","type":"product","link":"https:\/\/goelette.ca\/en\/tous-les-livres\/lea-cherche-son-doudou-4\/","title":{"rendered":"L\u00e9a cherche son doudou"},"content":{"rendered":"<p>Mais o\u00f9 est donc Barnab\u00e9 ? L\u00e9a a le coeur bris\u00e9, car son lapin pr\u00e9f\u00e9r\u00e9 a disparu. Si elle se met \u00e0 sa recherche, peut-\u00eatre le retrouvera-t-elle&#8230; Courage, L\u00e9a !<\/p>\n","protected":false},"excerpt":{"rendered":"<p>Mais o\u00f9 est donc Barnab\u00e9 ? L\u00e9a a le coeur bris\u00e9, car son lapin pr\u00e9f\u00e9r\u00e9 a disparu. Si elle se met \u00e0 sa recherche, peut-\u00eatre le retrouvera-t-elle&#8230; Courage, L\u00e9a !<\/p>\n","protected":false},"featured_media":72290,"template":"","meta":{"wds_primary_product_brand":0,"wds_primary_product_cat":0,"wds_primary_maison_dedition":0},"product_brand":[],"product_cat":[540,560,578,538],"product_tag":[],"maison_dedition":[541],"class_list":{"0":"post-72288","1":"product","2":"type-product","3":"status-publish","4":"has-post-thumbnail","6":"product_cat-0-2-ans","7":"product_cat-3-5-ans","8":"product_cat-albums-illustres","9":"product_cat-jeunesse","10":"maison_dedition-les-editions-coup-doeil","12":"first","13":"instock","14":"taxable","15":"shipping-taxable","16":"purchasable","17":"product-type-variable"},"bundled_by":[],"bundle_stock_status":"instock","bundle_stock_quantity":null,"bundle_virtual":false,"bundle_layout":"","bundle_add_to_cart_form_location":"","bundle_editable_in_cart":false,"bundle_sold_individually_context":"","bundle_item_grouping":"","bundle_min_size":"","bundle_max_size":"","bundle_price":[],"bundled_items":[],"bundle_sell_ids":[],"acf":[],"_links":{"self":[{"href":"https:\/\/goelette.ca\/en\/wp-json\/wp\/v2\/product\/72288","targetHints":{"allow":["GET"]}}],"collection":[{"href":"https:\/\/goelette.ca\/en\/wp-json\/wp\/v2\/product"}],"about":[{"href":"https:\/\/goelette.ca\/en\/wp-json\/wp\/v2\/types\/product"}],"wp:featuredmedia":[{"embeddable":true,"href":"https:\/\/goelette.ca\/en\/wp-json\/wp\/v2\/media\/72290"}],"wp:attachment":[{"href":"https:\/\/goelette.ca\/en\/wp-json\/wp\/v2\/media?parent=72288"}],"wp:term":[{"taxonomy":"product_brand","embeddable":true,"href":"https:\/\/goelette.ca\/en\/wp-json\/wp\/v2\/product_brand?post=72288"},{"taxonomy":"product_cat","embeddable":true,"href":"https:\/\/goelette.ca\/en\/wp-json\/wp\/v2\/product_cat?post=72288"},{"taxonomy":"product_tag","embeddable":true,"href":"https:\/\/goelette.ca\/en\/wp-json\/wp\/v2\/product_tag?post=72288"},{"taxonomy":"maison_dedition","embeddable":true,"href":"https:\/\/goelette.ca\/en\/wp-json\/wp\/v2\/maison_dedition?post=72288"}],"curies":[{"name":"wp","href":"https:\/\/api.w.org\/{rel}","templated":true}]}}