{"id":72283,"date":"2023-10-31T11:56:29","date_gmt":"2023-10-31T15:56:29","guid":{"rendered":"https:\/\/www.goelette.ca\/?post_type=product&#038;p=72283"},"modified":"2023-12-19T16:17:14","modified_gmt":"2023-12-19T21:17:14","slug":"lea-apprend-le-pot","status":"publish","type":"product","link":"https:\/\/goelette.ca\/en\/tous-les-livres\/lea-apprend-le-pot\/","title":{"rendered":"L\u00e9a apprend le pot"},"content":{"rendered":"<p>L\u00e9a n\u2019a pas envie d\u2019aller sur le pot ! C\u2019est bien plus dr\u00f4le d\u2019y coucher Barnab\u00e9 et sa poup\u00e9e Zo\u00e9, mais il se peut qu\u2019elle doive l\u2019utiliser au lieu de s\u2019amuser\u2026 Vite, L\u00e9a !<\/p>\n","protected":false},"excerpt":{"rendered":"<p>L\u00e9a n\u2019a pas envie d\u2019aller sur le pot ! C\u2019est bien plus dr\u00f4le d\u2019y coucher Barnab\u00e9 et sa poup\u00e9e Zo\u00e9, mais il se peut qu\u2019elle doive l\u2019utiliser au lieu de s\u2019amuser\u2026 Vite, L\u00e9a !<\/p>\n","protected":false},"featured_media":72285,"template":"","meta":{"wds_primary_product_brand":0,"wds_primary_product_cat":0,"wds_primary_maison_dedition":0},"product_brand":[],"product_cat":[540,560,578,538],"product_tag":[],"maison_dedition":[541],"class_list":{"0":"post-72283","1":"product","2":"type-product","3":"status-publish","4":"has-post-thumbnail","6":"product_cat-0-2-ans","7":"product_cat-3-5-ans","8":"product_cat-albums-illustres","9":"product_cat-jeunesse","10":"pa_auteur-maude-iris-hamelin-ouellette","11":"pa_illustrateur-ingrid-lefebvre","12":"maison_dedition-les-editions-coup-doeil","14":"first","15":"instock","16":"taxable","17":"shipping-taxable","18":"purchasable","19":"product-type-variable"},"bundled_by":[],"bundle_stock_status":"instock","bundle_stock_quantity":null,"bundle_virtual":false,"bundle_layout":"","bundle_add_to_cart_form_location":"","bundle_editable_in_cart":false,"bundle_sold_individually_context":"","bundle_item_grouping":"","bundle_min_size":"","bundle_max_size":"","bundle_price":[],"bundled_items":[],"bundle_sell_ids":[],"acf":[],"_links":{"self":[{"href":"https:\/\/goelette.ca\/en\/wp-json\/wp\/v2\/product\/72283","targetHints":{"allow":["GET"]}}],"collection":[{"href":"https:\/\/goelette.ca\/en\/wp-json\/wp\/v2\/product"}],"about":[{"href":"https:\/\/goelette.ca\/en\/wp-json\/wp\/v2\/types\/product"}],"wp:featuredmedia":[{"embeddable":true,"href":"https:\/\/goelette.ca\/en\/wp-json\/wp\/v2\/media\/72285"}],"wp:attachment":[{"href":"https:\/\/goelette.ca\/en\/wp-json\/wp\/v2\/media?parent=72283"}],"wp:term":[{"taxonomy":"product_brand","embeddable":true,"href":"https:\/\/goelette.ca\/en\/wp-json\/wp\/v2\/product_brand?post=72283"},{"taxonomy":"product_cat","embeddable":true,"href":"https:\/\/goelette.ca\/en\/wp-json\/wp\/v2\/product_cat?post=72283"},{"taxonomy":"product_tag","embeddable":true,"href":"https:\/\/goelette.ca\/en\/wp-json\/wp\/v2\/product_tag?post=72283"},{"taxonomy":"maison_dedition","embeddable":true,"href":"https:\/\/goelette.ca\/en\/wp-json\/wp\/v2\/maison_dedition?post=72283"}],"curies":[{"name":"wp","href":"https:\/\/api.w.org\/{rel}","templated":true}]}}