{"id":72279,"date":"2023-10-31T11:33:38","date_gmt":"2023-10-31T15:33:38","guid":{"rendered":"https:\/\/www.goelette.ca\/?post_type=product&#038;p=72279"},"modified":"2025-01-28T10:39:29","modified_gmt":"2025-01-28T15:39:29","slug":"dans-la-maison","status":"publish","type":"product","link":"https:\/\/goelette.ca\/en\/tous-les-livres\/dans-la-maison\/","title":{"rendered":"Dans ma maison !"},"content":{"rendered":"<p>Faites d\u00e9couvrir \u00e0 vos tout-petits les pi\u00e8ces et les objets de la maison en mots et en images !<\/p>\n","protected":false},"excerpt":{"rendered":"<p>Faites d\u00e9couvrir \u00e0 vos tout-petits les pi\u00e8ces et les objets de la maison en mots et en images !<\/p>\n","protected":false},"featured_media":213302,"template":"","meta":{"wds_primary_product_brand":0,"wds_primary_product_cat":0,"wds_primary_maison_dedition":0},"product_brand":[],"product_cat":[540,578,583,538],"product_tag":[],"maison_dedition":[],"class_list":{"0":"post-72279","1":"product","2":"type-product","3":"status-publish","4":"has-post-thumbnail","6":"product_cat-0-2-ans","7":"product_cat-albums-illustres","8":"product_cat-imagiers","9":"product_cat-jeunesse","10":"pa_auteur-collectif","12":"first","13":"instock","14":"taxable","15":"shipping-taxable","16":"purchasable","17":"product-type-variable"},"bundled_by":[],"bundle_stock_status":"instock","bundle_stock_quantity":null,"bundle_virtual":false,"bundle_layout":"","bundle_add_to_cart_form_location":"","bundle_editable_in_cart":false,"bundle_sold_individually_context":"","bundle_item_grouping":"","bundle_min_size":"","bundle_max_size":"","bundle_price":[],"bundled_items":[],"bundle_sell_ids":[],"acf":[],"_links":{"self":[{"href":"https:\/\/goelette.ca\/en\/wp-json\/wp\/v2\/product\/72279","targetHints":{"allow":["GET"]}}],"collection":[{"href":"https:\/\/goelette.ca\/en\/wp-json\/wp\/v2\/product"}],"about":[{"href":"https:\/\/goelette.ca\/en\/wp-json\/wp\/v2\/types\/product"}],"wp:featuredmedia":[{"embeddable":true,"href":"https:\/\/goelette.ca\/en\/wp-json\/wp\/v2\/media\/213302"}],"wp:attachment":[{"href":"https:\/\/goelette.ca\/en\/wp-json\/wp\/v2\/media?parent=72279"}],"wp:term":[{"taxonomy":"product_brand","embeddable":true,"href":"https:\/\/goelette.ca\/en\/wp-json\/wp\/v2\/product_brand?post=72279"},{"taxonomy":"product_cat","embeddable":true,"href":"https:\/\/goelette.ca\/en\/wp-json\/wp\/v2\/product_cat?post=72279"},{"taxonomy":"product_tag","embeddable":true,"href":"https:\/\/goelette.ca\/en\/wp-json\/wp\/v2\/product_tag?post=72279"},{"taxonomy":"maison_dedition","embeddable":true,"href":"https:\/\/goelette.ca\/en\/wp-json\/wp\/v2\/maison_dedition?post=72279"}],"curies":[{"name":"wp","href":"https:\/\/api.w.org\/{rel}","templated":true}]}}