{"id":72088,"date":"2023-10-26T23:59:23","date_gmt":"2023-10-27T03:59:23","guid":{"rendered":"https:\/\/www.goelette.ca\/?post_type=product&#038;p=72088"},"modified":"2024-04-18T15:30:24","modified_gmt":"2024-04-18T19:30:24","slug":"lappel-de-lantarctique","status":"publish","type":"product","link":"https:\/\/goelette.ca\/en\/tous-les-livres\/lappel-de-lantarctique\/","title":{"rendered":"L&#8217;appel de l&#8217;Antarctique"},"content":{"rendered":"<p>En d\u00e9cembre 2022, Caroline C\u00f4t\u00e9 a entrepris le plus grand d\u00e9fi de sa carri\u00e8re soit de parcourir seule, sans assistance et \u00e0 skis, les 1100 kilom\u00e8tres s\u00e9parant Hercules Inlet du p\u00f4le Sud. L\u2019aventuri\u00e8re r\u00eave de fracasser le record du monde d\u00e9tenu depuis 2016 par la Su\u00e9doise Johanna Davidsson. Au terme de 33 jours, 2 heures et 53 minutes, Caroline C\u00f4t\u00e9 a pulv\u00e9ris\u00e9 le record de vitesse f\u00e9minin en d\u00e9fiant le parcours dans des conditions polaires extr\u00eamement difficiles. Elle raconte son aventure dans cet ouvrage, de la pr\u00e9paration au spectaculaire d\u00e9nouement, mais aussi ses sources d\u2019inspiration et de motivation.<\/p>\n","protected":false},"excerpt":{"rendered":"<p>En d\u00e9cembre 2022, Caroline C\u00f4t\u00e9 a entrepris le plus grand d\u00e9fi de sa carri\u00e8re soit de parcourir seule, sans assistance et \u00e0 skis, les 1100 kilom\u00e8tres s\u00e9parant Hercules Inlet du p\u00f4le Sud. L\u2019aventuri\u00e8re r\u00eave de fracasser le record du monde d\u00e9tenu depuis 2016 par la Su\u00e9doise Johanna Davidsson. Au terme de 33 jours, 2 heures [&hellip;]<\/p>\n","protected":false},"featured_media":72091,"template":"","meta":{"wds_primary_product_brand":0,"wds_primary_product_cat":0,"wds_primary_maison_dedition":0},"product_brand":[],"product_cat":[557,558,598],"product_tag":[],"maison_dedition":[630],"class_list":{"0":"post-72088","1":"product","2":"type-product","3":"status-publish","4":"has-post-thumbnail","6":"product_cat-pratique","7":"product_cat-sports-et-loisirs","8":"product_cat-voyage","9":"pa_auteur-caroline-cote","10":"maison_dedition-les-editions-goelette","12":"first","13":"instock","14":"taxable","15":"shipping-taxable","16":"purchasable","17":"product-type-variable","18":"has-default-attributes"},"bundled_by":[],"bundle_stock_status":"instock","bundle_stock_quantity":null,"bundle_virtual":false,"bundle_layout":"","bundle_add_to_cart_form_location":"","bundle_editable_in_cart":false,"bundle_sold_individually_context":"","bundle_item_grouping":"","bundle_min_size":"","bundle_max_size":"","bundle_price":[],"bundled_items":[],"bundle_sell_ids":[],"acf":[],"_links":{"self":[{"href":"https:\/\/goelette.ca\/en\/wp-json\/wp\/v2\/product\/72088","targetHints":{"allow":["GET"]}}],"collection":[{"href":"https:\/\/goelette.ca\/en\/wp-json\/wp\/v2\/product"}],"about":[{"href":"https:\/\/goelette.ca\/en\/wp-json\/wp\/v2\/types\/product"}],"wp:featuredmedia":[{"embeddable":true,"href":"https:\/\/goelette.ca\/en\/wp-json\/wp\/v2\/media\/72091"}],"wp:attachment":[{"href":"https:\/\/goelette.ca\/en\/wp-json\/wp\/v2\/media?parent=72088"}],"wp:term":[{"taxonomy":"product_brand","embeddable":true,"href":"https:\/\/goelette.ca\/en\/wp-json\/wp\/v2\/product_brand?post=72088"},{"taxonomy":"product_cat","embeddable":true,"href":"https:\/\/goelette.ca\/en\/wp-json\/wp\/v2\/product_cat?post=72088"},{"taxonomy":"product_tag","embeddable":true,"href":"https:\/\/goelette.ca\/en\/wp-json\/wp\/v2\/product_tag?post=72088"},{"taxonomy":"maison_dedition","embeddable":true,"href":"https:\/\/goelette.ca\/en\/wp-json\/wp\/v2\/maison_dedition?post=72088"}],"curies":[{"name":"wp","href":"https:\/\/api.w.org\/{rel}","templated":true}]}}