{"id":71232,"date":"2023-10-16T15:02:48","date_gmt":"2023-10-16T19:02:48","guid":{"rendered":"https:\/\/www.goelette.ca\/?post_type=product&#038;p=71232"},"modified":"2024-05-03T14:15:31","modified_gmt":"2024-05-03T18:15:31","slug":"loupe-2","status":"publish","type":"product","link":"https:\/\/goelette.ca\/en\/tous-les-livres\/loupe-2\/","title":{"rendered":"Loupe"},"content":{"rendered":"<p>Une loupe pour ne rien manquer. L&#8217;outil id\u00e9al pour r\u00e9aliser vos jeux pr\u00e9f\u00e9r\u00e9s!<\/p>\n","protected":false},"excerpt":{"rendered":"<p>Une loupe pour ne rien manquer. L&#8217;outil id\u00e9al pour r\u00e9aliser vos jeux pr\u00e9f\u00e9r\u00e9s!<\/p>\n","protected":false},"featured_media":71630,"template":"","meta":{"wds_primary_product_brand":0,"wds_primary_product_cat":0,"wds_primary_maison_dedition":0},"product_brand":[],"product_cat":[707,566,557],"product_tag":[],"maison_dedition":[630],"class_list":{"0":"post-71232","1":"product","2":"type-product","3":"status-publish","4":"has-post-thumbnail","6":"product_cat-accessoires-de-lecture","7":"product_cat-livres-de-jeux","8":"product_cat-pratique","9":"pa_auteur-collectif","10":"maison_dedition-les-editions-goelette","12":"first","13":"instock","14":"taxable","15":"shipping-taxable","16":"purchasable","17":"product-type-variable"},"bundled_by":[],"bundle_stock_status":"instock","bundle_stock_quantity":null,"bundle_virtual":false,"bundle_layout":"","bundle_add_to_cart_form_location":"","bundle_editable_in_cart":false,"bundle_sold_individually_context":"","bundle_item_grouping":"","bundle_min_size":"","bundle_max_size":"","bundle_price":[],"bundled_items":[],"bundle_sell_ids":[],"acf":[],"_links":{"self":[{"href":"https:\/\/goelette.ca\/en\/wp-json\/wp\/v2\/product\/71232","targetHints":{"allow":["GET"]}}],"collection":[{"href":"https:\/\/goelette.ca\/en\/wp-json\/wp\/v2\/product"}],"about":[{"href":"https:\/\/goelette.ca\/en\/wp-json\/wp\/v2\/types\/product"}],"wp:featuredmedia":[{"embeddable":true,"href":"https:\/\/goelette.ca\/en\/wp-json\/wp\/v2\/media\/71630"}],"wp:attachment":[{"href":"https:\/\/goelette.ca\/en\/wp-json\/wp\/v2\/media?parent=71232"}],"wp:term":[{"taxonomy":"product_brand","embeddable":true,"href":"https:\/\/goelette.ca\/en\/wp-json\/wp\/v2\/product_brand?post=71232"},{"taxonomy":"product_cat","embeddable":true,"href":"https:\/\/goelette.ca\/en\/wp-json\/wp\/v2\/product_cat?post=71232"},{"taxonomy":"product_tag","embeddable":true,"href":"https:\/\/goelette.ca\/en\/wp-json\/wp\/v2\/product_tag?post=71232"},{"taxonomy":"maison_dedition","embeddable":true,"href":"https:\/\/goelette.ca\/en\/wp-json\/wp\/v2\/maison_dedition?post=71232"}],"curies":[{"name":"wp","href":"https:\/\/api.w.org\/{rel}","templated":true}]}}