{"id":71216,"date":"2023-10-16T12:52:51","date_gmt":"2023-10-16T16:52:51","guid":{"rendered":"https:\/\/www.goelette.ca\/?post_type=product&#038;p=71216"},"modified":"2024-01-03T08:31:38","modified_gmt":"2024-01-03T13:31:38","slug":"reveille-toi-pere-noel","status":"publish","type":"product","link":"https:\/\/goelette.ca\/en\/tous-les-livres\/reveille-toi-pere-noel\/","title":{"rendered":"R\u00e9veille-toi, p\u00e8re No\u00ebl!"},"content":{"rendered":"<p>M\u00e8re No\u00ebl n&#8217;arrive pas \u00e0 r\u00e9veiller le p\u00e8re No\u00ebl. C&#8217;est une catastrophe ! Vite ! Vite ! Est-ce que tu peux l&#8217;aider ?<\/p>\n","protected":false},"excerpt":{"rendered":"<p>M\u00e8re No\u00ebl n&#8217;arrive pas \u00e0 r\u00e9veiller le p\u00e8re No\u00ebl. C&#8217;est une catastrophe ! Vite ! Vite ! Est-ce que tu peux l&#8217;aider ?<\/p>\n","protected":false},"featured_media":71225,"template":"","meta":{"wds_primary_product_brand":0,"wds_primary_product_cat":0,"wds_primary_maison_dedition":0},"product_brand":[],"product_cat":[560,538,667,545],"product_tag":[],"maison_dedition":[630],"class_list":{"0":"post-71216","1":"product","2":"type-product","3":"status-publish","4":"has-post-thumbnail","6":"product_cat-3-5-ans","7":"product_cat-jeunesse","8":"product_cat-livres-tout-carton","9":"product_cat-noel","10":"pa_auteur-melanie-grenier","11":"maison_dedition-les-editions-goelette","13":"first","14":"instock","15":"taxable","16":"shipping-taxable","17":"purchasable","18":"product-type-variable"},"bundled_by":[],"bundle_stock_status":"instock","bundle_stock_quantity":null,"bundle_virtual":false,"bundle_layout":"","bundle_add_to_cart_form_location":"","bundle_editable_in_cart":false,"bundle_sold_individually_context":"","bundle_item_grouping":"","bundle_min_size":"","bundle_max_size":"","bundle_price":[],"bundled_items":[],"bundle_sell_ids":[],"acf":[],"_links":{"self":[{"href":"https:\/\/goelette.ca\/en\/wp-json\/wp\/v2\/product\/71216","targetHints":{"allow":["GET"]}}],"collection":[{"href":"https:\/\/goelette.ca\/en\/wp-json\/wp\/v2\/product"}],"about":[{"href":"https:\/\/goelette.ca\/en\/wp-json\/wp\/v2\/types\/product"}],"wp:featuredmedia":[{"embeddable":true,"href":"https:\/\/goelette.ca\/en\/wp-json\/wp\/v2\/media\/71225"}],"wp:attachment":[{"href":"https:\/\/goelette.ca\/en\/wp-json\/wp\/v2\/media?parent=71216"}],"wp:term":[{"taxonomy":"product_brand","embeddable":true,"href":"https:\/\/goelette.ca\/en\/wp-json\/wp\/v2\/product_brand?post=71216"},{"taxonomy":"product_cat","embeddable":true,"href":"https:\/\/goelette.ca\/en\/wp-json\/wp\/v2\/product_cat?post=71216"},{"taxonomy":"product_tag","embeddable":true,"href":"https:\/\/goelette.ca\/en\/wp-json\/wp\/v2\/product_tag?post=71216"},{"taxonomy":"maison_dedition","embeddable":true,"href":"https:\/\/goelette.ca\/en\/wp-json\/wp\/v2\/maison_dedition?post=71216"}],"curies":[{"name":"wp","href":"https:\/\/api.w.org\/{rel}","templated":true}]}}