{"id":70948,"date":"2023-10-12T16:21:04","date_gmt":"2023-10-12T20:21:04","guid":{"rendered":"https:\/\/www.goelette.ca\/?post_type=product&#038;p=70948"},"modified":"2023-12-19T09:56:18","modified_gmt":"2023-12-19T14:56:18","slug":"deco-vitre-paques","status":"publish","type":"product","link":"https:\/\/goelette.ca\/en\/tous-les-livres\/deco-vitre-paques\/","title":{"rendered":"D\u00e9co Vitre &#8211; P\u00e2ques"},"content":{"rendered":"<p>D\u00e9co vitre<\/p>\n<p>100 d\u00e9corations virostatiques repositionnable faciles \u00e0 appliquer, sans colle et r\u00e9utilisables sans entretien !<\/p>\n","protected":false},"excerpt":{"rendered":"<p>D\u00e9co vitre 100 d\u00e9corations virostatiques repositionnable faciles \u00e0 appliquer, sans colle et r\u00e9utilisables sans entretien !<\/p>\n","protected":false},"featured_media":70950,"template":"","meta":{"wds_primary_product_brand":0,"wds_primary_product_cat":0,"wds_primary_maison_dedition":0},"product_brand":[],"product_cat":[538],"product_tag":[],"maison_dedition":[541],"class_list":{"0":"post-70948","1":"product","2":"type-product","3":"status-publish","4":"has-post-thumbnail","6":"product_cat-jeunesse","7":"pa_auteur-collectif","8":"maison_dedition-les-editions-coup-doeil","10":"first","11":"instock","12":"taxable","13":"shipping-taxable","14":"purchasable","15":"product-type-variable"},"bundled_by":[],"bundle_stock_status":"instock","bundle_stock_quantity":null,"bundle_virtual":false,"bundle_layout":"","bundle_add_to_cart_form_location":"","bundle_editable_in_cart":false,"bundle_sold_individually_context":"","bundle_item_grouping":"","bundle_min_size":"","bundle_max_size":"","bundle_price":[],"bundled_items":[],"bundle_sell_ids":[],"acf":[],"_links":{"self":[{"href":"https:\/\/goelette.ca\/en\/wp-json\/wp\/v2\/product\/70948","targetHints":{"allow":["GET"]}}],"collection":[{"href":"https:\/\/goelette.ca\/en\/wp-json\/wp\/v2\/product"}],"about":[{"href":"https:\/\/goelette.ca\/en\/wp-json\/wp\/v2\/types\/product"}],"wp:featuredmedia":[{"embeddable":true,"href":"https:\/\/goelette.ca\/en\/wp-json\/wp\/v2\/media\/70950"}],"wp:attachment":[{"href":"https:\/\/goelette.ca\/en\/wp-json\/wp\/v2\/media?parent=70948"}],"wp:term":[{"taxonomy":"product_brand","embeddable":true,"href":"https:\/\/goelette.ca\/en\/wp-json\/wp\/v2\/product_brand?post=70948"},{"taxonomy":"product_cat","embeddable":true,"href":"https:\/\/goelette.ca\/en\/wp-json\/wp\/v2\/product_cat?post=70948"},{"taxonomy":"product_tag","embeddable":true,"href":"https:\/\/goelette.ca\/en\/wp-json\/wp\/v2\/product_tag?post=70948"},{"taxonomy":"maison_dedition","embeddable":true,"href":"https:\/\/goelette.ca\/en\/wp-json\/wp\/v2\/maison_dedition?post=70948"}],"curies":[{"name":"wp","href":"https:\/\/api.w.org\/{rel}","templated":true}]}}