{"id":70920,"date":"2023-10-12T15:09:46","date_gmt":"2023-10-12T19:09:46","guid":{"rendered":"https:\/\/www.goelette.ca\/?post_type=product&#038;p=70920"},"modified":"2023-11-29T09:24:46","modified_gmt":"2023-11-29T14:24:46","slug":"les-patisseries-de-thierry","status":"publish","type":"product","link":"https:\/\/goelette.ca\/en\/tous-les-livres\/les-patisseries-de-thierry\/","title":{"rendered":"Les p\u00e2tisseries de Thierry"},"content":{"rendered":"<p>Thierry Lapin est le meilleur p\u00e2tissier en ville. Quels desserts pr\u00e9pare-t-il pour les animaux ?<br \/>\nLequel est son favori ?<\/p>\n","protected":false},"excerpt":{"rendered":"<p>Thierry Lapin est le meilleur p\u00e2tissier en ville. Quels desserts pr\u00e9pare-t-il pour les animaux ? Lequel est son favori ?<\/p>\n","protected":false},"featured_media":70922,"template":"","meta":{"wds_primary_product_brand":0,"wds_primary_product_cat":0,"wds_primary_maison_dedition":0},"product_brand":[],"product_cat":[560,538,667,545],"product_tag":[],"maison_dedition":[541],"class_list":{"0":"post-70920","1":"product","2":"type-product","3":"status-publish","4":"has-post-thumbnail","6":"product_cat-3-5-ans","7":"product_cat-jeunesse","8":"product_cat-livres-tout-carton","9":"product_cat-noel","10":"maison_dedition-les-editions-coup-doeil","12":"first","13":"instock","14":"taxable","15":"shipping-taxable","16":"purchasable","17":"product-type-variable"},"bundled_by":[],"bundle_stock_status":"instock","bundle_stock_quantity":null,"bundle_virtual":false,"bundle_layout":"","bundle_add_to_cart_form_location":"","bundle_editable_in_cart":false,"bundle_sold_individually_context":"","bundle_item_grouping":"","bundle_min_size":"","bundle_max_size":"","bundle_price":[],"bundled_items":[],"bundle_sell_ids":[],"acf":[],"_links":{"self":[{"href":"https:\/\/goelette.ca\/en\/wp-json\/wp\/v2\/product\/70920","targetHints":{"allow":["GET"]}}],"collection":[{"href":"https:\/\/goelette.ca\/en\/wp-json\/wp\/v2\/product"}],"about":[{"href":"https:\/\/goelette.ca\/en\/wp-json\/wp\/v2\/types\/product"}],"wp:featuredmedia":[{"embeddable":true,"href":"https:\/\/goelette.ca\/en\/wp-json\/wp\/v2\/media\/70922"}],"wp:attachment":[{"href":"https:\/\/goelette.ca\/en\/wp-json\/wp\/v2\/media?parent=70920"}],"wp:term":[{"taxonomy":"product_brand","embeddable":true,"href":"https:\/\/goelette.ca\/en\/wp-json\/wp\/v2\/product_brand?post=70920"},{"taxonomy":"product_cat","embeddable":true,"href":"https:\/\/goelette.ca\/en\/wp-json\/wp\/v2\/product_cat?post=70920"},{"taxonomy":"product_tag","embeddable":true,"href":"https:\/\/goelette.ca\/en\/wp-json\/wp\/v2\/product_tag?post=70920"},{"taxonomy":"maison_dedition","embeddable":true,"href":"https:\/\/goelette.ca\/en\/wp-json\/wp\/v2\/maison_dedition?post=70920"}],"curies":[{"name":"wp","href":"https:\/\/api.w.org\/{rel}","templated":true}]}}