{"id":63926,"date":"2023-09-21T11:35:17","date_gmt":"2023-09-21T15:35:17","guid":{"rendered":"https:\/\/www.goelette.ca\/?post_type=product&#038;p=63926"},"modified":"2024-06-05T15:33:35","modified_gmt":"2024-06-05T19:33:35","slug":"arsene-lupin-les-huit-coups-de-lhorloge","status":"publish","type":"product","link":"https:\/\/goelette.ca\/en\/tous-les-livres\/arsene-lupin-les-huit-coups-de-lhorloge\/","title":{"rendered":"Ars\u00e8ne Lupin &#8211; Les huit coups de l&#8217;horloge"},"content":{"rendered":"<p>Le prince R\u00e9nine, ou devrait-on dire Ars\u00e8ne Lupin, r\u00e9sout un\u00a0myst\u00e8re aux c\u00f4t\u00e9s d\u2019une jeune femme, Hortense Daniel.Le s\u00e9ducteur, qui se fait passer pour un membre de la royaut\u00e9, propose alors \u00e0 cette derni\u00e8re de devenir sa compagne d\u2019aventures. Ensemble, tels les huit coups de l\u2019horloge qui retentissent lors de leur premi\u00e8re rencontre, Lupin et Hortense \u00e9lucident huit \u00e9nigmes des plus intrigantes. Qui peut bien \u00eatre la Dame \u00e0 la Hache? Que cachent les pas sur la neige? Qui est la v\u00e9ritable m\u00e8re de Jean-Louis? D\u00e9couvrez huit histoires mettant en sc\u00e8ne Ars\u00e8ne Lupin, accompagn\u00e9 de sa nouvelle acolyte, et plongez dans une atmosph\u00e8re \u00e0 la fois \u00e9trange et captivante.<\/p>\n<p><strong>LE H\u00c9ROS AYANT INSPIR\u00c9 LA RETENTISSANTE S\u00c9RIE NETFLIX ! <\/strong><br \/>\nMaurice Leblanc, n\u00e9 en 1864 et mort en 1941, est un romancier fran\u00e7ais qui a fait sa renomm\u00e9e avec les aventures d\u2019Ars\u00e8ne Lupin.<\/p>\n","protected":false},"excerpt":{"rendered":"<p>Le prince R\u00e9nine, ou devrait-on dire Ars\u00e8ne Lupin, r\u00e9sout un\u00a0myst\u00e8re aux c\u00f4t\u00e9s d\u2019une jeune femme, Hortense Daniel.Le s\u00e9ducteur, qui se fait passer pour un membre de la royaut\u00e9, propose alors \u00e0 cette derni\u00e8re de devenir sa compagne d\u2019aventures. Ensemble, tels les huit coups de l\u2019horloge qui retentissent lors de leur premi\u00e8re rencontre, Lupin et Hortense [&hellip;]<\/p>\n","protected":false},"featured_media":63929,"template":"","meta":{"wds_primary_product_brand":0,"wds_primary_product_cat":0,"wds_primary_maison_dedition":0},"product_brand":[],"product_cat":[542],"product_tag":[],"maison_dedition":[541],"class_list":{"0":"post-63926","1":"product","2":"type-product","3":"status-publish","4":"has-post-thumbnail","6":"product_cat-roman","7":"pa_auteur-maurice-leblanc","8":"maison_dedition-les-editions-coup-doeil","10":"first","11":"instock","12":"taxable","13":"shipping-taxable","14":"purchasable","15":"product-type-variable"},"bundled_by":[],"bundle_stock_status":"instock","bundle_stock_quantity":null,"bundle_virtual":false,"bundle_layout":"","bundle_add_to_cart_form_location":"","bundle_editable_in_cart":false,"bundle_sold_individually_context":"","bundle_item_grouping":"","bundle_min_size":"","bundle_max_size":"","bundle_price":[],"bundled_items":[],"bundle_sell_ids":[],"acf":[],"_links":{"self":[{"href":"https:\/\/goelette.ca\/en\/wp-json\/wp\/v2\/product\/63926","targetHints":{"allow":["GET"]}}],"collection":[{"href":"https:\/\/goelette.ca\/en\/wp-json\/wp\/v2\/product"}],"about":[{"href":"https:\/\/goelette.ca\/en\/wp-json\/wp\/v2\/types\/product"}],"wp:featuredmedia":[{"embeddable":true,"href":"https:\/\/goelette.ca\/en\/wp-json\/wp\/v2\/media\/63929"}],"wp:attachment":[{"href":"https:\/\/goelette.ca\/en\/wp-json\/wp\/v2\/media?parent=63926"}],"wp:term":[{"taxonomy":"product_brand","embeddable":true,"href":"https:\/\/goelette.ca\/en\/wp-json\/wp\/v2\/product_brand?post=63926"},{"taxonomy":"product_cat","embeddable":true,"href":"https:\/\/goelette.ca\/en\/wp-json\/wp\/v2\/product_cat?post=63926"},{"taxonomy":"product_tag","embeddable":true,"href":"https:\/\/goelette.ca\/en\/wp-json\/wp\/v2\/product_tag?post=63926"},{"taxonomy":"maison_dedition","embeddable":true,"href":"https:\/\/goelette.ca\/en\/wp-json\/wp\/v2\/maison_dedition?post=63926"}],"curies":[{"name":"wp","href":"https:\/\/api.w.org\/{rel}","templated":true}]}}