{"id":63921,"date":"2023-09-21T11:19:09","date_gmt":"2023-09-21T15:19:09","guid":{"rendered":"https:\/\/www.goelette.ca\/?post_type=product&#038;p=63921"},"modified":"2024-06-05T15:32:49","modified_gmt":"2024-06-05T19:32:49","slug":"arsene-lupin-la-demoiselle-aux-yeux-verts","status":"publish","type":"product","link":"https:\/\/goelette.ca\/en\/tous-les-livres\/arsene-lupin-la-demoiselle-aux-yeux-verts\/","title":{"rendered":"Ars\u00e8ne Lupin &#8211; La demoiselle aux yeux verts"},"content":{"rendered":"<p>Ars\u00e8ne Lupin, sous le nom de Raoul de Lim\u00e9sy, prend en filature un homme qui suit lui-m\u00eame une jeune Anglaise aux cheveux blonds et aux yeux bleus. Ceux-ci le m\u00e8nent par hasard \u00e0 une intrigante demoiselle aux yeux verts, dont Lupin tombe follement amoureux. Quand l\u2019Anglaise est attaqu\u00e9e durant la nuit, la femme aux yeux verts se trouve aussit\u00f4t accus\u00e9e de ce meurtre. Lupin d\u00e9cide alors de lui venir en aide et de la prot\u00e9ger des dangers qui la guettent, car il est convaincu de son innocence. Lupin, entra\u00een\u00e9 dans de multiples p\u00e9rip\u00e9ties, pourra-t-il r\u00e9ussir \u00e0 trouver la prodigieuse fontaine de Jouvence? Gagnera-t-il le c\u0153ur de la demoiselle aux yeux verts? Poursuites, pi\u00e8ges, amour et tr\u00e9sor cach\u00e9: retrouvons le c\u00e9l\u00e8bre gentleman-cambrioleur dans une nouvelle aventure remplie de myst\u00e8re.<\/p>\n<p><strong>LE H\u00c9ROS AYANT INSPIR\u00c9 LA RETENTISSANTE S\u00c9RIE NETFLIX ! <\/strong><br \/>\nMaurice Leblanc, n\u00e9 en 1864 et mort en 1941, est un romancier fran\u00e7ais qui a fait sa renomm\u00e9e avec les aventures d\u2019Ars\u00e8ne Lupin.<\/p>\n","protected":false},"excerpt":{"rendered":"<p>Ars\u00e8ne Lupin, sous le nom de Raoul de Lim\u00e9sy, prend en filature un homme qui suit lui-m\u00eame une jeune Anglaise aux cheveux blonds et aux yeux bleus. Ceux-ci le m\u00e8nent par hasard \u00e0 une intrigante demoiselle aux yeux verts, dont Lupin tombe follement amoureux. Quand l\u2019Anglaise est attaqu\u00e9e durant la nuit, la femme aux yeux [&hellip;]<\/p>\n","protected":false},"featured_media":63924,"template":"","meta":{"wds_primary_product_brand":0,"wds_primary_product_cat":0,"wds_primary_maison_dedition":0},"product_brand":[],"product_cat":[542],"product_tag":[],"maison_dedition":[541],"class_list":{"0":"post-63921","1":"product","2":"type-product","3":"status-publish","4":"has-post-thumbnail","6":"product_cat-roman","7":"pa_auteur-maurice-leblanc","8":"maison_dedition-les-editions-coup-doeil","10":"first","11":"instock","12":"taxable","13":"shipping-taxable","14":"purchasable","15":"product-type-variable"},"bundled_by":[],"bundle_stock_status":"instock","bundle_stock_quantity":null,"bundle_virtual":false,"bundle_layout":"","bundle_add_to_cart_form_location":"","bundle_editable_in_cart":false,"bundle_sold_individually_context":"","bundle_item_grouping":"","bundle_min_size":"","bundle_max_size":"","bundle_price":[],"bundled_items":[],"bundle_sell_ids":[],"acf":[],"_links":{"self":[{"href":"https:\/\/goelette.ca\/en\/wp-json\/wp\/v2\/product\/63921","targetHints":{"allow":["GET"]}}],"collection":[{"href":"https:\/\/goelette.ca\/en\/wp-json\/wp\/v2\/product"}],"about":[{"href":"https:\/\/goelette.ca\/en\/wp-json\/wp\/v2\/types\/product"}],"wp:featuredmedia":[{"embeddable":true,"href":"https:\/\/goelette.ca\/en\/wp-json\/wp\/v2\/media\/63924"}],"wp:attachment":[{"href":"https:\/\/goelette.ca\/en\/wp-json\/wp\/v2\/media?parent=63921"}],"wp:term":[{"taxonomy":"product_brand","embeddable":true,"href":"https:\/\/goelette.ca\/en\/wp-json\/wp\/v2\/product_brand?post=63921"},{"taxonomy":"product_cat","embeddable":true,"href":"https:\/\/goelette.ca\/en\/wp-json\/wp\/v2\/product_cat?post=63921"},{"taxonomy":"product_tag","embeddable":true,"href":"https:\/\/goelette.ca\/en\/wp-json\/wp\/v2\/product_tag?post=63921"},{"taxonomy":"maison_dedition","embeddable":true,"href":"https:\/\/goelette.ca\/en\/wp-json\/wp\/v2\/maison_dedition?post=63921"}],"curies":[{"name":"wp","href":"https:\/\/api.w.org\/{rel}","templated":true}]}}