{"id":60410,"date":"2023-09-14T09:39:39","date_gmt":"2023-09-14T13:39:39","guid":{"rendered":"https:\/\/www.goelette.ca\/?post_type=product&#038;p=60410"},"modified":"2023-11-01T07:58:36","modified_gmt":"2023-11-01T11:58:36","slug":"le-monstre-qui-donne-des-bonbons","status":"publish","type":"product","link":"https:\/\/goelette.ca\/en\/tous-les-livres\/le-monstre-qui-donne-des-bonbons\/","title":{"rendered":"Le monstre qui donne des bonbons"},"content":{"rendered":"<p>Bouille est un monstre g\u00e9n\u00e9reux. Chaque ann\u00e9e, il pr\u00e9pare des sacs de friandises pour les enfants. Que met-il dedans\u2009? Ses bonbons pr\u00e9f\u00e9r\u00e9s, \u00e9videmment\u2009!<\/p>\n","protected":false},"excerpt":{"rendered":"<p>Bouille est un monstre g\u00e9n\u00e9reux. Chaque ann\u00e9e, il pr\u00e9pare des sacs de friandises pour les enfants. Que met-il dedans\u2009? Ses bonbons pr\u00e9f\u00e9r\u00e9s, \u00e9videmment\u2009!<\/p>\n","protected":false},"featured_media":60412,"template":"","meta":{"wds_primary_product_brand":0,"wds_primary_product_cat":0,"wds_primary_maison_dedition":0},"product_brand":[],"product_cat":[540,560,578,538],"product_tag":[],"maison_dedition":[630],"class_list":{"0":"post-60410","1":"product","2":"type-product","3":"status-publish","4":"has-post-thumbnail","6":"product_cat-0-2-ans","7":"product_cat-3-5-ans","8":"product_cat-albums-illustres","9":"product_cat-jeunesse","10":"pa_auteur-marilou-charpentier","11":"maison_dedition-les-editions-goelette","13":"first","14":"instock","15":"taxable","16":"shipping-taxable","17":"purchasable","18":"product-type-variable"},"bundled_by":[],"bundle_stock_status":"instock","bundle_stock_quantity":null,"bundle_virtual":false,"bundle_layout":"","bundle_add_to_cart_form_location":"","bundle_editable_in_cart":false,"bundle_sold_individually_context":"","bundle_item_grouping":"","bundle_min_size":"","bundle_max_size":"","bundle_price":[],"bundled_items":[],"bundle_sell_ids":[],"acf":[],"_links":{"self":[{"href":"https:\/\/goelette.ca\/en\/wp-json\/wp\/v2\/product\/60410","targetHints":{"allow":["GET"]}}],"collection":[{"href":"https:\/\/goelette.ca\/en\/wp-json\/wp\/v2\/product"}],"about":[{"href":"https:\/\/goelette.ca\/en\/wp-json\/wp\/v2\/types\/product"}],"wp:featuredmedia":[{"embeddable":true,"href":"https:\/\/goelette.ca\/en\/wp-json\/wp\/v2\/media\/60412"}],"wp:attachment":[{"href":"https:\/\/goelette.ca\/en\/wp-json\/wp\/v2\/media?parent=60410"}],"wp:term":[{"taxonomy":"product_brand","embeddable":true,"href":"https:\/\/goelette.ca\/en\/wp-json\/wp\/v2\/product_brand?post=60410"},{"taxonomy":"product_cat","embeddable":true,"href":"https:\/\/goelette.ca\/en\/wp-json\/wp\/v2\/product_cat?post=60410"},{"taxonomy":"product_tag","embeddable":true,"href":"https:\/\/goelette.ca\/en\/wp-json\/wp\/v2\/product_tag?post=60410"},{"taxonomy":"maison_dedition","embeddable":true,"href":"https:\/\/goelette.ca\/en\/wp-json\/wp\/v2\/maison_dedition?post=60410"}],"curies":[{"name":"wp","href":"https:\/\/api.w.org\/{rel}","templated":true}]}}