{"id":59389,"date":"2023-09-11T15:05:07","date_gmt":"2023-09-11T19:05:07","guid":{"rendered":"https:\/\/www.goelette.ca\/?post_type=product&#038;p=59389"},"modified":"2025-05-15T13:42:33","modified_gmt":"2025-05-15T17:42:33","slug":"et-si-on-jouait-au-hockey-2","status":"publish","type":"product","link":"https:\/\/goelette.ca\/en\/tous-les-livres\/et-si-on-jouait-au-hockey-2\/","title":{"rendered":"Et si on jouait au hockey ?"},"content":{"rendered":"<p>Major le castor et ses amis s\u2019ennuient. Voil\u00e0 l\u2019occasion d\u2019organiser une partie de hockey ! Mais les animaux r\u00e9ussiront\u2011ils \u00e0 r\u00e9unir tous les joueurs n\u00e9cessaires ? Cela d\u00e9pendra de Lafleur le raton laveur. Celui-ci ne se trouve pas tr\u00e8s dou\u00e9. Heureusement, Major sait comment motiver ses copains et leur faire vivre un match exceptionnel ! Avec cette histoire attachante, abordez le th\u00e8me du hockey avec votre enfant et profitez d\u2019une page sp\u00e9ciale \u00e0 la fin du livre pour discuter avec lui<\/p>\n<p>\u00c9crit par Catherine C\u00f4t\u00e9, Illustr\u00e9 par Julie Michaud<\/p>\n","protected":false},"excerpt":{"rendered":"<p>Major le castor et ses amis s\u2019ennuient. Voil\u00e0 l\u2019occasion d\u2019organiser une partie de hockey ! Mais les animaux r\u00e9ussiront\u2011ils \u00e0 r\u00e9unir tous les joueurs n\u00e9cessaires ? Cela d\u00e9pendra de Lafleur le raton laveur. Celui-ci ne se trouve pas tr\u00e8s dou\u00e9. Heureusement, Major sait comment motiver ses copains et leur faire vivre un match exceptionnel ! [&hellip;]<\/p>\n","protected":false},"featured_media":59392,"template":"","meta":{"wds_primary_product_brand":0,"wds_primary_product_cat":0,"wds_primary_maison_dedition":0},"product_brand":[],"product_cat":[560,578,538],"product_tag":[],"maison_dedition":[541,584],"class_list":{"0":"post-59389","1":"product","2":"type-product","3":"status-publish","4":"has-post-thumbnail","6":"product_cat-3-5-ans","7":"product_cat-albums-illustres","8":"product_cat-jeunesse","9":"pa_auteur-catherine-cote","10":"pa_illustrateur-julie-michaud","11":"maison_dedition-les-editions-coup-doeil","12":"maison_dedition-petites-lectures","14":"first","15":"instock","16":"taxable","17":"shipping-taxable","18":"purchasable","19":"product-type-variable","20":"has-default-attributes"},"bundled_by":[],"bundle_stock_status":"instock","bundle_stock_quantity":null,"bundle_virtual":false,"bundle_layout":"","bundle_add_to_cart_form_location":"","bundle_editable_in_cart":false,"bundle_sold_individually_context":"","bundle_item_grouping":"","bundle_min_size":"","bundle_max_size":"","bundle_price":[],"bundled_items":[],"bundle_sell_ids":[],"acf":[],"_links":{"self":[{"href":"https:\/\/goelette.ca\/en\/wp-json\/wp\/v2\/product\/59389","targetHints":{"allow":["GET"]}}],"collection":[{"href":"https:\/\/goelette.ca\/en\/wp-json\/wp\/v2\/product"}],"about":[{"href":"https:\/\/goelette.ca\/en\/wp-json\/wp\/v2\/types\/product"}],"wp:featuredmedia":[{"embeddable":true,"href":"https:\/\/goelette.ca\/en\/wp-json\/wp\/v2\/media\/59392"}],"wp:attachment":[{"href":"https:\/\/goelette.ca\/en\/wp-json\/wp\/v2\/media?parent=59389"}],"wp:term":[{"taxonomy":"product_brand","embeddable":true,"href":"https:\/\/goelette.ca\/en\/wp-json\/wp\/v2\/product_brand?post=59389"},{"taxonomy":"product_cat","embeddable":true,"href":"https:\/\/goelette.ca\/en\/wp-json\/wp\/v2\/product_cat?post=59389"},{"taxonomy":"product_tag","embeddable":true,"href":"https:\/\/goelette.ca\/en\/wp-json\/wp\/v2\/product_tag?post=59389"},{"taxonomy":"maison_dedition","embeddable":true,"href":"https:\/\/goelette.ca\/en\/wp-json\/wp\/v2\/maison_dedition?post=59389"}],"curies":[{"name":"wp","href":"https:\/\/api.w.org\/{rel}","templated":true}]}}