{"id":59380,"date":"2023-09-11T14:35:31","date_gmt":"2023-09-11T18:35:31","guid":{"rendered":"https:\/\/www.goelette.ca\/?post_type=product&#038;p=59380"},"modified":"2025-05-15T13:35:51","modified_gmt":"2025-05-15T17:35:51","slug":"panique-chocolatee-3","status":"publish","type":"product","link":"https:\/\/goelette.ca\/en\/tous-les-livres\/panique-chocolatee-3\/","title":{"rendered":"Panique chocolat\u00e9e"},"content":{"rendered":"<p>Coco le lapin et son ami le p\u00e8re No\u00ebl sont tout heureux de pr\u00e9parer la f\u00eate de P\u00e2ques. Mais leur joie se transforme en panique quand ils remarquent que la r\u00e9serve de chocolat est vide. Comment r\u00e9ussiront-ils \u00e0 r\u00e9gler ce probl\u00e8me ? Par chance, le p\u00e8re No\u00ebl a plus d\u2019un tour dans son sac !<\/p>\n<p>\u00c9crit par Maude-Iris Hamelin-Ouellette, Illustr\u00e9 par Ga\u00eblle Picard<\/p>\n","protected":false},"excerpt":{"rendered":"<p>Coco le lapin et son ami le p\u00e8re No\u00ebl sont tout heureux de pr\u00e9parer la f\u00eate de P\u00e2ques. Mais leur joie se transforme en panique quand ils remarquent que la r\u00e9serve de chocolat est vide. Comment r\u00e9ussiront-ils \u00e0 r\u00e9gler ce probl\u00e8me ? Par chance, le p\u00e8re No\u00ebl a plus d\u2019un tour dans son sac ! [&hellip;]<\/p>\n","protected":false},"featured_media":59382,"template":"","meta":{"wds_primary_product_brand":0,"wds_primary_product_cat":0,"wds_primary_maison_dedition":0},"product_brand":[],"product_cat":[560,578,538],"product_tag":[],"maison_dedition":[541,584],"class_list":{"0":"post-59380","1":"product","2":"type-product","3":"status-publish","4":"has-post-thumbnail","6":"product_cat-3-5-ans","7":"product_cat-albums-illustres","8":"product_cat-jeunesse","9":"pa_auteur-maude-iris-hamelin-ouellette","10":"pa_illustrateur-gaelle-picard","11":"maison_dedition-les-editions-coup-doeil","12":"maison_dedition-petites-lectures","14":"first","15":"instock","16":"taxable","17":"shipping-taxable","18":"purchasable","19":"product-type-variable","20":"has-default-attributes"},"bundled_by":[],"bundle_stock_status":"instock","bundle_stock_quantity":null,"bundle_virtual":false,"bundle_layout":"","bundle_add_to_cart_form_location":"","bundle_editable_in_cart":false,"bundle_sold_individually_context":"","bundle_item_grouping":"","bundle_min_size":"","bundle_max_size":"","bundle_price":[],"bundled_items":[],"bundle_sell_ids":[],"acf":[],"_links":{"self":[{"href":"https:\/\/goelette.ca\/en\/wp-json\/wp\/v2\/product\/59380","targetHints":{"allow":["GET"]}}],"collection":[{"href":"https:\/\/goelette.ca\/en\/wp-json\/wp\/v2\/product"}],"about":[{"href":"https:\/\/goelette.ca\/en\/wp-json\/wp\/v2\/types\/product"}],"wp:featuredmedia":[{"embeddable":true,"href":"https:\/\/goelette.ca\/en\/wp-json\/wp\/v2\/media\/59382"}],"wp:attachment":[{"href":"https:\/\/goelette.ca\/en\/wp-json\/wp\/v2\/media?parent=59380"}],"wp:term":[{"taxonomy":"product_brand","embeddable":true,"href":"https:\/\/goelette.ca\/en\/wp-json\/wp\/v2\/product_brand?post=59380"},{"taxonomy":"product_cat","embeddable":true,"href":"https:\/\/goelette.ca\/en\/wp-json\/wp\/v2\/product_cat?post=59380"},{"taxonomy":"product_tag","embeddable":true,"href":"https:\/\/goelette.ca\/en\/wp-json\/wp\/v2\/product_tag?post=59380"},{"taxonomy":"maison_dedition","embeddable":true,"href":"https:\/\/goelette.ca\/en\/wp-json\/wp\/v2\/maison_dedition?post=59380"}],"curies":[{"name":"wp","href":"https:\/\/api.w.org\/{rel}","templated":true}]}}