{"id":59374,"date":"2023-09-11T14:23:17","date_gmt":"2023-09-11T18:23:17","guid":{"rendered":"https:\/\/www.goelette.ca\/?post_type=product&#038;p=59374"},"modified":"2025-05-15T13:27:10","modified_gmt":"2025-05-15T17:27:10","slug":"tempete-emotions","status":"publish","type":"product","link":"https:\/\/goelette.ca\/en\/tous-les-livres\/tempete-emotions\/","title":{"rendered":"Temp\u00eate d\u2019\u00e9motions"},"content":{"rendered":"<p>Olivier et Violette sont les meilleurs amis du monde. Mais aujourd\u2019hui, c\u2019est diff\u00e9rent. Une chicane \u00e9clate entre eux, et Olivier s\u2019enfuit. Alors qu\u2019il vole \u00e0 travers la jungle, il croise divers animaux qui l\u2019inspirent beaucoup. Lequel d\u2019entre eux d\u00e9tient le secret pour r\u00e9soudre toutes les disputes? Avec cette adorable histoire, faites r\u00e9fl\u00e9chir l\u2019enfant sur les conflits et poursuivez avec lui la discussion gr\u00e2ce \u00e0 une page sp\u00e9ciale \u00e0 la fin de l\u2019album.<\/p>\n<p>&nbsp;<\/p>\n<p>\u00c9crit par Fr\u00e9d\u00e9rique Gosselin Illustr\u00e9 par Vayounette<\/p>\n","protected":false},"excerpt":{"rendered":"<p>Olivier et Violette sont les meilleurs amis du monde. Mais aujourd\u2019hui, c\u2019est diff\u00e9rent. Une chicane \u00e9clate entre eux, et Olivier s\u2019enfuit. Alors qu\u2019il vole \u00e0 travers la jungle, il croise divers animaux qui l\u2019inspirent beaucoup. Lequel d\u2019entre eux d\u00e9tient le secret pour r\u00e9soudre toutes les disputes? Avec cette adorable histoire, faites r\u00e9fl\u00e9chir l\u2019enfant sur les [&hellip;]<\/p>\n","protected":false},"featured_media":59376,"template":"","meta":{"wds_primary_product_brand":0,"wds_primary_product_cat":0,"wds_primary_maison_dedition":0},"product_brand":[],"product_cat":[560,578,538],"product_tag":[],"maison_dedition":[541,584],"class_list":{"0":"post-59374","1":"product","2":"type-product","3":"status-publish","4":"has-post-thumbnail","6":"product_cat-3-5-ans","7":"product_cat-albums-illustres","8":"product_cat-jeunesse","9":"pa_auteur-frederique-gosselin","10":"pa_illustrateur-vayounette","11":"maison_dedition-les-editions-coup-doeil","12":"maison_dedition-petites-lectures","14":"first","15":"instock","16":"taxable","17":"shipping-taxable","18":"purchasable","19":"product-type-variable","20":"has-default-attributes"},"bundled_by":[],"bundle_stock_status":"instock","bundle_stock_quantity":null,"bundle_virtual":false,"bundle_layout":"","bundle_add_to_cart_form_location":"","bundle_editable_in_cart":false,"bundle_sold_individually_context":"","bundle_item_grouping":"","bundle_min_size":"","bundle_max_size":"","bundle_price":[],"bundled_items":[],"bundle_sell_ids":[],"acf":[],"_links":{"self":[{"href":"https:\/\/goelette.ca\/en\/wp-json\/wp\/v2\/product\/59374","targetHints":{"allow":["GET"]}}],"collection":[{"href":"https:\/\/goelette.ca\/en\/wp-json\/wp\/v2\/product"}],"about":[{"href":"https:\/\/goelette.ca\/en\/wp-json\/wp\/v2\/types\/product"}],"wp:featuredmedia":[{"embeddable":true,"href":"https:\/\/goelette.ca\/en\/wp-json\/wp\/v2\/media\/59376"}],"wp:attachment":[{"href":"https:\/\/goelette.ca\/en\/wp-json\/wp\/v2\/media?parent=59374"}],"wp:term":[{"taxonomy":"product_brand","embeddable":true,"href":"https:\/\/goelette.ca\/en\/wp-json\/wp\/v2\/product_brand?post=59374"},{"taxonomy":"product_cat","embeddable":true,"href":"https:\/\/goelette.ca\/en\/wp-json\/wp\/v2\/product_cat?post=59374"},{"taxonomy":"product_tag","embeddable":true,"href":"https:\/\/goelette.ca\/en\/wp-json\/wp\/v2\/product_tag?post=59374"},{"taxonomy":"maison_dedition","embeddable":true,"href":"https:\/\/goelette.ca\/en\/wp-json\/wp\/v2\/maison_dedition?post=59374"}],"curies":[{"name":"wp","href":"https:\/\/api.w.org\/{rel}","templated":true}]}}