{"id":59370,"date":"2023-09-11T14:10:43","date_gmt":"2023-09-11T18:10:43","guid":{"rendered":"https:\/\/www.goelette.ca\/?post_type=product&#038;p=59370"},"modified":"2025-05-15T13:49:27","modified_gmt":"2025-05-15T17:49:27","slug":"tadam","status":"publish","type":"product","link":"https:\/\/goelette.ca\/en\/tous-les-livres\/tadam\/","title":{"rendered":"Tadam !"},"content":{"rendered":"<p>Florence a beaucoup de succ\u00e8s avec son spectacle de magie. C\u2019est parce qu\u2019elle conna\u00eet chaque tour par c\u0153ur. Elle les a r\u00e9p\u00e9t\u00e9s cent fois ! Mais un jour, une nouvelle magicienne arrive et lui vole la vedette. Comment Florence parviendra-t-elle \u00e0 retrouver l\u2019int\u00e9r\u00eat du public ?<\/p>\n<p>Avec cette adorable histoire, faites r\u00e9fl\u00e9chir l\u2019enfant sur la peur de la nouveaut\u00e9 et poursuivez avec lui la discussion gr\u00e2ce \u00e0 une page sp\u00e9ciale \u00e0 la fin de l\u2019album<\/p>\n<p>\u00c9crit par Marie-Fr\u00e9d\u00e9rique Poirier Illustr\u00e9 par Maria-Sole Macchia<\/p>\n","protected":false},"excerpt":{"rendered":"<p>Florence a beaucoup de succ\u00e8s avec son spectacle de magie. C\u2019est parce qu\u2019elle conna\u00eet chaque tour par c\u0153ur. Elle les a r\u00e9p\u00e9t\u00e9s cent fois ! Mais un jour, une nouvelle magicienne arrive et lui vole la vedette. Comment Florence parviendra-t-elle \u00e0 retrouver l\u2019int\u00e9r\u00eat du public ? Avec cette adorable histoire, faites r\u00e9fl\u00e9chir l\u2019enfant sur la [&hellip;]<\/p>\n","protected":false},"featured_media":59372,"template":"","meta":{"wds_primary_product_brand":0,"wds_primary_product_cat":0,"wds_primary_maison_dedition":0},"product_brand":[],"product_cat":[560,578,538],"product_tag":[],"maison_dedition":[541,584],"class_list":{"0":"post-59370","1":"product","2":"type-product","3":"status-publish","4":"has-post-thumbnail","6":"product_cat-3-5-ans","7":"product_cat-albums-illustres","8":"product_cat-jeunesse","9":"pa_auteur-marie-frederique-poirier","10":"pa_illustrateur-maria-sole-macchia","11":"maison_dedition-les-editions-coup-doeil","12":"maison_dedition-petites-lectures","14":"first","15":"instock","16":"taxable","17":"shipping-taxable","18":"purchasable","19":"product-type-variable","20":"has-default-attributes"},"bundled_by":[],"bundle_stock_status":"instock","bundle_stock_quantity":null,"bundle_virtual":false,"bundle_layout":"","bundle_add_to_cart_form_location":"","bundle_editable_in_cart":false,"bundle_sold_individually_context":"","bundle_item_grouping":"","bundle_min_size":"","bundle_max_size":"","bundle_price":[],"bundled_items":[],"bundle_sell_ids":[],"acf":[],"_links":{"self":[{"href":"https:\/\/goelette.ca\/en\/wp-json\/wp\/v2\/product\/59370","targetHints":{"allow":["GET"]}}],"collection":[{"href":"https:\/\/goelette.ca\/en\/wp-json\/wp\/v2\/product"}],"about":[{"href":"https:\/\/goelette.ca\/en\/wp-json\/wp\/v2\/types\/product"}],"wp:featuredmedia":[{"embeddable":true,"href":"https:\/\/goelette.ca\/en\/wp-json\/wp\/v2\/media\/59372"}],"wp:attachment":[{"href":"https:\/\/goelette.ca\/en\/wp-json\/wp\/v2\/media?parent=59370"}],"wp:term":[{"taxonomy":"product_brand","embeddable":true,"href":"https:\/\/goelette.ca\/en\/wp-json\/wp\/v2\/product_brand?post=59370"},{"taxonomy":"product_cat","embeddable":true,"href":"https:\/\/goelette.ca\/en\/wp-json\/wp\/v2\/product_cat?post=59370"},{"taxonomy":"product_tag","embeddable":true,"href":"https:\/\/goelette.ca\/en\/wp-json\/wp\/v2\/product_tag?post=59370"},{"taxonomy":"maison_dedition","embeddable":true,"href":"https:\/\/goelette.ca\/en\/wp-json\/wp\/v2\/maison_dedition?post=59370"}],"curies":[{"name":"wp","href":"https:\/\/api.w.org\/{rel}","templated":true}]}}