{"id":59364,"date":"2023-09-11T14:00:13","date_gmt":"2023-09-11T18:00:13","guid":{"rendered":"https:\/\/www.goelette.ca\/?post_type=product&#038;p=59364"},"modified":"2025-05-15T14:03:27","modified_gmt":"2025-05-15T18:03:27","slug":"roaarr-je-suis-capable","status":"publish","type":"product","link":"https:\/\/goelette.ca\/en\/tous-les-livres\/roaarr-je-suis-capable\/","title":{"rendered":"Roaarr, je suis capable!"},"content":{"rendered":"<p>Tim\u00e9o Tigre est grand maintenant! Il peut faire une foule de choses par lui-m\u00eame, telles que s\u2019habiller ou nourrir le poisson-chat. Mais Tim\u00e9o a besoin d\u2019un peu d\u2019aide parfois. C\u2019est avec son papa qu\u2019il apprendra \u00e0 nettoyer l\u2019un de ses petits d\u00e9g\u00e2ts.<\/p>\n<p>Avec cette adorable histoire, faites r\u00e9fl\u00e9chir l\u2019enfant sur l\u2019autonomie et poursuivez avec lui la discussion gr\u00e2ce \u00e0 une page sp\u00e9ciale \u00e0 la fin de l\u2019album<\/p>\n<p>\u00c9crit par Marie-Fr\u00e9d\u00e9rique Poirier Illustr\u00e9 par Angela Sbandelli<\/p>\n","protected":false},"excerpt":{"rendered":"<p>Tim\u00e9o Tigre est grand maintenant! Il peut faire une foule de choses par lui-m\u00eame, telles que s\u2019habiller ou nourrir le poisson-chat. Mais Tim\u00e9o a besoin d\u2019un peu d\u2019aide parfois. C\u2019est avec son papa qu\u2019il apprendra \u00e0 nettoyer l\u2019un de ses petits d\u00e9g\u00e2ts. Avec cette adorable histoire, faites r\u00e9fl\u00e9chir l\u2019enfant sur l\u2019autonomie et poursuivez avec lui [&hellip;]<\/p>\n","protected":false},"featured_media":59367,"template":"","meta":{"wds_primary_product_brand":0,"wds_primary_product_cat":0,"wds_primary_maison_dedition":0},"product_brand":[],"product_cat":[560,578,538],"product_tag":[],"maison_dedition":[541,584],"class_list":{"0":"post-59364","1":"product","2":"type-product","3":"status-publish","4":"has-post-thumbnail","6":"product_cat-3-5-ans","7":"product_cat-albums-illustres","8":"product_cat-jeunesse","9":"pa_auteur-marie-frederique-poirier","10":"pa_illustrateur-angela-sbandelli","11":"maison_dedition-les-editions-coup-doeil","12":"maison_dedition-petites-lectures","14":"first","15":"instock","16":"taxable","17":"shipping-taxable","18":"purchasable","19":"product-type-variable","20":"has-default-attributes"},"bundled_by":[],"bundle_stock_status":"instock","bundle_stock_quantity":null,"bundle_virtual":false,"bundle_layout":"","bundle_add_to_cart_form_location":"","bundle_editable_in_cart":false,"bundle_sold_individually_context":"","bundle_item_grouping":"","bundle_min_size":"","bundle_max_size":"","bundle_price":[],"bundled_items":[],"bundle_sell_ids":[],"acf":[],"_links":{"self":[{"href":"https:\/\/goelette.ca\/en\/wp-json\/wp\/v2\/product\/59364","targetHints":{"allow":["GET"]}}],"collection":[{"href":"https:\/\/goelette.ca\/en\/wp-json\/wp\/v2\/product"}],"about":[{"href":"https:\/\/goelette.ca\/en\/wp-json\/wp\/v2\/types\/product"}],"wp:featuredmedia":[{"embeddable":true,"href":"https:\/\/goelette.ca\/en\/wp-json\/wp\/v2\/media\/59367"}],"wp:attachment":[{"href":"https:\/\/goelette.ca\/en\/wp-json\/wp\/v2\/media?parent=59364"}],"wp:term":[{"taxonomy":"product_brand","embeddable":true,"href":"https:\/\/goelette.ca\/en\/wp-json\/wp\/v2\/product_brand?post=59364"},{"taxonomy":"product_cat","embeddable":true,"href":"https:\/\/goelette.ca\/en\/wp-json\/wp\/v2\/product_cat?post=59364"},{"taxonomy":"product_tag","embeddable":true,"href":"https:\/\/goelette.ca\/en\/wp-json\/wp\/v2\/product_tag?post=59364"},{"taxonomy":"maison_dedition","embeddable":true,"href":"https:\/\/goelette.ca\/en\/wp-json\/wp\/v2\/maison_dedition?post=59364"}],"curies":[{"name":"wp","href":"https:\/\/api.w.org\/{rel}","templated":true}]}}