{"id":59356,"date":"2023-09-11T13:30:57","date_gmt":"2023-09-11T17:30:57","guid":{"rendered":"https:\/\/www.goelette.ca\/?post_type=product&#038;p=59356"},"modified":"2025-05-15T13:41:04","modified_gmt":"2025-05-15T17:41:04","slug":"les-mensonges-deli","status":"publish","type":"product","link":"https:\/\/goelette.ca\/en\/tous-les-livres\/les-mensonges-deli\/","title":{"rendered":"Les mensonges d&#8217;\u00c9li"},"content":{"rendered":"<p>Un chien mauve ! Des c\u00e9r\u00e9ales \u00e0 tous les repas ! \u00c9li est pr\u00eat \u00e0 inventer n&#8217;importe quoi pour gagner l&#8217;admiration de ses amis. Que se passera-t-il cependant lorsque le pot aux roses sera d\u00e9voil\u00e9 ? Comment la petite bande r\u00e9agira-t-elle ?<\/p>\n<p>Avec cette adorable histoire, faites r\u00e9fl\u00e9chir l&#8217;enfant sur les mensonges et poursuivez avec lui la discussion gr\u00e2ce \u00e0 une page sp\u00e9ciale \u00e0 la fin de l&#8217;album.<\/p>\n<p>&nbsp;<\/p>\n<p>\u00c9crit par Coralie Chapais-Roy, Illustr\u00e9 par Elena Aiello<\/p>\n","protected":false},"excerpt":{"rendered":"<p>Un chien mauve ! Des c\u00e9r\u00e9ales \u00e0 tous les repas ! \u00c9li est pr\u00eat \u00e0 inventer n&#8217;importe quoi pour gagner l&#8217;admiration de ses amis. Que se passera-t-il cependant lorsque le pot aux roses sera d\u00e9voil\u00e9 ? Comment la petite bande r\u00e9agira-t-elle ? Avec cette adorable histoire, faites r\u00e9fl\u00e9chir l&#8217;enfant sur les mensonges et poursuivez avec [&hellip;]<\/p>\n","protected":false},"featured_media":59360,"template":"","meta":{"wds_primary_product_brand":0,"wds_primary_product_cat":0,"wds_primary_maison_dedition":0},"product_brand":[],"product_cat":[560,578,538],"product_tag":[],"maison_dedition":[541,584],"class_list":{"0":"post-59356","1":"product","2":"type-product","3":"status-publish","4":"has-post-thumbnail","6":"product_cat-3-5-ans","7":"product_cat-albums-illustres","8":"product_cat-jeunesse","9":"pa_auteur-coralie-chapais-roy","10":"pa_illustrateur-elena-aiello","11":"maison_dedition-les-editions-coup-doeil","12":"maison_dedition-petites-lectures","14":"first","15":"instock","16":"taxable","17":"shipping-taxable","18":"purchasable","19":"product-type-variable","20":"has-default-attributes"},"bundled_by":[],"bundle_stock_status":"instock","bundle_stock_quantity":null,"bundle_virtual":false,"bundle_layout":"","bundle_add_to_cart_form_location":"","bundle_editable_in_cart":false,"bundle_sold_individually_context":"","bundle_item_grouping":"","bundle_min_size":"","bundle_max_size":"","bundle_price":[],"bundled_items":[],"bundle_sell_ids":[],"acf":[],"_links":{"self":[{"href":"https:\/\/goelette.ca\/en\/wp-json\/wp\/v2\/product\/59356","targetHints":{"allow":["GET"]}}],"collection":[{"href":"https:\/\/goelette.ca\/en\/wp-json\/wp\/v2\/product"}],"about":[{"href":"https:\/\/goelette.ca\/en\/wp-json\/wp\/v2\/types\/product"}],"wp:featuredmedia":[{"embeddable":true,"href":"https:\/\/goelette.ca\/en\/wp-json\/wp\/v2\/media\/59360"}],"wp:attachment":[{"href":"https:\/\/goelette.ca\/en\/wp-json\/wp\/v2\/media?parent=59356"}],"wp:term":[{"taxonomy":"product_brand","embeddable":true,"href":"https:\/\/goelette.ca\/en\/wp-json\/wp\/v2\/product_brand?post=59356"},{"taxonomy":"product_cat","embeddable":true,"href":"https:\/\/goelette.ca\/en\/wp-json\/wp\/v2\/product_cat?post=59356"},{"taxonomy":"product_tag","embeddable":true,"href":"https:\/\/goelette.ca\/en\/wp-json\/wp\/v2\/product_tag?post=59356"},{"taxonomy":"maison_dedition","embeddable":true,"href":"https:\/\/goelette.ca\/en\/wp-json\/wp\/v2\/maison_dedition?post=59356"}],"curies":[{"name":"wp","href":"https:\/\/api.w.org\/{rel}","templated":true}]}}