{"id":59351,"date":"2023-09-11T13:10:20","date_gmt":"2023-09-11T17:10:20","guid":{"rendered":"https:\/\/www.goelette.ca\/?post_type=product&#038;p=59351"},"modified":"2025-05-15T13:45:11","modified_gmt":"2025-05-15T17:45:11","slug":"lache-ta-tablette-charlotte","status":"publish","type":"product","link":"https:\/\/goelette.ca\/en\/tous-les-livres\/lache-ta-tablette-charlotte\/","title":{"rendered":"L\u00e2che ta tablette, Charlotte !"},"content":{"rendered":"<p>Charlotte est chanceuse ! Elle a re\u00e7u une tablette pour son anniversaire. Tout de suite, elle commence \u00e0 y jouer et ne peut plus s\u2019arr\u00eater. M\u00eame quand il se passe des choses magiques et extraordinaires!<br \/>\nHeureusement, sa s\u0153ur Mila est l\u00e0 pour lui faire voir tout ce qu\u2019elle rate.<\/p>\n<p>Avec cette adorable histoire, faites r\u00e9fl\u00e9chir l\u2019enfant sur la d\u00e9pendance aux \u00e9crans et poursuivez avec lui la discussion gr\u00e2ce \u00e0 une page sp\u00e9ciale \u00e0 la fin de l\u2019album.<\/p>\n<p>&nbsp;<\/p>\n<p>\u00c9crit par Fr\u00e9d\u00e9rique Gosselin, Illustr\u00e9 par Sandrine Lamour<\/p>\n","protected":false},"excerpt":{"rendered":"<p>Charlotte est chanceuse ! Elle a re\u00e7u une tablette pour son anniversaire. Tout de suite, elle commence \u00e0 y jouer et ne peut plus s\u2019arr\u00eater. M\u00eame quand il se passe des choses magiques et extraordinaires! Heureusement, sa s\u0153ur Mila est l\u00e0 pour lui faire voir tout ce qu\u2019elle rate. Avec cette adorable histoire, faites r\u00e9fl\u00e9chir [&hellip;]<\/p>\n","protected":false},"featured_media":59354,"template":"","meta":{"wds_primary_product_brand":0,"wds_primary_product_cat":0,"wds_primary_maison_dedition":0},"product_brand":[],"product_cat":[560,578,538],"product_tag":[],"maison_dedition":[541,584],"class_list":{"0":"post-59351","1":"product","2":"type-product","3":"status-publish","4":"has-post-thumbnail","6":"product_cat-3-5-ans","7":"product_cat-albums-illustres","8":"product_cat-jeunesse","9":"pa_auteur-frederique-gosselin","10":"pa_illustrateur-sandrine-lamour","11":"maison_dedition-les-editions-coup-doeil","12":"maison_dedition-petites-lectures","14":"first","15":"instock","16":"taxable","17":"shipping-taxable","18":"purchasable","19":"product-type-variable","20":"has-default-attributes"},"bundled_by":[],"bundle_stock_status":"instock","bundle_stock_quantity":null,"bundle_virtual":false,"bundle_layout":"","bundle_add_to_cart_form_location":"","bundle_editable_in_cart":false,"bundle_sold_individually_context":"","bundle_item_grouping":"","bundle_min_size":"","bundle_max_size":"","bundle_price":[],"bundled_items":[],"bundle_sell_ids":[],"acf":[],"_links":{"self":[{"href":"https:\/\/goelette.ca\/en\/wp-json\/wp\/v2\/product\/59351","targetHints":{"allow":["GET"]}}],"collection":[{"href":"https:\/\/goelette.ca\/en\/wp-json\/wp\/v2\/product"}],"about":[{"href":"https:\/\/goelette.ca\/en\/wp-json\/wp\/v2\/types\/product"}],"wp:featuredmedia":[{"embeddable":true,"href":"https:\/\/goelette.ca\/en\/wp-json\/wp\/v2\/media\/59354"}],"wp:attachment":[{"href":"https:\/\/goelette.ca\/en\/wp-json\/wp\/v2\/media?parent=59351"}],"wp:term":[{"taxonomy":"product_brand","embeddable":true,"href":"https:\/\/goelette.ca\/en\/wp-json\/wp\/v2\/product_brand?post=59351"},{"taxonomy":"product_cat","embeddable":true,"href":"https:\/\/goelette.ca\/en\/wp-json\/wp\/v2\/product_cat?post=59351"},{"taxonomy":"product_tag","embeddable":true,"href":"https:\/\/goelette.ca\/en\/wp-json\/wp\/v2\/product_tag?post=59351"},{"taxonomy":"maison_dedition","embeddable":true,"href":"https:\/\/goelette.ca\/en\/wp-json\/wp\/v2\/maison_dedition?post=59351"}],"curies":[{"name":"wp","href":"https:\/\/api.w.org\/{rel}","templated":true}]}}