{"id":59342,"date":"2023-09-11T11:48:32","date_gmt":"2023-09-11T15:48:32","guid":{"rendered":"https:\/\/www.goelette.ca\/?post_type=product&#038;p=59342"},"modified":"2025-05-15T13:47:12","modified_gmt":"2025-05-15T17:47:12","slug":"des-grands-parents-en-or","status":"publish","type":"product","link":"https:\/\/goelette.ca\/en\/tous-les-livres\/des-grands-parents-en-or\/","title":{"rendered":"Des grands-parents en or"},"content":{"rendered":"<p>Ce soir, Paolo et Clara dorment chez leurs grands-parents. Le grand fr\u00e8re est ravi, mais sa s\u0153ur l\u2019est un peu moins. Papa et maman sont \u00e0 peine partis que Clara s\u2019ennuie d\u00e9j\u00e0 d\u2019eux. Que feront grand-papa et grand-maman pour redonner le sourire \u00e0 la petite manchote ?<\/p>\n<p>Avec cette adorable histoire, faites r\u00e9fl\u00e9chir l\u2019enfant sur les relations avec les grands-parents et poursuivez avec lui la discussion gr\u00e2ce \u00e0 une page sp\u00e9ciale \u00e0 la fin de l\u2019album<\/p>\n<p>\u00c9crit par Marilou Charpentier, Illustr\u00e9 par Claudio Cerri<\/p>\n","protected":false},"excerpt":{"rendered":"<p>Ce soir, Paolo et Clara dorment chez leurs grands-parents. Le grand fr\u00e8re est ravi, mais sa s\u0153ur l\u2019est un peu moins. Papa et maman sont \u00e0 peine partis que Clara s\u2019ennuie d\u00e9j\u00e0 d\u2019eux. Que feront grand-papa et grand-maman pour redonner le sourire \u00e0 la petite manchote ? Avec cette adorable histoire, faites r\u00e9fl\u00e9chir l\u2019enfant sur [&hellip;]<\/p>\n","protected":false},"featured_media":59344,"template":"","meta":{"wds_primary_product_brand":0,"wds_primary_product_cat":0,"wds_primary_maison_dedition":0},"product_brand":[],"product_cat":[560,578,538],"product_tag":[],"maison_dedition":[541,584],"class_list":{"0":"post-59342","1":"product","2":"type-product","3":"status-publish","4":"has-post-thumbnail","6":"product_cat-3-5-ans","7":"product_cat-albums-illustres","8":"product_cat-jeunesse","9":"pa_auteur-marilou-charpentier","10":"pa_illustrateur-claudio-cerri","11":"maison_dedition-les-editions-coup-doeil","12":"maison_dedition-petites-lectures","14":"first","15":"instock","16":"taxable","17":"shipping-taxable","18":"purchasable","19":"product-type-variable","20":"has-default-attributes"},"bundled_by":[],"bundle_stock_status":"instock","bundle_stock_quantity":null,"bundle_virtual":false,"bundle_layout":"","bundle_add_to_cart_form_location":"","bundle_editable_in_cart":false,"bundle_sold_individually_context":"","bundle_item_grouping":"","bundle_min_size":"","bundle_max_size":"","bundle_price":[],"bundled_items":[],"bundle_sell_ids":[],"acf":[],"_links":{"self":[{"href":"https:\/\/goelette.ca\/en\/wp-json\/wp\/v2\/product\/59342","targetHints":{"allow":["GET"]}}],"collection":[{"href":"https:\/\/goelette.ca\/en\/wp-json\/wp\/v2\/product"}],"about":[{"href":"https:\/\/goelette.ca\/en\/wp-json\/wp\/v2\/types\/product"}],"wp:featuredmedia":[{"embeddable":true,"href":"https:\/\/goelette.ca\/en\/wp-json\/wp\/v2\/media\/59344"}],"wp:attachment":[{"href":"https:\/\/goelette.ca\/en\/wp-json\/wp\/v2\/media?parent=59342"}],"wp:term":[{"taxonomy":"product_brand","embeddable":true,"href":"https:\/\/goelette.ca\/en\/wp-json\/wp\/v2\/product_brand?post=59342"},{"taxonomy":"product_cat","embeddable":true,"href":"https:\/\/goelette.ca\/en\/wp-json\/wp\/v2\/product_cat?post=59342"},{"taxonomy":"product_tag","embeddable":true,"href":"https:\/\/goelette.ca\/en\/wp-json\/wp\/v2\/product_tag?post=59342"},{"taxonomy":"maison_dedition","embeddable":true,"href":"https:\/\/goelette.ca\/en\/wp-json\/wp\/v2\/maison_dedition?post=59342"}],"curies":[{"name":"wp","href":"https:\/\/api.w.org\/{rel}","templated":true}]}}