{"id":59338,"date":"2023-09-11T11:41:29","date_gmt":"2023-09-11T15:41:29","guid":{"rendered":"https:\/\/www.goelette.ca\/?post_type=product&#038;p=59338"},"modified":"2025-05-15T13:53:31","modified_gmt":"2025-05-15T17:53:31","slug":"un-pas-a-la-fois-3","status":"publish","type":"product","link":"https:\/\/goelette.ca\/en\/tous-les-livres\/un-pas-a-la-fois-3\/","title":{"rendered":"Un pas \u00e0 la fois"},"content":{"rendered":"<p>Accroch\u00e9 sur sa branche, Paul s\u2019ennuie. Et s\u2019il partait \u00e0 l\u2019aventure ? Avec l\u2019aide de son nouvel ami Tom, Paul est pr\u00eat \u00e0 se rendre au sommet de la montagne voisine. Mais c\u2019est sans compter les nombreux d\u00e9fis qui les attendent !<\/p>\n<p>Avec cette adorable histoire, faites r\u00e9fl\u00e9chir l\u2019enfant sur la pers\u00e9v\u00e9rance et poursuivez avec lui la discussion gr\u00e2ce \u00e0 une page sp\u00e9ciale \u00e0 la fin de l\u2019album.<\/p>\n<p>\u00c9crit par \u00c9milie La Boissi\u00e8re, Illustr\u00e9 par Elen Lescoat<\/p>\n","protected":false},"excerpt":{"rendered":"<p>Accroch\u00e9 sur sa branche, Paul s\u2019ennuie. Et s\u2019il partait \u00e0 l\u2019aventure ? Avec l\u2019aide de son nouvel ami Tom, Paul est pr\u00eat \u00e0 se rendre au sommet de la montagne voisine. Mais c\u2019est sans compter les nombreux d\u00e9fis qui les attendent ! Avec cette adorable histoire, faites r\u00e9fl\u00e9chir l\u2019enfant sur la pers\u00e9v\u00e9rance et poursuivez avec [&hellip;]<\/p>\n","protected":false},"featured_media":59340,"template":"","meta":{"wds_primary_product_brand":0,"wds_primary_product_cat":0,"wds_primary_maison_dedition":0},"product_brand":[],"product_cat":[560,578,538],"product_tag":[],"maison_dedition":[541,584],"class_list":{"0":"post-59338","1":"product","2":"type-product","3":"status-publish","4":"has-post-thumbnail","6":"product_cat-3-5-ans","7":"product_cat-albums-illustres","8":"product_cat-jeunesse","9":"pa_auteur-emilie-la-boissiere","10":"pa_illustrateur-elen-lescoat","11":"maison_dedition-les-editions-coup-doeil","12":"maison_dedition-petites-lectures","14":"first","15":"instock","16":"taxable","17":"shipping-taxable","18":"purchasable","19":"product-type-variable","20":"has-default-attributes"},"bundled_by":[],"bundle_stock_status":"instock","bundle_stock_quantity":null,"bundle_virtual":false,"bundle_layout":"","bundle_add_to_cart_form_location":"","bundle_editable_in_cart":false,"bundle_sold_individually_context":"","bundle_item_grouping":"","bundle_min_size":"","bundle_max_size":"","bundle_price":[],"bundled_items":[],"bundle_sell_ids":[],"acf":[],"_links":{"self":[{"href":"https:\/\/goelette.ca\/en\/wp-json\/wp\/v2\/product\/59338","targetHints":{"allow":["GET"]}}],"collection":[{"href":"https:\/\/goelette.ca\/en\/wp-json\/wp\/v2\/product"}],"about":[{"href":"https:\/\/goelette.ca\/en\/wp-json\/wp\/v2\/types\/product"}],"wp:featuredmedia":[{"embeddable":true,"href":"https:\/\/goelette.ca\/en\/wp-json\/wp\/v2\/media\/59340"}],"wp:attachment":[{"href":"https:\/\/goelette.ca\/en\/wp-json\/wp\/v2\/media?parent=59338"}],"wp:term":[{"taxonomy":"product_brand","embeddable":true,"href":"https:\/\/goelette.ca\/en\/wp-json\/wp\/v2\/product_brand?post=59338"},{"taxonomy":"product_cat","embeddable":true,"href":"https:\/\/goelette.ca\/en\/wp-json\/wp\/v2\/product_cat?post=59338"},{"taxonomy":"product_tag","embeddable":true,"href":"https:\/\/goelette.ca\/en\/wp-json\/wp\/v2\/product_tag?post=59338"},{"taxonomy":"maison_dedition","embeddable":true,"href":"https:\/\/goelette.ca\/en\/wp-json\/wp\/v2\/maison_dedition?post=59338"}],"curies":[{"name":"wp","href":"https:\/\/api.w.org\/{rel}","templated":true}]}}