{"id":59321,"date":"2023-09-11T10:21:27","date_gmt":"2023-09-11T14:21:27","guid":{"rendered":"https:\/\/www.goelette.ca\/?post_type=product&#038;p=59321"},"modified":"2023-11-24T13:20:40","modified_gmt":"2023-11-24T18:20:40","slug":"les-collisions","status":"publish","type":"product","link":"https:\/\/goelette.ca\/en\/tous-les-livres\/les-collisions\/","title":{"rendered":"Les collisions"},"content":{"rendered":"<p>Et si la meilleure fa\u00e7on de rena\u00eetre \u00e9tait de puiser sa force dans la pr\u00e9sence des autres ? De les laisser agir sur nous comme autant de petits pansements qui r\u00e9ussiraient \u00e0 recoller les pi\u00e8ces de notre c\u0153ur en morceaux ? Encore faudrait-il ouvrir les yeux assez grands pour les voir tels qu\u2019ils sont\u2026 Les coll\u00e8gues de Catherine sont unanimes : l\u2019assistante juridique est hautaine et cynique; un vrai cube de glace. \u00catre tenue \u00e0 l\u2019\u00e9cart convient parfaitement \u00e0 la jeune femme, jusqu\u2019\u00e0 ce qu\u2019elle se d\u00e9couvre un nouveau passe-temps favori : d\u00e9fier son patron. Malheureusement pour elle, ma\u00eetre Adam Courchesne a tout ce qu\u2019il faut pour l\u2019affronter : de la r\u00e9partie, de la curiosit\u00e9, et du charme \u00e0 revendre\u2026 Catherine arrivera t-elle \u00e0 maintenir le mur qu\u2019elle a \u00e9rig\u00e9 autour d\u2019elle ? Et surtout, en a-t-elle vraiment envie ?<\/p>\n<p><strong>\u00abLa derni\u00e8re fois que vous avez pris cet air, c\u2019\u00e9tait hier soir et vous m\u2019avez renvoy\u00e9e, se permit-elle de lui dire, provocatrice. \u00bb<\/strong><\/p>\n","protected":false},"excerpt":{"rendered":"<p>Et si la meilleure fa\u00e7on de rena\u00eetre \u00e9tait de puiser sa force dans la pr\u00e9sence des autres ? De les laisser agir sur nous comme autant de petits pansements qui r\u00e9ussiraient \u00e0 recoller les pi\u00e8ces de notre c\u0153ur en morceaux ? Encore faudrait-il ouvrir les yeux assez grands pour les voir tels qu\u2019ils sont\u2026 Les [&hellip;]<\/p>\n","protected":false},"featured_media":59328,"template":"","meta":{"wds_primary_product_brand":0,"wds_primary_product_cat":0,"wds_primary_maison_dedition":0},"product_brand":[],"product_cat":[548,565,542,585],"product_tag":[],"maison_dedition":[630],"class_list":{"0":"post-59321","1":"product","2":"type-product","3":"status-publish","4":"has-post-thumbnail","6":"product_cat-chick-lit","7":"product_cat-drame","8":"product_cat-roman","9":"product_cat-romance","10":"pa_auteur-marie-paquet","11":"maison_dedition-les-editions-goelette","13":"first","14":"instock","15":"taxable","16":"shipping-taxable","17":"purchasable","18":"product-type-variable"},"bundled_by":[],"bundle_stock_status":"instock","bundle_stock_quantity":null,"bundle_virtual":false,"bundle_layout":"","bundle_add_to_cart_form_location":"","bundle_editable_in_cart":false,"bundle_sold_individually_context":"","bundle_item_grouping":"","bundle_min_size":"","bundle_max_size":"","bundle_price":[],"bundled_items":[],"bundle_sell_ids":[],"acf":[],"_links":{"self":[{"href":"https:\/\/goelette.ca\/en\/wp-json\/wp\/v2\/product\/59321","targetHints":{"allow":["GET"]}}],"collection":[{"href":"https:\/\/goelette.ca\/en\/wp-json\/wp\/v2\/product"}],"about":[{"href":"https:\/\/goelette.ca\/en\/wp-json\/wp\/v2\/types\/product"}],"wp:featuredmedia":[{"embeddable":true,"href":"https:\/\/goelette.ca\/en\/wp-json\/wp\/v2\/media\/59328"}],"wp:attachment":[{"href":"https:\/\/goelette.ca\/en\/wp-json\/wp\/v2\/media?parent=59321"}],"wp:term":[{"taxonomy":"product_brand","embeddable":true,"href":"https:\/\/goelette.ca\/en\/wp-json\/wp\/v2\/product_brand?post=59321"},{"taxonomy":"product_cat","embeddable":true,"href":"https:\/\/goelette.ca\/en\/wp-json\/wp\/v2\/product_cat?post=59321"},{"taxonomy":"product_tag","embeddable":true,"href":"https:\/\/goelette.ca\/en\/wp-json\/wp\/v2\/product_tag?post=59321"},{"taxonomy":"maison_dedition","embeddable":true,"href":"https:\/\/goelette.ca\/en\/wp-json\/wp\/v2\/maison_dedition?post=59321"}],"curies":[{"name":"wp","href":"https:\/\/api.w.org\/{rel}","templated":true}]}}