{"id":57916,"date":"2023-08-17T16:07:11","date_gmt":"2023-08-17T20:07:11","guid":{"rendered":"https:\/\/www.goelette.ca\/?post_type=product&#038;p=57916"},"modified":"2024-05-08T11:17:24","modified_gmt":"2024-05-08T15:17:24","slug":"le-sortilege-de-juju","status":"publish","type":"product","link":"https:\/\/goelette.ca\/en\/tous-les-livres\/le-sortilege-de-juju\/","title":{"rendered":"Le sortil\u00e8ge de Juju"},"content":{"rendered":"<p>Avec un style unique et d\u00e9capant, Le sortil\u00e8ge de Juju raconte l\u2019histoire d\u00e9lirante de Nick Fr\u00e9chette, un homme superficiel, obsol\u00e8te, mais surtout sexiste, qui se croit victime d\u2019un sortil\u00e8ge de c\u00e9libat invoqu\u00e9 par son ex-flamme vengeresse: Juju. Pr\u00eat \u00e0 tout pour conjurer la mal\u00e9diction, il encha\u00eenera les catastrophes les plus loufoques et rocambolesque pour trouver l\u2019amour de sa vie. V\u00e9ritable regard sur le clash social entre la vieille et la nouvelle g\u00e9n\u00e9ration, le premier roman de Patrick Courval d\u00e9nonce le comportement de ces \u00abmononcles\u00bb qui refusent d\u2019\u00e9voluer et qui traitent les femmes comme des<br \/>\nobjets. Il vous fera rire, mais surtout grincer des dents!<\/p>\n","protected":false},"excerpt":{"rendered":"<p>Avec un style unique et d\u00e9capant, Le sortil\u00e8ge de Juju raconte l\u2019histoire d\u00e9lirante de Nick Fr\u00e9chette, un homme superficiel, obsol\u00e8te, mais surtout sexiste, qui se croit victime d\u2019un sortil\u00e8ge de c\u00e9libat invoqu\u00e9 par son ex-flamme vengeresse: Juju. Pr\u00eat \u00e0 tout pour conjurer la mal\u00e9diction, il encha\u00eenera les catastrophes les plus loufoques et rocambolesque pour trouver [&hellip;]<\/p>\n","protected":false},"featured_media":57919,"template":"","meta":{"wds_primary_product_brand":0,"wds_primary_product_cat":0,"wds_primary_maison_dedition":0},"product_brand":[],"product_cat":[542],"product_tag":[],"maison_dedition":[630],"class_list":{"0":"post-57916","1":"product","2":"type-product","3":"status-publish","4":"has-post-thumbnail","6":"product_cat-roman","7":"pa_auteur-patrick-courval","8":"maison_dedition-les-editions-goelette","10":"first","11":"instock","12":"taxable","13":"shipping-taxable","14":"purchasable","15":"product-type-variable","16":"has-default-attributes"},"bundled_by":[],"bundle_stock_status":"instock","bundle_stock_quantity":null,"bundle_virtual":false,"bundle_layout":"","bundle_add_to_cart_form_location":"","bundle_editable_in_cart":false,"bundle_sold_individually_context":"","bundle_item_grouping":"","bundle_min_size":"","bundle_max_size":"","bundle_price":[],"bundled_items":[],"bundle_sell_ids":[],"acf":[],"_links":{"self":[{"href":"https:\/\/goelette.ca\/en\/wp-json\/wp\/v2\/product\/57916","targetHints":{"allow":["GET"]}}],"collection":[{"href":"https:\/\/goelette.ca\/en\/wp-json\/wp\/v2\/product"}],"about":[{"href":"https:\/\/goelette.ca\/en\/wp-json\/wp\/v2\/types\/product"}],"wp:featuredmedia":[{"embeddable":true,"href":"https:\/\/goelette.ca\/en\/wp-json\/wp\/v2\/media\/57919"}],"wp:attachment":[{"href":"https:\/\/goelette.ca\/en\/wp-json\/wp\/v2\/media?parent=57916"}],"wp:term":[{"taxonomy":"product_brand","embeddable":true,"href":"https:\/\/goelette.ca\/en\/wp-json\/wp\/v2\/product_brand?post=57916"},{"taxonomy":"product_cat","embeddable":true,"href":"https:\/\/goelette.ca\/en\/wp-json\/wp\/v2\/product_cat?post=57916"},{"taxonomy":"product_tag","embeddable":true,"href":"https:\/\/goelette.ca\/en\/wp-json\/wp\/v2\/product_tag?post=57916"},{"taxonomy":"maison_dedition","embeddable":true,"href":"https:\/\/goelette.ca\/en\/wp-json\/wp\/v2\/maison_dedition?post=57916"}],"curies":[{"name":"wp","href":"https:\/\/api.w.org\/{rel}","templated":true}]}}