{"id":57819,"date":"2023-08-16T09:30:07","date_gmt":"2023-08-16T13:30:07","guid":{"rendered":"https:\/\/www.goelette.ca\/?post_type=product&#038;p=57819"},"modified":"2025-09-17T09:59:43","modified_gmt":"2025-09-17T13:59:43","slug":"le-corps-humain-30-volets-a-soulever","status":"publish","type":"product","link":"https:\/\/goelette.ca\/en\/tous-les-livres\/le-corps-humain-30-volets-a-soulever\/","title":{"rendered":"Le corps humain &#8211; 30 volets \u00e0 soulever"},"content":{"rendered":"<p>&nbsp;<\/p>\n<p>Notre corps est fascinant ! Sais-tu de quoi est compos\u00e9 le sang et combien de temps dure la digestion ? Soul\u00e8ve les volets pour apprendre une foule d\u2019informations sur la composition et le fonctionnement de 5 grands syst\u00e8mes du corps humain\u2009:<\/p>\n<ul>\n<li>Le syst\u00e8me squelettique<\/li>\n<li>Le syst\u00e8me nerveux<\/li>\n<li>Le syst\u00e8me musculaire<\/li>\n<li>Le syst\u00e8me digestif<\/li>\n<li>Le syst\u00e8me respiro-circulatoire<\/li>\n<li>Un livre plein de questions<\/li>\n<\/ul>\n<p>et de r\u00e9ponses sous les volets !<\/p>\n","protected":false},"excerpt":{"rendered":"<p>&nbsp; Notre corps est fascinant ! Sais-tu de quoi est compos\u00e9 le sang et combien de temps dure la digestion ? Soul\u00e8ve les volets pour apprendre une foule d\u2019informations sur la composition et le fonctionnement de 5 grands syst\u00e8mes du corps humain\u2009: Le syst\u00e8me squelettique Le syst\u00e8me nerveux Le syst\u00e8me musculaire Le syst\u00e8me digestif Le [&hellip;]<\/p>\n","protected":false},"featured_media":266548,"template":"","meta":{"wds_primary_product_brand":0,"wds_primary_product_cat":0,"wds_primary_maison_dedition":0},"product_brand":[],"product_cat":[538,579],"product_tag":[],"maison_dedition":[541],"class_list":{"0":"post-57819","1":"product","2":"type-product","3":"status-publish","4":"has-post-thumbnail","6":"product_cat-jeunesse","7":"product_cat-souleve-les-volets","8":"pa_auteur-collectif","9":"maison_dedition-les-editions-coup-doeil","11":"first","12":"instock","13":"taxable","14":"shipping-taxable","15":"purchasable","16":"product-type-variable"},"bundled_by":[],"bundle_stock_status":"instock","bundle_stock_quantity":null,"bundle_virtual":false,"bundle_layout":"","bundle_add_to_cart_form_location":"","bundle_editable_in_cart":false,"bundle_sold_individually_context":"","bundle_item_grouping":"","bundle_min_size":"","bundle_max_size":"","bundle_price":[],"bundled_items":[],"bundle_sell_ids":[],"acf":[],"_links":{"self":[{"href":"https:\/\/goelette.ca\/en\/wp-json\/wp\/v2\/product\/57819","targetHints":{"allow":["GET"]}}],"collection":[{"href":"https:\/\/goelette.ca\/en\/wp-json\/wp\/v2\/product"}],"about":[{"href":"https:\/\/goelette.ca\/en\/wp-json\/wp\/v2\/types\/product"}],"wp:featuredmedia":[{"embeddable":true,"href":"https:\/\/goelette.ca\/en\/wp-json\/wp\/v2\/media\/266548"}],"wp:attachment":[{"href":"https:\/\/goelette.ca\/en\/wp-json\/wp\/v2\/media?parent=57819"}],"wp:term":[{"taxonomy":"product_brand","embeddable":true,"href":"https:\/\/goelette.ca\/en\/wp-json\/wp\/v2\/product_brand?post=57819"},{"taxonomy":"product_cat","embeddable":true,"href":"https:\/\/goelette.ca\/en\/wp-json\/wp\/v2\/product_cat?post=57819"},{"taxonomy":"product_tag","embeddable":true,"href":"https:\/\/goelette.ca\/en\/wp-json\/wp\/v2\/product_tag?post=57819"},{"taxonomy":"maison_dedition","embeddable":true,"href":"https:\/\/goelette.ca\/en\/wp-json\/wp\/v2\/maison_dedition?post=57819"}],"curies":[{"name":"wp","href":"https:\/\/api.w.org\/{rel}","templated":true}]}}