{"id":57626,"date":"2023-08-10T10:30:53","date_gmt":"2023-08-10T14:30:53","guid":{"rendered":"https:\/\/www.goelette.ca\/?post_type=product&#038;p=57626"},"modified":"2024-09-23T08:00:46","modified_gmt":"2024-09-23T12:00:46","slug":"air-fryer-4-saisons","status":"publish","type":"product","link":"https:\/\/goelette.ca\/en\/tous-les-livres\/air-fryer-4-saisons\/","title":{"rendered":"Air Fryer : quatre saisons"},"content":{"rendered":"<p>Suscitant un v\u00e9ritable engouement, la <strong>friteuse \u00e0 air<\/strong>, commun\u00e9ment appel\u00e9e \u00ab <strong>air fryer<\/strong> \u00bb, est d\u00e9sormais un incontournable dans la cuisine des Qu\u00e9b\u00e9cois. Passionn\u00e9 par ce petit <strong>\u00e9lectrom\u00e9nager<\/strong>, Max L\u2019Affam\u00e9 propose des<strong> recettes<\/strong> saines, gourmandes et savoureuses. Les quatre sections du livre, une pour chaque saison, d\u00e9bordent de recettes \u00e0 r\u00e9aliser tout au long de l\u2019ann\u00e9e. De l\u2019entr\u00e9e au dessert, l\u2019auteur s\u2019inspire des arrivages afin de cr\u00e9er des plats \u00e9patants qui favorisent la d\u00e9couverte de toutes les facettes de la friteuse \u00e0 air<\/p>\n<p>&nbsp;<\/p>\n<p>&nbsp;<\/p>\n<p>&nbsp;<\/p>\n","protected":false},"excerpt":{"rendered":"<p>Suscitant un v\u00e9ritable engouement, la friteuse \u00e0 air, commun\u00e9ment appel\u00e9e \u00ab air fryer \u00bb, est d\u00e9sormais un incontournable dans la cuisine des Qu\u00e9b\u00e9cois. Passionn\u00e9 par ce petit \u00e9lectrom\u00e9nager, Max L\u2019Affam\u00e9 propose des recettes saines, gourmandes et savoureuses. Les quatre sections du livre, une pour chaque saison, d\u00e9bordent de recettes \u00e0 r\u00e9aliser tout au long de [&hellip;]<\/p>\n","protected":false},"featured_media":57629,"template":"","meta":{"wds_primary_product_brand":0,"wds_primary_product_cat":0,"wds_primary_maison_dedition":0},"product_brand":[],"product_cat":[550],"product_tag":[],"maison_dedition":[630],"class_list":{"0":"post-57626","1":"product","2":"type-product","3":"status-publish","4":"has-post-thumbnail","6":"product_cat-livres-de-cuisine","7":"pa_auteur-maxime-girard-tremblay","8":"maison_dedition-les-editions-goelette","10":"first","11":"instock","12":"taxable","13":"shipping-taxable","14":"purchasable","15":"product-type-variable"},"bundled_by":[],"bundle_stock_status":"instock","bundle_stock_quantity":null,"bundle_virtual":false,"bundle_layout":"","bundle_add_to_cart_form_location":"","bundle_editable_in_cart":false,"bundle_sold_individually_context":"","bundle_item_grouping":"","bundle_min_size":"","bundle_max_size":"","bundle_price":[],"bundled_items":[],"bundle_sell_ids":[],"acf":[],"_links":{"self":[{"href":"https:\/\/goelette.ca\/en\/wp-json\/wp\/v2\/product\/57626","targetHints":{"allow":["GET"]}}],"collection":[{"href":"https:\/\/goelette.ca\/en\/wp-json\/wp\/v2\/product"}],"about":[{"href":"https:\/\/goelette.ca\/en\/wp-json\/wp\/v2\/types\/product"}],"wp:featuredmedia":[{"embeddable":true,"href":"https:\/\/goelette.ca\/en\/wp-json\/wp\/v2\/media\/57629"}],"wp:attachment":[{"href":"https:\/\/goelette.ca\/en\/wp-json\/wp\/v2\/media?parent=57626"}],"wp:term":[{"taxonomy":"product_brand","embeddable":true,"href":"https:\/\/goelette.ca\/en\/wp-json\/wp\/v2\/product_brand?post=57626"},{"taxonomy":"product_cat","embeddable":true,"href":"https:\/\/goelette.ca\/en\/wp-json\/wp\/v2\/product_cat?post=57626"},{"taxonomy":"product_tag","embeddable":true,"href":"https:\/\/goelette.ca\/en\/wp-json\/wp\/v2\/product_tag?post=57626"},{"taxonomy":"maison_dedition","embeddable":true,"href":"https:\/\/goelette.ca\/en\/wp-json\/wp\/v2\/maison_dedition?post=57626"}],"curies":[{"name":"wp","href":"https:\/\/api.w.org\/{rel}","templated":true}]}}