{"id":57533,"date":"2023-08-07T15:25:02","date_gmt":"2023-08-07T19:25:02","guid":{"rendered":"https:\/\/www.goelette.ca\/?post_type=product&#038;p=57533"},"modified":"2024-01-03T08:56:23","modified_gmt":"2024-01-03T13:56:23","slug":"mes-joyeux-jeux-de-noel-1-6-ans-et-2","status":"publish","type":"product","link":"https:\/\/goelette.ca\/en\/tous-les-livres\/mes-joyeux-jeux-de-noel-1-6-ans-et-2\/","title":{"rendered":"Mes joyeux jeux de No\u00ebl 1 (6 ans et +)"},"content":{"rendered":"<p>Joue avec le p\u00e8re no\u00ebl ! Entre dans son univers festif avec ces activit\u00e9s de dessin, de logique, d\u2019observation, de chiffres et de lettres. Utilise tes crayons et les autocollants fournis pour jouer\u2009! Transporte ton livre partout avec toi gr\u00e2ce \u00e0 la poign\u00e9e<\/p>\n","protected":false},"excerpt":{"rendered":"<p>Joue avec le p\u00e8re no\u00ebl ! Entre dans son univers festif avec ces activit\u00e9s de dessin, de logique, d\u2019observation, de chiffres et de lettres. Utilise tes crayons et les autocollants fournis pour jouer\u2009! Transporte ton livre partout avec toi gr\u00e2ce \u00e0 la poign\u00e9e<\/p>\n","protected":false},"featured_media":60454,"template":"","meta":{"wds_primary_product_brand":0,"wds_primary_product_cat":0,"wds_primary_maison_dedition":0},"product_brand":[],"product_cat":[555,538,566,597],"product_tag":[],"maison_dedition":[541],"class_list":{"0":"post-57533","1":"product","2":"type-product","3":"status-publish","4":"has-post-thumbnail","6":"product_cat-6-ans-et-plus","7":"product_cat-jeunesse","8":"product_cat-livres-de-jeux","9":"product_cat-parascolaire","10":"pa_auteur-collectif","11":"maison_dedition-les-editions-coup-doeil","13":"first","14":"instock","15":"taxable","16":"shipping-taxable","17":"purchasable","18":"product-type-variable"},"bundled_by":[],"bundle_stock_status":"instock","bundle_stock_quantity":null,"bundle_virtual":false,"bundle_layout":"","bundle_add_to_cart_form_location":"","bundle_editable_in_cart":false,"bundle_sold_individually_context":"","bundle_item_grouping":"","bundle_min_size":"","bundle_max_size":"","bundle_price":[],"bundled_items":[],"bundle_sell_ids":[],"acf":[],"_links":{"self":[{"href":"https:\/\/goelette.ca\/en\/wp-json\/wp\/v2\/product\/57533","targetHints":{"allow":["GET"]}}],"collection":[{"href":"https:\/\/goelette.ca\/en\/wp-json\/wp\/v2\/product"}],"about":[{"href":"https:\/\/goelette.ca\/en\/wp-json\/wp\/v2\/types\/product"}],"wp:featuredmedia":[{"embeddable":true,"href":"https:\/\/goelette.ca\/en\/wp-json\/wp\/v2\/media\/60454"}],"wp:attachment":[{"href":"https:\/\/goelette.ca\/en\/wp-json\/wp\/v2\/media?parent=57533"}],"wp:term":[{"taxonomy":"product_brand","embeddable":true,"href":"https:\/\/goelette.ca\/en\/wp-json\/wp\/v2\/product_brand?post=57533"},{"taxonomy":"product_cat","embeddable":true,"href":"https:\/\/goelette.ca\/en\/wp-json\/wp\/v2\/product_cat?post=57533"},{"taxonomy":"product_tag","embeddable":true,"href":"https:\/\/goelette.ca\/en\/wp-json\/wp\/v2\/product_tag?post=57533"},{"taxonomy":"maison_dedition","embeddable":true,"href":"https:\/\/goelette.ca\/en\/wp-json\/wp\/v2\/maison_dedition?post=57533"}],"curies":[{"name":"wp","href":"https:\/\/api.w.org\/{rel}","templated":true}]}}