{"id":57524,"date":"2023-08-07T15:09:58","date_gmt":"2023-08-07T19:09:58","guid":{"rendered":"https:\/\/www.goelette.ca\/?post_type=product&#038;p=57524"},"modified":"2024-01-03T08:56:57","modified_gmt":"2024-01-03T13:56:57","slug":"mes-joyeux-jeux-de-noel-2-3-5-ans","status":"publish","type":"product","link":"https:\/\/goelette.ca\/en\/tous-les-livres\/mes-joyeux-jeux-de-noel-2-3-5-ans\/","title":{"rendered":"Mes joyeux jeux de No\u00ebl 2 (3-5 ans)"},"content":{"rendered":"<p>Entre dans son univers festif avec ces activit\u00e9s de dessin, de logique, d\u2019observation, de chiffres et de lettres. Utilise tes crayons et les autocollants fournis pour jouer\u2009! Transporte ton livre partout avec toi gr\u00e2ce \u00e0 la poign\u00e9e\u2009!<\/p>\n","protected":false},"excerpt":{"rendered":"<p>Entre dans son univers festif avec ces activit\u00e9s de dessin, de logique, d\u2019observation, de chiffres et de lettres. Utilise tes crayons et les autocollants fournis pour jouer\u2009! Transporte ton livre partout avec toi gr\u00e2ce \u00e0 la poign\u00e9e\u2009!<\/p>\n","protected":false},"featured_media":60458,"template":"","meta":{"wds_primary_product_brand":0,"wds_primary_product_cat":0,"wds_primary_maison_dedition":0},"product_brand":[],"product_cat":[560,538,566,597],"product_tag":[],"maison_dedition":[541],"class_list":{"0":"post-57524","1":"product","2":"type-product","3":"status-publish","4":"has-post-thumbnail","6":"product_cat-3-5-ans","7":"product_cat-jeunesse","8":"product_cat-livres-de-jeux","9":"product_cat-parascolaire","10":"pa_auteur-collectif","11":"maison_dedition-les-editions-coup-doeil","13":"first","14":"instock","15":"taxable","16":"shipping-taxable","17":"purchasable","18":"product-type-variable"},"bundled_by":[],"bundle_stock_status":"instock","bundle_stock_quantity":null,"bundle_virtual":false,"bundle_layout":"","bundle_add_to_cart_form_location":"","bundle_editable_in_cart":false,"bundle_sold_individually_context":"","bundle_item_grouping":"","bundle_min_size":"","bundle_max_size":"","bundle_price":[],"bundled_items":[],"bundle_sell_ids":[],"acf":[],"_links":{"self":[{"href":"https:\/\/goelette.ca\/en\/wp-json\/wp\/v2\/product\/57524","targetHints":{"allow":["GET"]}}],"collection":[{"href":"https:\/\/goelette.ca\/en\/wp-json\/wp\/v2\/product"}],"about":[{"href":"https:\/\/goelette.ca\/en\/wp-json\/wp\/v2\/types\/product"}],"wp:featuredmedia":[{"embeddable":true,"href":"https:\/\/goelette.ca\/en\/wp-json\/wp\/v2\/media\/60458"}],"wp:attachment":[{"href":"https:\/\/goelette.ca\/en\/wp-json\/wp\/v2\/media?parent=57524"}],"wp:term":[{"taxonomy":"product_brand","embeddable":true,"href":"https:\/\/goelette.ca\/en\/wp-json\/wp\/v2\/product_brand?post=57524"},{"taxonomy":"product_cat","embeddable":true,"href":"https:\/\/goelette.ca\/en\/wp-json\/wp\/v2\/product_cat?post=57524"},{"taxonomy":"product_tag","embeddable":true,"href":"https:\/\/goelette.ca\/en\/wp-json\/wp\/v2\/product_tag?post=57524"},{"taxonomy":"maison_dedition","embeddable":true,"href":"https:\/\/goelette.ca\/en\/wp-json\/wp\/v2\/maison_dedition?post=57524"}],"curies":[{"name":"wp","href":"https:\/\/api.w.org\/{rel}","templated":true}]}}