{"id":57507,"date":"2023-08-07T14:37:08","date_gmt":"2023-08-07T18:37:08","guid":{"rendered":"https:\/\/www.goelette.ca\/?post_type=product&#038;p=57507"},"modified":"2023-12-06T12:05:37","modified_gmt":"2023-12-06T17:05:37","slug":"le-journal-des-reves","status":"publish","type":"product","link":"https:\/\/goelette.ca\/en\/tous-les-livres\/le-journal-des-reves\/","title":{"rendered":"Le Journal des r\u00eaves"},"content":{"rendered":"<p>Vouloir comprendre ses r\u00eaves est loin d\u2019\u00eatre futile. Certains nous laissent de fortes impressions qui nous intriguent ou nous rendent confus. Est-ce un moyen d\u2019expression de notre inconscient, une fa\u00e7on de trouver des solutions, ou bien des d\u00e9sirs et \u00e9motions transmis par un langage symbolique ? Que ce soit dans un objectif d\u2019\u00e9volution personnelle ou de simple curiosit\u00e9, toutes les raisons sont bonnes pour s\u2019int\u00e9resser \u00e0 nos r\u00eaves<\/p>\n","protected":false},"excerpt":{"rendered":"<p>Vouloir comprendre ses r\u00eaves est loin d\u2019\u00eatre futile. Certains nous laissent de fortes impressions qui nous intriguent ou nous rendent confus. Est-ce un moyen d\u2019expression de notre inconscient, une fa\u00e7on de trouver des solutions, ou bien des d\u00e9sirs et \u00e9motions transmis par un langage symbolique ? Que ce soit dans un objectif d\u2019\u00e9volution personnelle ou [&hellip;]<\/p>\n","protected":false},"featured_media":57510,"template":"","meta":{"wds_primary_product_brand":0,"wds_primary_product_cat":0,"wds_primary_maison_dedition":0},"product_brand":[],"product_cat":[581],"product_tag":[],"maison_dedition":[],"class_list":{"0":"post-57507","1":"product","2":"type-product","3":"status-publish","4":"has-post-thumbnail","6":"product_cat-esoterisme","8":"first","9":"instock","10":"taxable","11":"shipping-taxable","12":"purchasable","13":"product-type-variable"},"bundled_by":[],"bundle_stock_status":"instock","bundle_stock_quantity":null,"bundle_virtual":false,"bundle_layout":"","bundle_add_to_cart_form_location":"","bundle_editable_in_cart":false,"bundle_sold_individually_context":"","bundle_item_grouping":"","bundle_min_size":"","bundle_max_size":"","bundle_price":[],"bundled_items":[],"bundle_sell_ids":[],"acf":[],"_links":{"self":[{"href":"https:\/\/goelette.ca\/en\/wp-json\/wp\/v2\/product\/57507","targetHints":{"allow":["GET"]}}],"collection":[{"href":"https:\/\/goelette.ca\/en\/wp-json\/wp\/v2\/product"}],"about":[{"href":"https:\/\/goelette.ca\/en\/wp-json\/wp\/v2\/types\/product"}],"wp:featuredmedia":[{"embeddable":true,"href":"https:\/\/goelette.ca\/en\/wp-json\/wp\/v2\/media\/57510"}],"wp:attachment":[{"href":"https:\/\/goelette.ca\/en\/wp-json\/wp\/v2\/media?parent=57507"}],"wp:term":[{"taxonomy":"product_brand","embeddable":true,"href":"https:\/\/goelette.ca\/en\/wp-json\/wp\/v2\/product_brand?post=57507"},{"taxonomy":"product_cat","embeddable":true,"href":"https:\/\/goelette.ca\/en\/wp-json\/wp\/v2\/product_cat?post=57507"},{"taxonomy":"product_tag","embeddable":true,"href":"https:\/\/goelette.ca\/en\/wp-json\/wp\/v2\/product_tag?post=57507"},{"taxonomy":"maison_dedition","embeddable":true,"href":"https:\/\/goelette.ca\/en\/wp-json\/wp\/v2\/maison_dedition?post=57507"}],"curies":[{"name":"wp","href":"https:\/\/api.w.org\/{rel}","templated":true}]}}