{"id":56357,"date":"2023-06-21T14:22:54","date_gmt":"2023-06-21T18:22:54","guid":{"rendered":"https:\/\/www.goelette.ca\/?post_type=product&#038;p=56357"},"modified":"2023-06-21T14:30:07","modified_gmt":"2023-06-21T18:30:07","slug":"mandalas-amusants-a-colorier","status":"publish","type":"product","link":"https:\/\/goelette.ca\/en\/tous-les-livres\/mandalas-amusants-a-colorier\/","title":{"rendered":"Mandalas amusants \u00e0 colorier"},"content":{"rendered":"<p style=\"text-align: justify;\">Colorie ces dessins selon les couleurs de tes \u00e9motions. Les mandalas sont habituellement tr\u00e8s color\u00e9s, alors ne te g\u00eane pas pour utiliser toutes les couleurs d\u00e9sir\u00e9es.<\/p>\n","protected":false},"excerpt":{"rendered":"<p>Colorie ces dessins selon les couleurs de tes \u00e9motions. Les mandalas sont habituellement tr\u00e8s color\u00e9s, alors ne te g\u00eane pas pour utiliser toutes les couleurs d\u00e9sir\u00e9es.<\/p>\n","protected":false},"featured_media":56359,"template":"","meta":{"wds_primary_product_brand":0,"wds_primary_product_cat":0,"wds_primary_maison_dedition":0},"product_brand":[],"product_cat":[590,538,612,557],"product_tag":[],"maison_dedition":[541],"class_list":{"0":"post-56357","1":"product","2":"type-product","3":"status-publish","4":"has-post-thumbnail","6":"product_cat-coloriage-jeunesse","7":"product_cat-jeunesse","8":"product_cat-mandalas","9":"product_cat-pratique","10":"maison_dedition-les-editions-coup-doeil","12":"first","13":"instock","14":"taxable","15":"shipping-taxable","16":"purchasable","17":"product-type-variable"},"bundled_by":[],"bundle_stock_status":"instock","bundle_stock_quantity":null,"bundle_virtual":false,"bundle_layout":"","bundle_add_to_cart_form_location":"","bundle_editable_in_cart":false,"bundle_sold_individually_context":"","bundle_item_grouping":"","bundle_min_size":"","bundle_max_size":"","bundle_price":[],"bundled_items":[],"bundle_sell_ids":[],"acf":[],"_links":{"self":[{"href":"https:\/\/goelette.ca\/en\/wp-json\/wp\/v2\/product\/56357","targetHints":{"allow":["GET"]}}],"collection":[{"href":"https:\/\/goelette.ca\/en\/wp-json\/wp\/v2\/product"}],"about":[{"href":"https:\/\/goelette.ca\/en\/wp-json\/wp\/v2\/types\/product"}],"wp:featuredmedia":[{"embeddable":true,"href":"https:\/\/goelette.ca\/en\/wp-json\/wp\/v2\/media\/56359"}],"wp:attachment":[{"href":"https:\/\/goelette.ca\/en\/wp-json\/wp\/v2\/media?parent=56357"}],"wp:term":[{"taxonomy":"product_brand","embeddable":true,"href":"https:\/\/goelette.ca\/en\/wp-json\/wp\/v2\/product_brand?post=56357"},{"taxonomy":"product_cat","embeddable":true,"href":"https:\/\/goelette.ca\/en\/wp-json\/wp\/v2\/product_cat?post=56357"},{"taxonomy":"product_tag","embeddable":true,"href":"https:\/\/goelette.ca\/en\/wp-json\/wp\/v2\/product_tag?post=56357"},{"taxonomy":"maison_dedition","embeddable":true,"href":"https:\/\/goelette.ca\/en\/wp-json\/wp\/v2\/maison_dedition?post=56357"}],"curies":[{"name":"wp","href":"https:\/\/api.w.org\/{rel}","templated":true}]}}