{"id":56335,"date":"2023-06-21T13:01:09","date_gmt":"2023-06-21T17:01:09","guid":{"rendered":"https:\/\/www.goelette.ca\/?post_type=product&#038;p=56335"},"modified":"2023-06-21T13:11:31","modified_gmt":"2023-06-21T17:11:31","slug":"mon-calendrier-de-motivation-2","status":"publish","type":"product","link":"https:\/\/goelette.ca\/en\/tous-les-livres\/mon-calendrier-de-motivation-2\/","title":{"rendered":"Mon calendrier de motivation"},"content":{"rendered":"<p>Ce calendrier de motivation vise l&#8217;apprentissage de bonnes habitudes chez les jeunes enfants, en plus de d\u00e9velopper leur autonomie et leur confiance en eux. Gr\u00e2ce aux th\u00e8mes propos\u00e9s chaque mois, aux objectifs \u00e0 atteindre et aux autocollants, encouragez votre enfant \u00e0 progresser toute l&#8217;ann\u00e9e<\/p>\n","protected":false},"excerpt":{"rendered":"<p>Ce calendrier de motivation vise l&#8217;apprentissage de bonnes habitudes chez les jeunes enfants, en plus de d\u00e9velopper leur autonomie et leur confiance en eux. Gr\u00e2ce aux th\u00e8mes propos\u00e9s chaque mois, aux objectifs \u00e0 atteindre et aux autocollants, encouragez votre enfant \u00e0 progresser toute l&#8217;ann\u00e9e<\/p>\n","protected":false},"featured_media":56337,"template":"","meta":{"wds_primary_product_brand":0,"wds_primary_product_cat":0,"wds_primary_maison_dedition":0},"product_brand":[],"product_cat":[557],"product_tag":[],"maison_dedition":[541],"class_list":{"0":"post-56335","1":"product","2":"type-product","3":"status-publish","4":"has-post-thumbnail","6":"product_cat-pratique","7":"maison_dedition-les-editions-coup-doeil","9":"first","10":"instock","11":"taxable","12":"shipping-taxable","13":"purchasable","14":"product-type-variable"},"bundled_by":[],"bundle_stock_status":"instock","bundle_stock_quantity":null,"bundle_virtual":false,"bundle_layout":"","bundle_add_to_cart_form_location":"","bundle_editable_in_cart":false,"bundle_sold_individually_context":"","bundle_item_grouping":"","bundle_min_size":"","bundle_max_size":"","bundle_price":[],"bundled_items":[],"bundle_sell_ids":[],"acf":[],"_links":{"self":[{"href":"https:\/\/goelette.ca\/en\/wp-json\/wp\/v2\/product\/56335","targetHints":{"allow":["GET"]}}],"collection":[{"href":"https:\/\/goelette.ca\/en\/wp-json\/wp\/v2\/product"}],"about":[{"href":"https:\/\/goelette.ca\/en\/wp-json\/wp\/v2\/types\/product"}],"wp:featuredmedia":[{"embeddable":true,"href":"https:\/\/goelette.ca\/en\/wp-json\/wp\/v2\/media\/56337"}],"wp:attachment":[{"href":"https:\/\/goelette.ca\/en\/wp-json\/wp\/v2\/media?parent=56335"}],"wp:term":[{"taxonomy":"product_brand","embeddable":true,"href":"https:\/\/goelette.ca\/en\/wp-json\/wp\/v2\/product_brand?post=56335"},{"taxonomy":"product_cat","embeddable":true,"href":"https:\/\/goelette.ca\/en\/wp-json\/wp\/v2\/product_cat?post=56335"},{"taxonomy":"product_tag","embeddable":true,"href":"https:\/\/goelette.ca\/en\/wp-json\/wp\/v2\/product_tag?post=56335"},{"taxonomy":"maison_dedition","embeddable":true,"href":"https:\/\/goelette.ca\/en\/wp-json\/wp\/v2\/maison_dedition?post=56335"}],"curies":[{"name":"wp","href":"https:\/\/api.w.org\/{rel}","templated":true}]}}