{"id":56330,"date":"2023-06-21T12:50:33","date_gmt":"2023-06-21T16:50:33","guid":{"rendered":"https:\/\/www.goelette.ca\/?post_type=product&#038;p=56330"},"modified":"2023-06-28T11:02:46","modified_gmt":"2023-06-28T15:02:46","slug":"a-chaque-alcool-son-cocktail","status":"publish","type":"product","link":"https:\/\/goelette.ca\/en\/tous-les-livres\/a-chaque-alcool-son-cocktail\/","title":{"rendered":"\u00c0 chaque alcool son cocktail"},"content":{"rendered":"<p>Votre bar maison regorge de bouteilles contenant vos alcools favoris que vous avez envie de d\u00e9couvrir sous de nouvelles facettes\u2009? \u00c0 chaque alcool son cocktail est l\u2019outil indispensable pour d\u00e9voiler leurs faces cach\u00e9es. R\u00e9partis par section, les spiritueux, bi\u00e8res, vins et liqueurs de ce monde n\u2019auront plus de secret pour vous gr\u00e2ce \u00e0 plus de 140 recettes de cocktails d\u00e9licieux !<\/p>\n","protected":false},"excerpt":{"rendered":"<p>Votre bar maison regorge de bouteilles contenant vos alcools favoris que vous avez envie de d\u00e9couvrir sous de nouvelles facettes\u2009? \u00c0 chaque alcool son cocktail est l\u2019outil indispensable pour d\u00e9voiler leurs faces cach\u00e9es. R\u00e9partis par section, les spiritueux, bi\u00e8res, vins et liqueurs de ce monde n\u2019auront plus de secret pour vous gr\u00e2ce \u00e0 plus de [&hellip;]<\/p>\n","protected":false},"featured_media":56333,"template":"","meta":{"wds_primary_product_brand":0,"wds_primary_product_cat":0,"wds_primary_maison_dedition":0},"product_brand":[],"product_cat":[726,550,557],"product_tag":[],"maison_dedition":[541],"class_list":{"0":"post-56330","1":"product","2":"type-product","3":"status-publish","4":"has-post-thumbnail","6":"product_cat-cuisine-et-saveurs","7":"product_cat-livres-de-cuisine","8":"product_cat-pratique","9":"maison_dedition-les-editions-coup-doeil","11":"first","12":"instock","13":"taxable","14":"shipping-taxable","15":"purchasable","16":"product-type-variable","17":"has-default-attributes"},"bundled_by":[],"bundle_stock_status":"instock","bundle_stock_quantity":null,"bundle_virtual":false,"bundle_layout":"","bundle_add_to_cart_form_location":"","bundle_editable_in_cart":false,"bundle_sold_individually_context":"","bundle_item_grouping":"","bundle_min_size":"","bundle_max_size":"","bundle_price":[],"bundled_items":[],"bundle_sell_ids":[],"acf":[],"_links":{"self":[{"href":"https:\/\/goelette.ca\/en\/wp-json\/wp\/v2\/product\/56330","targetHints":{"allow":["GET"]}}],"collection":[{"href":"https:\/\/goelette.ca\/en\/wp-json\/wp\/v2\/product"}],"about":[{"href":"https:\/\/goelette.ca\/en\/wp-json\/wp\/v2\/types\/product"}],"wp:featuredmedia":[{"embeddable":true,"href":"https:\/\/goelette.ca\/en\/wp-json\/wp\/v2\/media\/56333"}],"wp:attachment":[{"href":"https:\/\/goelette.ca\/en\/wp-json\/wp\/v2\/media?parent=56330"}],"wp:term":[{"taxonomy":"product_brand","embeddable":true,"href":"https:\/\/goelette.ca\/en\/wp-json\/wp\/v2\/product_brand?post=56330"},{"taxonomy":"product_cat","embeddable":true,"href":"https:\/\/goelette.ca\/en\/wp-json\/wp\/v2\/product_cat?post=56330"},{"taxonomy":"product_tag","embeddable":true,"href":"https:\/\/goelette.ca\/en\/wp-json\/wp\/v2\/product_tag?post=56330"},{"taxonomy":"maison_dedition","embeddable":true,"href":"https:\/\/goelette.ca\/en\/wp-json\/wp\/v2\/maison_dedition?post=56330"}],"curies":[{"name":"wp","href":"https:\/\/api.w.org\/{rel}","templated":true}]}}