{"id":56322,"date":"2023-06-21T12:02:03","date_gmt":"2023-06-21T16:02:03","guid":{"rendered":"https:\/\/www.goelette.ca\/?post_type=product&#038;p=56322"},"modified":"2023-06-21T12:15:16","modified_gmt":"2023-06-21T16:15:16","slug":"la-bible-des-jeux-de-cartes-2","status":"publish","type":"product","link":"https:\/\/goelette.ca\/en\/tous-les-livres\/la-bible-des-jeux-de-cartes-2\/","title":{"rendered":"La bible des jeux de cartes"},"content":{"rendered":"<p>La bible des jeux de cartes est un guide complet aux explications claires et accessibles \u00e0 tous. Vous y trouverez les r\u00e8gles, le d\u00e9roulement et des variantes de 150 jeux de cartes, class\u00e9s par niveaux de difficult\u00e9 et par types de jeux. En famille, entre amis ou en solo, d\u00e9couvrez le plaisir de jouer aux cartes, le langage des cartes et des anecdotes sur l\u2019histoire des cartes \u00e0 jouer !<\/p>\n<p>\u00c0 vos cartes, pr\u00eats, donnez !<\/p>\n","protected":false},"excerpt":{"rendered":"<p>La bible des jeux de cartes est un guide complet aux explications claires et accessibles \u00e0 tous. Vous y trouverez les r\u00e8gles, le d\u00e9roulement et des variantes de 150 jeux de cartes, class\u00e9s par niveaux de difficult\u00e9 et par types de jeux. En famille, entre amis ou en solo, d\u00e9couvrez le plaisir de jouer aux [&hellip;]<\/p>\n","protected":false},"featured_media":56324,"template":"","meta":{"wds_primary_product_brand":0,"wds_primary_product_cat":0,"wds_primary_maison_dedition":0},"product_brand":[],"product_cat":[566,557],"product_tag":[],"maison_dedition":[541],"class_list":{"0":"post-56322","1":"product","2":"type-product","3":"status-publish","4":"has-post-thumbnail","6":"product_cat-livres-de-jeux","7":"product_cat-pratique","8":"maison_dedition-les-editions-coup-doeil","10":"first","11":"instock","12":"taxable","13":"shipping-taxable","14":"purchasable","15":"product-type-variable"},"bundled_by":[],"bundle_stock_status":"instock","bundle_stock_quantity":null,"bundle_virtual":false,"bundle_layout":"","bundle_add_to_cart_form_location":"","bundle_editable_in_cart":false,"bundle_sold_individually_context":"","bundle_item_grouping":"","bundle_min_size":"","bundle_max_size":"","bundle_price":[],"bundled_items":[],"bundle_sell_ids":[],"acf":[],"_links":{"self":[{"href":"https:\/\/goelette.ca\/en\/wp-json\/wp\/v2\/product\/56322","targetHints":{"allow":["GET"]}}],"collection":[{"href":"https:\/\/goelette.ca\/en\/wp-json\/wp\/v2\/product"}],"about":[{"href":"https:\/\/goelette.ca\/en\/wp-json\/wp\/v2\/types\/product"}],"wp:featuredmedia":[{"embeddable":true,"href":"https:\/\/goelette.ca\/en\/wp-json\/wp\/v2\/media\/56324"}],"wp:attachment":[{"href":"https:\/\/goelette.ca\/en\/wp-json\/wp\/v2\/media?parent=56322"}],"wp:term":[{"taxonomy":"product_brand","embeddable":true,"href":"https:\/\/goelette.ca\/en\/wp-json\/wp\/v2\/product_brand?post=56322"},{"taxonomy":"product_cat","embeddable":true,"href":"https:\/\/goelette.ca\/en\/wp-json\/wp\/v2\/product_cat?post=56322"},{"taxonomy":"product_tag","embeddable":true,"href":"https:\/\/goelette.ca\/en\/wp-json\/wp\/v2\/product_tag?post=56322"},{"taxonomy":"maison_dedition","embeddable":true,"href":"https:\/\/goelette.ca\/en\/wp-json\/wp\/v2\/maison_dedition?post=56322"}],"curies":[{"name":"wp","href":"https:\/\/api.w.org\/{rel}","templated":true}]}}