{"id":55861,"date":"2023-06-01T15:51:13","date_gmt":"2023-06-01T19:51:13","guid":{"rendered":"https:\/\/www.goelette.ca\/?post_type=product&#038;p=55861"},"modified":"2023-06-02T11:46:44","modified_gmt":"2023-06-02T15:46:44","slug":"dictionnaire-des-mots-croises-2","status":"publish","type":"product","link":"https:\/\/goelette.ca\/en\/tous-les-livres\/dictionnaire-des-mots-croises-2\/","title":{"rendered":"Dictionnaire des mots crois\u00e9s &#8211; Nouvelle \u00e9dition"},"content":{"rendered":"<p>Voici l\u2019outil id\u00e9al pour vous aider \u00e0 compl\u00e9ter vos grilles de jeux de mots. Gr\u00e2ce \u00e0 son classement unique, vous trouverez ais\u00e9ment le mot recherch\u00e9 pour venir \u00e0 bout des jeux les plus compliqu\u00e9s. Dans cette nouvelle \u00e9dition, d\u00e9couvrez plus de 12 000 nouvelles d\u00e9finitions ainsi que de nombreuses mises \u00e0 jour qui font de cet ouvrage la r\u00e9f\u00e9rence de choix afin d\u2019avoir le mot juste en tout temps. Cruciverbiste chevronn\u00e9 ou d\u00e9butant, cet ouvrage est un indispensable pour r\u00e9soudre toutes les grilles de votre passe-temps pr\u00e9f\u00e9r\u00e9.<\/p>\n<p>Compatible avec les jeux des \u00c9ditions Go\u00e9lette et Coup d\u2019oeil.<\/p>\n<p>Nouvelle \u00e9dition augment\u00e9e!<\/p>\n<p>50 000 mots<\/p>\n<p>65 000 d\u00e9finitions<\/p>\n<p>160 tableaux th\u00e9matiques<\/p>\n","protected":false},"excerpt":{"rendered":"<p>Voici l\u2019outil id\u00e9al pour vous aider \u00e0 compl\u00e9ter vos grilles de jeux de mots. Gr\u00e2ce \u00e0 son classement unique, vous trouverez ais\u00e9ment le mot recherch\u00e9 pour venir \u00e0 bout des jeux les plus compliqu\u00e9s. Dans cette nouvelle \u00e9dition, d\u00e9couvrez plus de 12 000 nouvelles d\u00e9finitions ainsi que de nombreuses mises \u00e0 jour qui font de [&hellip;]<\/p>\n","protected":false},"featured_media":55864,"template":"","meta":{"wds_primary_product_brand":0,"wds_primary_product_cat":0,"wds_primary_maison_dedition":0},"product_brand":[],"product_cat":[654,557],"product_tag":[],"maison_dedition":[630],"class_list":{"0":"post-55861","1":"product","2":"type-product","3":"status-publish","4":"has-post-thumbnail","6":"product_cat-dictionnaires-pratique","7":"product_cat-pratique","8":"pa_auteur-collectif","9":"maison_dedition-les-editions-goelette","11":"first","12":"instock","13":"taxable","14":"shipping-taxable","15":"purchasable","16":"product-type-variable"},"bundled_by":[],"bundle_stock_status":"instock","bundle_stock_quantity":null,"bundle_virtual":false,"bundle_layout":"","bundle_add_to_cart_form_location":"","bundle_editable_in_cart":false,"bundle_sold_individually_context":"","bundle_item_grouping":"","bundle_min_size":"","bundle_max_size":"","bundle_price":[],"bundled_items":[],"bundle_sell_ids":[],"acf":[],"_links":{"self":[{"href":"https:\/\/goelette.ca\/en\/wp-json\/wp\/v2\/product\/55861","targetHints":{"allow":["GET"]}}],"collection":[{"href":"https:\/\/goelette.ca\/en\/wp-json\/wp\/v2\/product"}],"about":[{"href":"https:\/\/goelette.ca\/en\/wp-json\/wp\/v2\/types\/product"}],"wp:featuredmedia":[{"embeddable":true,"href":"https:\/\/goelette.ca\/en\/wp-json\/wp\/v2\/media\/55864"}],"wp:attachment":[{"href":"https:\/\/goelette.ca\/en\/wp-json\/wp\/v2\/media?parent=55861"}],"wp:term":[{"taxonomy":"product_brand","embeddable":true,"href":"https:\/\/goelette.ca\/en\/wp-json\/wp\/v2\/product_brand?post=55861"},{"taxonomy":"product_cat","embeddable":true,"href":"https:\/\/goelette.ca\/en\/wp-json\/wp\/v2\/product_cat?post=55861"},{"taxonomy":"product_tag","embeddable":true,"href":"https:\/\/goelette.ca\/en\/wp-json\/wp\/v2\/product_tag?post=55861"},{"taxonomy":"maison_dedition","embeddable":true,"href":"https:\/\/goelette.ca\/en\/wp-json\/wp\/v2\/maison_dedition?post=55861"}],"curies":[{"name":"wp","href":"https:\/\/api.w.org\/{rel}","templated":true}]}}