{"id":55486,"date":"2023-06-01T02:00:19","date_gmt":"2023-06-01T06:00:19","guid":{"rendered":"https:\/\/www.goelette.ca\/?post_type=product&#038;p=55486"},"modified":"2024-09-25T09:04:28","modified_gmt":"2024-09-25T13:04:28","slug":"le-guide-parfait-pour-gerer-son-budget","status":"publish","type":"product","link":"https:\/\/goelette.ca\/en\/tous-les-livres\/le-guide-parfait-pour-gerer-son-budget\/","title":{"rendered":"Le guide parfait pour g\u00e9rer son budget !"},"content":{"rendered":"<h3><span style=\"font-weight: 400;\">APPRENDRE \u00c0 S\u2019ORGANISER ET BUDG\u00c9TER!<\/span><\/h3>\n<p><span style=\"font-weight: 400;\">En y allant \u00e9tape par \u00e9tape, ce petit guide pratique vous aidera \u00e0 monter votre budget facilement.<\/span><\/p>\n<p>Vous vivez une relation amour-haine avec vos d\u00e9penses ? Le dernier budget que vous avez produit date de votre cours d&#8217;\u00e9conomie en cinqui\u00e8me secondaire ? Le contexte d&#8217;inflation actuel vous pr\u00e9occupe et vous oblige \u00e0 porter plus d&#8217;attention \u00e0 votre portefeuille ? Eh bien, ce livre est fait pour vous !<\/p>\n<p>Que ce soit pour la maison, le transport, les assurances, l&#8217;\u00e9picerie ou encore les v\u00eatements, Jessica Laflamme vous propose d&#8217;imbattables astuces pour maximiser votre budget.<\/p>\n<p>Par son approche simple et direct, l&#8217;autrice facilite la compr\u00e9hension de concepts souvent per\u00e7us complexes ou rebutants. Elle partage \u00e9galement des exemples concrets et des anecdotes personnelles pour vous d\u00e9culpabiliser et vous motiver \u00e0 prendre vos finances en main !<\/p>\n<p>Le guide parfait pour g\u00e9rer son budget, c&#8217;est tout ce dont vous avez besoin pour transformer la gestion de vos finances en jeu d&#8217;enfant !<\/p>\n","protected":false},"excerpt":{"rendered":"<p>APPRENDRE \u00c0 S\u2019ORGANISER ET BUDG\u00c9TER! En y allant \u00e9tape par \u00e9tape, ce petit guide pratique vous aidera \u00e0 monter votre budget facilement. Vous vivez une relation amour-haine avec vos d\u00e9penses ? Le dernier budget que vous avez produit date de votre cours d&#8217;\u00e9conomie en cinqui\u00e8me secondaire ? Le contexte d&#8217;inflation actuel vous pr\u00e9occupe et vous [&hellip;]<\/p>\n","protected":false},"featured_media":55488,"template":"","meta":{"wds_primary_product_brand":0,"wds_primary_product_cat":0,"wds_primary_maison_dedition":0},"product_brand":[],"product_cat":[586,615,614,557],"product_tag":[],"maison_dedition":[630],"class_list":{"0":"post-55486","1":"product","2":"type-product","3":"status-publish","4":"has-post-thumbnail","6":"product_cat-bien-etre-et-sante-pratique","7":"product_cat-journaux-intimes-papeterie","8":"product_cat-papeterie","9":"product_cat-pratique","10":"pa_auteur-jessica-laflamme","11":"maison_dedition-les-editions-goelette","13":"first","14":"instock","15":"taxable","16":"shipping-taxable","17":"purchasable","18":"product-type-variable","19":"has-default-attributes"},"bundled_by":[],"bundle_stock_status":"instock","bundle_stock_quantity":null,"bundle_virtual":false,"bundle_layout":"","bundle_add_to_cart_form_location":"","bundle_editable_in_cart":false,"bundle_sold_individually_context":"","bundle_item_grouping":"","bundle_min_size":"","bundle_max_size":"","bundle_price":[],"bundled_items":[],"bundle_sell_ids":[],"acf":[],"_links":{"self":[{"href":"https:\/\/goelette.ca\/en\/wp-json\/wp\/v2\/product\/55486","targetHints":{"allow":["GET"]}}],"collection":[{"href":"https:\/\/goelette.ca\/en\/wp-json\/wp\/v2\/product"}],"about":[{"href":"https:\/\/goelette.ca\/en\/wp-json\/wp\/v2\/types\/product"}],"wp:featuredmedia":[{"embeddable":true,"href":"https:\/\/goelette.ca\/en\/wp-json\/wp\/v2\/media\/55488"}],"wp:attachment":[{"href":"https:\/\/goelette.ca\/en\/wp-json\/wp\/v2\/media?parent=55486"}],"wp:term":[{"taxonomy":"product_brand","embeddable":true,"href":"https:\/\/goelette.ca\/en\/wp-json\/wp\/v2\/product_brand?post=55486"},{"taxonomy":"product_cat","embeddable":true,"href":"https:\/\/goelette.ca\/en\/wp-json\/wp\/v2\/product_cat?post=55486"},{"taxonomy":"product_tag","embeddable":true,"href":"https:\/\/goelette.ca\/en\/wp-json\/wp\/v2\/product_tag?post=55486"},{"taxonomy":"maison_dedition","embeddable":true,"href":"https:\/\/goelette.ca\/en\/wp-json\/wp\/v2\/maison_dedition?post=55486"}],"curies":[{"name":"wp","href":"https:\/\/api.w.org\/{rel}","templated":true}]}}