{"id":55235,"date":"2023-05-08T16:17:37","date_gmt":"2023-05-08T20:17:37","guid":{"rendered":"https:\/\/www.goelette.ca\/?post_type=product&#038;p=55235"},"modified":"2023-06-12T09:27:50","modified_gmt":"2023-06-12T13:27:50","slug":"jeux-des-animaux-1-3-5-ans","status":"publish","type":"product","link":"https:\/\/goelette.ca\/en\/tous-les-livres\/jeux-des-animaux-1-3-5-ans\/","title":{"rendered":"Jeux des animaux (3-5 ans) &#8211; Tigre"},"content":{"rendered":"<p>Joue avec les animaux !<\/p>\n<p>Entre dans leur univers avec ces activit\u00e9s de dessin, de logique, d\u2019observation, de chiffres et de lettres. Utilise tes crayons et les autocollants fournis pour jouer\u2009! Transporte ton livre partout avec toi gr\u00e2ce \u00e0 la poign\u00e9e<\/p>\n","protected":false},"excerpt":{"rendered":"<p>Joue avec les animaux ! Entre dans leur univers avec ces activit\u00e9s de dessin, de logique, d\u2019observation, de chiffres et de lettres. Utilise tes crayons et les autocollants fournis pour jouer\u2009! Transporte ton livre partout avec toi gr\u00e2ce \u00e0 la poign\u00e9e<\/p>\n","protected":false},"featured_media":55237,"template":"","meta":{"wds_primary_product_brand":0,"wds_primary_product_cat":0,"wds_primary_maison_dedition":0},"product_brand":[],"product_cat":[560,538,566,597],"product_tag":[],"maison_dedition":[541],"class_list":{"0":"post-55235","1":"product","2":"type-product","3":"status-publish","4":"has-post-thumbnail","6":"product_cat-3-5-ans","7":"product_cat-jeunesse","8":"product_cat-livres-de-jeux","9":"product_cat-parascolaire","10":"maison_dedition-les-editions-coup-doeil","12":"first","13":"instock","14":"taxable","15":"shipping-taxable","16":"purchasable","17":"product-type-variable"},"bundled_by":[],"bundle_stock_status":"instock","bundle_stock_quantity":null,"bundle_virtual":false,"bundle_layout":"","bundle_add_to_cart_form_location":"","bundle_editable_in_cart":false,"bundle_sold_individually_context":"","bundle_item_grouping":"","bundle_min_size":"","bundle_max_size":"","bundle_price":[],"bundled_items":[],"bundle_sell_ids":[],"acf":[],"_links":{"self":[{"href":"https:\/\/goelette.ca\/en\/wp-json\/wp\/v2\/product\/55235","targetHints":{"allow":["GET"]}}],"collection":[{"href":"https:\/\/goelette.ca\/en\/wp-json\/wp\/v2\/product"}],"about":[{"href":"https:\/\/goelette.ca\/en\/wp-json\/wp\/v2\/types\/product"}],"wp:featuredmedia":[{"embeddable":true,"href":"https:\/\/goelette.ca\/en\/wp-json\/wp\/v2\/media\/55237"}],"wp:attachment":[{"href":"https:\/\/goelette.ca\/en\/wp-json\/wp\/v2\/media?parent=55235"}],"wp:term":[{"taxonomy":"product_brand","embeddable":true,"href":"https:\/\/goelette.ca\/en\/wp-json\/wp\/v2\/product_brand?post=55235"},{"taxonomy":"product_cat","embeddable":true,"href":"https:\/\/goelette.ca\/en\/wp-json\/wp\/v2\/product_cat?post=55235"},{"taxonomy":"product_tag","embeddable":true,"href":"https:\/\/goelette.ca\/en\/wp-json\/wp\/v2\/product_tag?post=55235"},{"taxonomy":"maison_dedition","embeddable":true,"href":"https:\/\/goelette.ca\/en\/wp-json\/wp\/v2\/maison_dedition?post=55235"}],"curies":[{"name":"wp","href":"https:\/\/api.w.org\/{rel}","templated":true}]}}