{"id":55131,"date":"2023-06-01T00:02:12","date_gmt":"2023-06-01T04:02:12","guid":{"rendered":"https:\/\/www.goelette.ca\/?post_type=product&#038;p=55131"},"modified":"2023-06-06T08:52:45","modified_gmt":"2023-06-06T12:52:45","slug":"frappe-en-plein-coeur","status":"publish","type":"product","link":"https:\/\/goelette.ca\/en\/tous-les-livres\/frappe-en-plein-coeur\/","title":{"rendered":"Frapp\u00e9e en plein c\u0153ur"},"content":{"rendered":"<p>Intervenante en toxicomanie et c\u00e9libataire endurcie, Lauralie tente d\u2019\u00e9chapper \u00e0 la solitude en se plongeant \u00e0 fond dans son travail, qui la passionne. Un jour, en arrivant au boulot, elle tombe sur une adolescente intoxiqu\u00e9e qui lui demande son aide. Imm\u00e9diatement, Lauralie se sent interpel\u00e9e par la d\u00e9tresse d\u2019Alexia et se promet de tout faire pour sauver la jeune fille de l\u2019enfer de la drogue. Au m\u00eame moment, la vie sentimentale de Lauralie semble enfin prendre un d\u00e9tour \u00e9tonnant. Un beau brun du nom de Max emm\u00e9nage dans l\u2019appartement \u00e0 c\u00f4t\u00e9 de chez elle. Charmant, ce nouveau voisin chavire bien vite les sens de la jolie rousse. Se pourrait-il qu\u2019elle soit vraiment amoureuse cette fois? Mais qu\u2019en est-il de Justin, son coll\u00e8gue, qui lui d\u00e9clare soudainement son amour? Elle, qui l\u2019a toujours consid\u00e9r\u00e9 simplement comme un ami, ne sait pas plus quoi penser de leur relation. L\u2019aime-t-elle aussi? Une chose est s\u00fbre, Lauralie aura du pain sur la planche pour comprendre ce que son c\u0153ur veut r\u00e9ellement.<\/p>\n","protected":false},"excerpt":{"rendered":"<p>Intervenante en toxicomanie et c\u00e9libataire endurcie, Lauralie tente d\u2019\u00e9chapper \u00e0 la solitude en se plongeant \u00e0 fond dans son travail, qui la passionne. Un jour, en arrivant au boulot, elle tombe sur une adolescente intoxiqu\u00e9e qui lui demande son aide. Imm\u00e9diatement, Lauralie se sent interpel\u00e9e par la d\u00e9tresse d\u2019Alexia et se promet de tout faire [&hellip;]<\/p>\n","protected":false},"featured_media":55133,"template":"","meta":{"wds_primary_product_brand":0,"wds_primary_product_cat":0,"wds_primary_maison_dedition":0},"product_brand":[],"product_cat":[542,585],"product_tag":[],"maison_dedition":[630],"class_list":{"0":"post-55131","1":"product","2":"type-product","3":"status-publish","4":"has-post-thumbnail","6":"product_cat-roman","7":"product_cat-romance","8":"pa_auteur-vicky-belanger","9":"maison_dedition-les-editions-goelette","11":"first","12":"instock","13":"taxable","14":"shipping-taxable","15":"purchasable","16":"product-type-variable"},"bundled_by":[],"bundle_stock_status":"instock","bundle_stock_quantity":null,"bundle_virtual":false,"bundle_layout":"","bundle_add_to_cart_form_location":"","bundle_editable_in_cart":false,"bundle_sold_individually_context":"","bundle_item_grouping":"","bundle_min_size":"","bundle_max_size":"","bundle_price":[],"bundled_items":[],"bundle_sell_ids":[],"acf":[],"_links":{"self":[{"href":"https:\/\/goelette.ca\/en\/wp-json\/wp\/v2\/product\/55131","targetHints":{"allow":["GET"]}}],"collection":[{"href":"https:\/\/goelette.ca\/en\/wp-json\/wp\/v2\/product"}],"about":[{"href":"https:\/\/goelette.ca\/en\/wp-json\/wp\/v2\/types\/product"}],"wp:featuredmedia":[{"embeddable":true,"href":"https:\/\/goelette.ca\/en\/wp-json\/wp\/v2\/media\/55133"}],"wp:attachment":[{"href":"https:\/\/goelette.ca\/en\/wp-json\/wp\/v2\/media?parent=55131"}],"wp:term":[{"taxonomy":"product_brand","embeddable":true,"href":"https:\/\/goelette.ca\/en\/wp-json\/wp\/v2\/product_brand?post=55131"},{"taxonomy":"product_cat","embeddable":true,"href":"https:\/\/goelette.ca\/en\/wp-json\/wp\/v2\/product_cat?post=55131"},{"taxonomy":"product_tag","embeddable":true,"href":"https:\/\/goelette.ca\/en\/wp-json\/wp\/v2\/product_tag?post=55131"},{"taxonomy":"maison_dedition","embeddable":true,"href":"https:\/\/goelette.ca\/en\/wp-json\/wp\/v2\/maison_dedition?post=55131"}],"curies":[{"name":"wp","href":"https:\/\/api.w.org\/{rel}","templated":true}]}}