{"id":55108,"date":"2023-05-25T10:20:11","date_gmt":"2023-05-25T14:20:11","guid":{"rendered":"https:\/\/www.goelette.ca\/?post_type=product&#038;p=55108"},"modified":"2025-11-05T10:46:54","modified_gmt":"2025-11-05T15:46:54","slug":"mangez-bien-depensez-moins","status":"publish","type":"product","link":"https:\/\/goelette.ca\/en\/tous-les-livres\/mangez-bien-depensez-moins\/","title":{"rendered":"Mangez bien, d\u00e9pensez moins"},"content":{"rendered":"<p><em>Un incontournable pour r\u00e9duire votre facture d\u2019\u00e9picerie et combattre l\u2019inflation une recette \u00e0 la fois\u00a0! <\/em><\/p>\n<p>&nbsp;<\/p>\n<p>Envie de vous r\u00e9galer sans fracasser votre budget ? \u00c7a tombe bien, car Eve Martel vous propose une cinquantaine de recettes \u00e9labor\u00e9es pour les gens qui souhaitent \u00e9conomiser tout en profitant des plaisirs de la table. Au menu : des plats savoureux, simples et qui font briller des ingr\u00e9dients peu dispendieux. Regroup\u00e9es par section, (d\u00e9jeuners, entr\u00e9es le fun, lunchs, soupers, soupes-repas, cuisiner en grande quantit\u00e9, accompagnements et snacks puis desserts), les recettes originales et passe-partout s\u2019adaptent parfaitement \u00e0 la cuisine de tous les jours. Celle que vous souhaitez manger vous-m\u00eame et offrir \u00e0 vos proches !<\/p>\n<p>&nbsp;<\/p>\n<p>Et puisque remplir son panier d\u2019\u00e9picerie n\u2019a jamais \u00e9t\u00e9 aussi co\u00fbteux, l\u2019autrice vous r\u00e9v\u00e8le \u00e9galement ses astuces et ses conseils pour vous permettre de planifier judicieusement vos achats et vos repas, d\u2019all\u00e9ger votre facture au supermarch\u00e9, de maximiser vos r\u00e9serves et surtout, de maximiser vos dollars alimentaires afin de garnir davantage votre assiette.<\/p>\n","protected":false},"excerpt":{"rendered":"<p>Un incontournable pour r\u00e9duire votre facture d\u2019\u00e9picerie et combattre l\u2019inflation une recette \u00e0 la fois\u00a0! &nbsp; Envie de vous r\u00e9galer sans fracasser votre budget ? \u00c7a tombe bien, car Eve Martel vous propose une cinquantaine de recettes \u00e9labor\u00e9es pour les gens qui souhaitent \u00e9conomiser tout en profitant des plaisirs de la table. Au menu : [&hellip;]<\/p>\n","protected":false},"featured_media":55111,"template":"","meta":{"wds_primary_product_brand":0,"wds_primary_product_cat":0,"wds_primary_maison_dedition":0},"product_brand":[],"product_cat":[726,550,557],"product_tag":[],"maison_dedition":[630],"class_list":{"0":"post-55108","1":"product","2":"type-product","3":"status-publish","4":"has-post-thumbnail","6":"product_cat-cuisine-et-saveurs","7":"product_cat-livres-de-cuisine","8":"product_cat-pratique","9":"pa_auteur-eve-martel","10":"maison_dedition-les-editions-goelette","12":"first","13":"instock","14":"taxable","15":"shipping-taxable","16":"purchasable","17":"product-type-variable","18":"has-default-attributes"},"bundled_by":[],"bundle_stock_status":"instock","bundle_stock_quantity":null,"bundle_virtual":false,"bundle_layout":"","bundle_add_to_cart_form_location":"","bundle_editable_in_cart":false,"bundle_sold_individually_context":"","bundle_item_grouping":"","bundle_min_size":"","bundle_max_size":"","bundle_price":[],"bundled_items":[],"bundle_sell_ids":[],"acf":[],"_links":{"self":[{"href":"https:\/\/goelette.ca\/en\/wp-json\/wp\/v2\/product\/55108","targetHints":{"allow":["GET"]}}],"collection":[{"href":"https:\/\/goelette.ca\/en\/wp-json\/wp\/v2\/product"}],"about":[{"href":"https:\/\/goelette.ca\/en\/wp-json\/wp\/v2\/types\/product"}],"wp:featuredmedia":[{"embeddable":true,"href":"https:\/\/goelette.ca\/en\/wp-json\/wp\/v2\/media\/55111"}],"wp:attachment":[{"href":"https:\/\/goelette.ca\/en\/wp-json\/wp\/v2\/media?parent=55108"}],"wp:term":[{"taxonomy":"product_brand","embeddable":true,"href":"https:\/\/goelette.ca\/en\/wp-json\/wp\/v2\/product_brand?post=55108"},{"taxonomy":"product_cat","embeddable":true,"href":"https:\/\/goelette.ca\/en\/wp-json\/wp\/v2\/product_cat?post=55108"},{"taxonomy":"product_tag","embeddable":true,"href":"https:\/\/goelette.ca\/en\/wp-json\/wp\/v2\/product_tag?post=55108"},{"taxonomy":"maison_dedition","embeddable":true,"href":"https:\/\/goelette.ca\/en\/wp-json\/wp\/v2\/maison_dedition?post=55108"}],"curies":[{"name":"wp","href":"https:\/\/api.w.org\/{rel}","templated":true}]}}