{"id":55097,"date":"2023-05-18T00:02:10","date_gmt":"2023-05-18T04:02:10","guid":{"rendered":"https:\/\/www.goelette.ca\/?post_type=product&#038;p=55097"},"modified":"2023-06-28T13:24:43","modified_gmt":"2023-06-28T17:24:43","slug":"les-burgers-dines","status":"publish","type":"product","link":"https:\/\/goelette.ca\/en\/tous-les-livres\/les-burgers-dines\/","title":{"rendered":"Les burgers d&#8217;In\u00e8s"},"content":{"rendered":"<p>\u00ab\u00a0Le hamburger est bien plus que du fast-food, c\u2019est du fast-good\u00a0\u00bb<\/p>\n<p>&nbsp;<\/p>\n<p>Voil\u00e0 ce que je vous prouve gr\u00e2ce \u00e0 une cinquantaine de recettes originales, d\u00e9cadentes et savoureuses dans lesquelles mon mets favori, le hamburger, est \u00e0 l\u2019honneur.\u00a0 Mes cr\u00e9ations culinaires n\u2019ont rien d\u2019ennuyant. Je me suis inspir\u00e9e des nombreuses destinations que j\u2019ai visit\u00e9es aux quatre coins du globe afin de faire voyager ce sandwich chaud jusqu\u2019\u00e0 en concocter des versions \u00e9clat\u00e9es avec le smash-burger qui fait ma renomm\u00e9e.<\/p>\n<p>Je vous d\u00e9voile maintenant quelques-uns de mes secrets permettant de cuisiner des pains uniques, des sauces onctueuses et parfum\u00e9es, des burgers et des smash-burgers divins, des condiments et des \u00e0-c\u00f4t\u00e9s succulents. Assur\u00e9ment, mes recettes en mettront plein la vue, mais surtout, plein les papilles\u00a0!<\/p>\n","protected":false},"excerpt":{"rendered":"<p>\u00ab\u00a0Le hamburger est bien plus que du fast-food, c\u2019est du fast-good\u00a0\u00bb &nbsp; Voil\u00e0 ce que je vous prouve gr\u00e2ce \u00e0 une cinquantaine de recettes originales, d\u00e9cadentes et savoureuses dans lesquelles mon mets favori, le hamburger, est \u00e0 l\u2019honneur.\u00a0 Mes cr\u00e9ations culinaires n\u2019ont rien d\u2019ennuyant. Je me suis inspir\u00e9e des nombreuses destinations que j\u2019ai visit\u00e9es aux [&hellip;]<\/p>\n","protected":false},"featured_media":55100,"template":"","meta":{"wds_primary_product_brand":0,"wds_primary_product_cat":0,"wds_primary_maison_dedition":0},"product_brand":[],"product_cat":[726,550,557],"product_tag":[],"maison_dedition":[630],"class_list":{"0":"post-55097","1":"product","2":"type-product","3":"status-publish","4":"has-post-thumbnail","6":"product_cat-cuisine-et-saveurs","7":"product_cat-livres-de-cuisine","8":"product_cat-pratique","9":"pa_auteur-ines-gauthier","10":"maison_dedition-les-editions-goelette","12":"first","13":"instock","14":"taxable","15":"shipping-taxable","16":"purchasable","17":"product-type-variable","18":"has-default-attributes"},"bundled_by":[],"bundle_stock_status":"instock","bundle_stock_quantity":null,"bundle_virtual":false,"bundle_layout":"","bundle_add_to_cart_form_location":"","bundle_editable_in_cart":false,"bundle_sold_individually_context":"","bundle_item_grouping":"","bundle_min_size":"","bundle_max_size":"","bundle_price":[],"bundled_items":[],"bundle_sell_ids":[],"acf":[],"_links":{"self":[{"href":"https:\/\/goelette.ca\/en\/wp-json\/wp\/v2\/product\/55097","targetHints":{"allow":["GET"]}}],"collection":[{"href":"https:\/\/goelette.ca\/en\/wp-json\/wp\/v2\/product"}],"about":[{"href":"https:\/\/goelette.ca\/en\/wp-json\/wp\/v2\/types\/product"}],"wp:featuredmedia":[{"embeddable":true,"href":"https:\/\/goelette.ca\/en\/wp-json\/wp\/v2\/media\/55100"}],"wp:attachment":[{"href":"https:\/\/goelette.ca\/en\/wp-json\/wp\/v2\/media?parent=55097"}],"wp:term":[{"taxonomy":"product_brand","embeddable":true,"href":"https:\/\/goelette.ca\/en\/wp-json\/wp\/v2\/product_brand?post=55097"},{"taxonomy":"product_cat","embeddable":true,"href":"https:\/\/goelette.ca\/en\/wp-json\/wp\/v2\/product_cat?post=55097"},{"taxonomy":"product_tag","embeddable":true,"href":"https:\/\/goelette.ca\/en\/wp-json\/wp\/v2\/product_tag?post=55097"},{"taxonomy":"maison_dedition","embeddable":true,"href":"https:\/\/goelette.ca\/en\/wp-json\/wp\/v2\/maison_dedition?post=55097"}],"curies":[{"name":"wp","href":"https:\/\/api.w.org\/{rel}","templated":true}]}}