{"id":54994,"date":"2023-05-01T16:31:33","date_gmt":"2023-05-01T20:31:33","guid":{"rendered":"https:\/\/www.goelette.ca\/?post_type=product&#038;p=54994"},"modified":"2023-06-28T11:34:56","modified_gmt":"2023-06-28T15:34:56","slug":"points-a-relier-art-therapie-au-quotidien","status":"publish","type":"product","link":"https:\/\/goelette.ca\/en\/tous-les-livres\/points-a-relier-art-therapie-au-quotidien\/","title":{"rendered":"Points \u00e0 relier &#8211; Art-th\u00e9rapie au quotidien"},"content":{"rendered":"<p style=\"text-align: justify;\"><span id=\"ctl09_ctl01_mz1Div_ctl00_ctl00_lblResumeValue\" class=\"lblResumeValue\">Lib\u00e9rez-vous du stress du quotidien gr\u00e2ce aux points \u00e0 relier. Faites appara\u00eetre des images apaisantes et originales en reliant les points. Les silhouettes, paysages et formes se r\u00e9v\u00e8leront au rythme de votre crayon. Ajoutez de la couleur selon votre inspiration.<\/span><\/p>\n","protected":false},"excerpt":{"rendered":"<p>Lib\u00e9rez-vous du stress du quotidien gr\u00e2ce aux points \u00e0 relier. Faites appara\u00eetre des images apaisantes et originales en reliant les points. Les silhouettes, paysages et formes se r\u00e9v\u00e8leront au rythme de votre crayon. Ajoutez de la couleur selon votre inspiration.<\/p>\n","protected":false},"featured_media":55018,"template":"","meta":{"wds_primary_product_brand":0,"wds_primary_product_cat":0,"wds_primary_maison_dedition":0},"product_brand":[],"product_cat":[573,557],"product_tag":[],"maison_dedition":[541],"class_list":{"0":"post-54994","1":"product","2":"type-product","3":"status-publish","4":"has-post-thumbnail","6":"product_cat-points-a-relier","7":"product_cat-pratique","8":"maison_dedition-les-editions-coup-doeil","10":"first","11":"instock","12":"taxable","13":"shipping-taxable","14":"purchasable","15":"product-type-variable"},"bundled_by":[],"bundle_stock_status":"instock","bundle_stock_quantity":null,"bundle_virtual":false,"bundle_layout":"","bundle_add_to_cart_form_location":"","bundle_editable_in_cart":false,"bundle_sold_individually_context":"","bundle_item_grouping":"","bundle_min_size":"","bundle_max_size":"","bundle_price":[],"bundled_items":[],"bundle_sell_ids":[],"acf":[],"_links":{"self":[{"href":"https:\/\/goelette.ca\/en\/wp-json\/wp\/v2\/product\/54994","targetHints":{"allow":["GET"]}}],"collection":[{"href":"https:\/\/goelette.ca\/en\/wp-json\/wp\/v2\/product"}],"about":[{"href":"https:\/\/goelette.ca\/en\/wp-json\/wp\/v2\/types\/product"}],"wp:featuredmedia":[{"embeddable":true,"href":"https:\/\/goelette.ca\/en\/wp-json\/wp\/v2\/media\/55018"}],"wp:attachment":[{"href":"https:\/\/goelette.ca\/en\/wp-json\/wp\/v2\/media?parent=54994"}],"wp:term":[{"taxonomy":"product_brand","embeddable":true,"href":"https:\/\/goelette.ca\/en\/wp-json\/wp\/v2\/product_brand?post=54994"},{"taxonomy":"product_cat","embeddable":true,"href":"https:\/\/goelette.ca\/en\/wp-json\/wp\/v2\/product_cat?post=54994"},{"taxonomy":"product_tag","embeddable":true,"href":"https:\/\/goelette.ca\/en\/wp-json\/wp\/v2\/product_tag?post=54994"},{"taxonomy":"maison_dedition","embeddable":true,"href":"https:\/\/goelette.ca\/en\/wp-json\/wp\/v2\/maison_dedition?post=54994"}],"curies":[{"name":"wp","href":"https:\/\/api.w.org\/{rel}","templated":true}]}}