{"id":54990,"date":"2023-05-01T16:26:51","date_gmt":"2023-05-01T20:26:51","guid":{"rendered":"https:\/\/www.goelette.ca\/?post_type=product&#038;p=54990"},"modified":"2023-06-28T11:36:34","modified_gmt":"2023-06-28T15:36:34","slug":"mandalas-art-therapie-au-quotidien-1re-et-2e-edition","status":"publish","type":"product","link":"https:\/\/goelette.ca\/en\/tous-les-livres\/mandalas-art-therapie-au-quotidien-1re-et-2e-edition\/","title":{"rendered":"Mandalas &#8211; Art-th\u00e9rapie au quotidien"},"content":{"rendered":"<p style=\"text-align: justify;\">N\u00e9 de l\u2019hindouisme et du bouddhisme, le mandala est un agencement de formes diverses employ\u00e9 comme aide \u00e0 la m\u00e9ditation. Leur coloriage permet de faire le calme en soi et de d\u00e9velopper la patience et la concentration. Cet art encourage \u00e0 retrouver l\u2019\u00e9quilibre tout en favorisant l\u2019harmonie, l\u2019apaisement et la s\u00e9r\u00e9nit\u00e9. Installez-vous confortablement dans un endroit qui favorise la relaxation. Feuilletez le livre afin de trouver le mandala qui repr\u00e9sente le mieux votre \u00e9tat d\u2019esprit ou le sens que vous souhaitez donner \u00e0 votre m\u00e9ditation. Choisissez ensuite des couleurs selon votre inspiration et vos pr\u00e9f\u00e9rences personnelles<\/p>\n","protected":false},"excerpt":{"rendered":"<p>N\u00e9 de l\u2019hindouisme et du bouddhisme, le mandala est un agencement de formes diverses employ\u00e9 comme aide \u00e0 la m\u00e9ditation. Leur coloriage permet de faire le calme en soi et de d\u00e9velopper la patience et la concentration. Cet art encourage \u00e0 retrouver l\u2019\u00e9quilibre tout en favorisant l\u2019harmonie, l\u2019apaisement et la s\u00e9r\u00e9nit\u00e9. Installez-vous confortablement dans un [&hellip;]<\/p>\n","protected":false},"featured_media":54992,"template":"","meta":{"wds_primary_product_brand":0,"wds_primary_product_cat":0,"wds_primary_maison_dedition":0},"product_brand":[],"product_cat":[612,557],"product_tag":[],"maison_dedition":[541],"class_list":{"0":"post-54990","1":"product","2":"type-product","3":"status-publish","4":"has-post-thumbnail","6":"product_cat-mandalas","7":"product_cat-pratique","8":"maison_dedition-les-editions-coup-doeil","10":"first","11":"instock","12":"taxable","13":"shipping-taxable","14":"purchasable","15":"product-type-variable"},"bundled_by":[],"bundle_stock_status":"instock","bundle_stock_quantity":null,"bundle_virtual":false,"bundle_layout":"","bundle_add_to_cart_form_location":"","bundle_editable_in_cart":false,"bundle_sold_individually_context":"","bundle_item_grouping":"","bundle_min_size":"","bundle_max_size":"","bundle_price":[],"bundled_items":[],"bundle_sell_ids":[],"acf":[],"_links":{"self":[{"href":"https:\/\/goelette.ca\/en\/wp-json\/wp\/v2\/product\/54990","targetHints":{"allow":["GET"]}}],"collection":[{"href":"https:\/\/goelette.ca\/en\/wp-json\/wp\/v2\/product"}],"about":[{"href":"https:\/\/goelette.ca\/en\/wp-json\/wp\/v2\/types\/product"}],"wp:featuredmedia":[{"embeddable":true,"href":"https:\/\/goelette.ca\/en\/wp-json\/wp\/v2\/media\/54992"}],"wp:attachment":[{"href":"https:\/\/goelette.ca\/en\/wp-json\/wp\/v2\/media?parent=54990"}],"wp:term":[{"taxonomy":"product_brand","embeddable":true,"href":"https:\/\/goelette.ca\/en\/wp-json\/wp\/v2\/product_brand?post=54990"},{"taxonomy":"product_cat","embeddable":true,"href":"https:\/\/goelette.ca\/en\/wp-json\/wp\/v2\/product_cat?post=54990"},{"taxonomy":"product_tag","embeddable":true,"href":"https:\/\/goelette.ca\/en\/wp-json\/wp\/v2\/product_tag?post=54990"},{"taxonomy":"maison_dedition","embeddable":true,"href":"https:\/\/goelette.ca\/en\/wp-json\/wp\/v2\/maison_dedition?post=54990"}],"curies":[{"name":"wp","href":"https:\/\/api.w.org\/{rel}","templated":true}]}}