{"id":54986,"date":"2023-05-01T16:12:01","date_gmt":"2023-05-01T20:12:01","guid":{"rendered":"https:\/\/www.goelette.ca\/?post_type=product&#038;p=54986"},"modified":"2023-06-28T11:31:24","modified_gmt":"2023-06-28T15:31:24","slug":"coloriages-inspirants-art-therapie-au-quotidien-1re-et-2e-edition","status":"publish","type":"product","link":"https:\/\/goelette.ca\/en\/tous-les-livres\/coloriages-inspirants-art-therapie-au-quotidien-1re-et-2e-edition\/","title":{"rendered":"Coloriages inspirants &#8211; Art-th\u00e9rapie au quotidien"},"content":{"rendered":"<p style=\"text-align: justify;\">Prenez vos crayons et laissez-vous inspirer par les motifs apaisants pour s\u00e9lectionner votre palette de couleurs. Choisissez des tons contrast\u00e9s pour faire ressortir certaines zones ou optez pour diff\u00e9rentes nuances d\u2019une m\u00eame teinte pour un fini plus sobre.<\/p>\n<p>&nbsp;<\/p>\n<p>Pour vous aider \u00e0 atteindre un \u00e9tat de relaxation, portez attention \u00e0 l\u2019environnement dans lequel vous vous<br \/>\ninstallez pour colorier. Privil\u00e9giez un endroit calme et exempt de sources de distraction (ordinateur, t\u00e9l\u00e9phone ou t\u00e9l\u00e9vision). Pourquoi ne pas \u00e9couter une musique douce ou des sons de la nature?<\/p>\n","protected":false},"excerpt":{"rendered":"<p>Prenez vos crayons et laissez-vous inspirer par les motifs apaisants pour s\u00e9lectionner votre palette de couleurs. Choisissez des tons contrast\u00e9s pour faire ressortir certaines zones ou optez pour diff\u00e9rentes nuances d\u2019une m\u00eame teinte pour un fini plus sobre. &nbsp; Pour vous aider \u00e0 atteindre un \u00e9tat de relaxation, portez attention \u00e0 l\u2019environnement dans lequel vous [&hellip;]<\/p>\n","protected":false},"featured_media":54988,"template":"","meta":{"wds_primary_product_brand":0,"wds_primary_product_cat":0,"wds_primary_maison_dedition":0},"product_brand":[],"product_cat":[567,652,571,612,557],"product_tag":[],"maison_dedition":[541],"class_list":{"0":"post-54986","1":"product","2":"type-product","3":"status-publish","4":"has-post-thumbnail","6":"product_cat-adulte","7":"product_cat-coloriage-pratique","8":"product_cat-coloriage","9":"product_cat-mandalas","10":"product_cat-pratique","11":"maison_dedition-les-editions-coup-doeil","13":"first","14":"instock","15":"taxable","16":"shipping-taxable","17":"purchasable","18":"product-type-variable"},"bundled_by":[],"bundle_stock_status":"instock","bundle_stock_quantity":null,"bundle_virtual":false,"bundle_layout":"","bundle_add_to_cart_form_location":"","bundle_editable_in_cart":false,"bundle_sold_individually_context":"","bundle_item_grouping":"","bundle_min_size":"","bundle_max_size":"","bundle_price":[],"bundled_items":[],"bundle_sell_ids":[],"acf":[],"_links":{"self":[{"href":"https:\/\/goelette.ca\/en\/wp-json\/wp\/v2\/product\/54986","targetHints":{"allow":["GET"]}}],"collection":[{"href":"https:\/\/goelette.ca\/en\/wp-json\/wp\/v2\/product"}],"about":[{"href":"https:\/\/goelette.ca\/en\/wp-json\/wp\/v2\/types\/product"}],"wp:featuredmedia":[{"embeddable":true,"href":"https:\/\/goelette.ca\/en\/wp-json\/wp\/v2\/media\/54988"}],"wp:attachment":[{"href":"https:\/\/goelette.ca\/en\/wp-json\/wp\/v2\/media?parent=54986"}],"wp:term":[{"taxonomy":"product_brand","embeddable":true,"href":"https:\/\/goelette.ca\/en\/wp-json\/wp\/v2\/product_brand?post=54986"},{"taxonomy":"product_cat","embeddable":true,"href":"https:\/\/goelette.ca\/en\/wp-json\/wp\/v2\/product_cat?post=54986"},{"taxonomy":"product_tag","embeddable":true,"href":"https:\/\/goelette.ca\/en\/wp-json\/wp\/v2\/product_tag?post=54986"},{"taxonomy":"maison_dedition","embeddable":true,"href":"https:\/\/goelette.ca\/en\/wp-json\/wp\/v2\/maison_dedition?post=54986"}],"curies":[{"name":"wp","href":"https:\/\/api.w.org\/{rel}","templated":true}]}}