{"id":54718,"date":"2023-05-01T08:00:24","date_gmt":"2023-05-01T12:00:24","guid":{"rendered":"https:\/\/www.goelette.ca\/?post_type=product&#038;p=54718"},"modified":"2023-06-28T13:39:03","modified_gmt":"2023-06-28T17:39:03","slug":"smoothies-recettes","status":"publish","type":"product","link":"https:\/\/goelette.ca\/en\/tous-les-livres\/smoothies-recettes\/","title":{"rendered":"Smoothies"},"content":{"rendered":"<p>\u00ab D\u00e9jeuner c\u2019est bien, d\u00e9jeuner en couleur, c\u2019est encore meilleur ! \u00bb<\/p>\n<p>C\u2019est ce que l\u2019auteure propose, avec ce tout premier livre dans lequel elle partage tout ce qu\u2019elle aurait aim\u00e9 savoir lorsqu\u2019elle a commenc\u00e9 \u00e0 r\u00e9aliser des bols de smoothie ! En toute simplicit\u00e9 et avec une touche de bienveillance, Smoothies vous permet de cr\u00e9er des bols originaux et de les servir de fa\u00e7on cr\u00e9ative, sous plusieurs formes. En tout, plus de 60 recettes vous sont propos\u00e9es pour vous inspirer \u00e0 manger plus de v\u00e9g\u00e9taux, plus color\u00e9 et avec plus de plaisir !<\/p>\n<p>\u00c9nergique, enjou\u00e9e et passionn\u00e9e, Marisol Turcot est directrice de projet \u00e0 temps plein et fi\u00e8re maman de deux jeunes adultes. En 2018, elle cr\u00e9e Couleurs et v\u00e9g\u00e9taux, un compte Instagram et Facebook sur lesquels elle partage, pour le plaisir, sa passion pour les bols de smoothie. Initialement pour prendre du temps pour elle, cette activit\u00e9 lui permet un temps d\u2019arr\u00eat pour porter plus d\u2019attention \u00e0 ses d\u00e9jeuners. Aujourd\u2019hui, elle ne peut imaginer un d\u00e9but de journ\u00e9e sans une bonne dose de couleur !<\/p>\n","protected":false},"excerpt":{"rendered":"<p>\u00ab D\u00e9jeuner c\u2019est bien, d\u00e9jeuner en couleur, c\u2019est encore meilleur ! \u00bb C\u2019est ce que l\u2019auteure propose, avec ce tout premier livre dans lequel elle partage tout ce qu\u2019elle aurait aim\u00e9 savoir lorsqu\u2019elle a commenc\u00e9 \u00e0 r\u00e9aliser des bols de smoothie ! En toute simplicit\u00e9 et avec une touche de bienveillance, Smoothies vous permet de [&hellip;]<\/p>\n","protected":false},"featured_media":54721,"template":"","meta":{"wds_primary_product_brand":0,"wds_primary_product_cat":0,"wds_primary_maison_dedition":0},"product_brand":[],"product_cat":[726,550,557],"product_tag":[],"maison_dedition":[630],"class_list":{"0":"post-54718","1":"product","2":"type-product","3":"status-publish","4":"has-post-thumbnail","6":"product_cat-cuisine-et-saveurs","7":"product_cat-livres-de-cuisine","8":"product_cat-pratique","9":"pa_auteur-marisol-turcot","10":"maison_dedition-les-editions-goelette","12":"first","13":"instock","14":"taxable","15":"shipping-taxable","16":"purchasable","17":"product-type-variable","18":"has-default-attributes"},"bundled_by":[],"bundle_stock_status":"instock","bundle_stock_quantity":null,"bundle_virtual":false,"bundle_layout":"","bundle_add_to_cart_form_location":"","bundle_editable_in_cart":false,"bundle_sold_individually_context":"","bundle_item_grouping":"","bundle_min_size":"","bundle_max_size":"","bundle_price":[],"bundled_items":[],"bundle_sell_ids":[],"acf":[],"_links":{"self":[{"href":"https:\/\/goelette.ca\/en\/wp-json\/wp\/v2\/product\/54718","targetHints":{"allow":["GET"]}}],"collection":[{"href":"https:\/\/goelette.ca\/en\/wp-json\/wp\/v2\/product"}],"about":[{"href":"https:\/\/goelette.ca\/en\/wp-json\/wp\/v2\/types\/product"}],"wp:featuredmedia":[{"embeddable":true,"href":"https:\/\/goelette.ca\/en\/wp-json\/wp\/v2\/media\/54721"}],"wp:attachment":[{"href":"https:\/\/goelette.ca\/en\/wp-json\/wp\/v2\/media?parent=54718"}],"wp:term":[{"taxonomy":"product_brand","embeddable":true,"href":"https:\/\/goelette.ca\/en\/wp-json\/wp\/v2\/product_brand?post=54718"},{"taxonomy":"product_cat","embeddable":true,"href":"https:\/\/goelette.ca\/en\/wp-json\/wp\/v2\/product_cat?post=54718"},{"taxonomy":"product_tag","embeddable":true,"href":"https:\/\/goelette.ca\/en\/wp-json\/wp\/v2\/product_tag?post=54718"},{"taxonomy":"maison_dedition","embeddable":true,"href":"https:\/\/goelette.ca\/en\/wp-json\/wp\/v2\/maison_dedition?post=54718"}],"curies":[{"name":"wp","href":"https:\/\/api.w.org\/{rel}","templated":true}]}}