{"id":53566,"date":"2023-04-27T00:03:52","date_gmt":"2023-04-27T04:03:52","guid":{"rendered":"https:\/\/www.goelette.ca\/?post_type=product&#038;p=53566"},"modified":"2025-05-15T15:16:16","modified_gmt":"2025-05-15T19:16:16","slug":"des-jeux-et-des-jeux-de-poche-sudokus-pour-experts","status":"publish","type":"product","link":"https:\/\/goelette.ca\/en\/tous-les-livres\/des-jeux-et-des-jeux-de-poche-sudokus-pour-experts\/","title":{"rendered":"Des jeux et des jeux de poche &#8211; Sudokus pour experts"},"content":{"rendered":"<p>110 GRILLES ET SOLUTIONS<\/p>\n<p>Avec les sudokus pour experts, prenez une pause du quotidien tout en mettant vos capacit\u00e9s de d\u00e9duction au d\u00e9fi.<\/p>\n<p>La collection Des jeux et des jeux de poche vous propose des jeux de lettres et de chiffres classiques ou innovants dans un petit format \u00a0facile \u00e0 transporter partout<\/p>\n","protected":false},"excerpt":{"rendered":"<p>110 GRILLES ET SOLUTIONS Avec les sudokus pour experts, prenez une pause du quotidien tout en mettant vos capacit\u00e9s de d\u00e9duction au d\u00e9fi. La collection Des jeux et des jeux de poche vous propose des jeux de lettres et de chiffres classiques ou innovants dans un petit format \u00a0facile \u00e0 transporter partout<\/p>\n","protected":false},"featured_media":53568,"template":"","meta":{"wds_primary_product_brand":0,"wds_primary_product_cat":0,"wds_primary_maison_dedition":0},"product_brand":[],"product_cat":[567,566,569],"product_tag":[],"maison_dedition":[630],"class_list":{"0":"post-53566","1":"product","2":"type-product","3":"status-publish","4":"has-post-thumbnail","6":"product_cat-adulte","7":"product_cat-livres-de-jeux","8":"product_cat-sudokus","9":"pa_auteur-collectif","10":"maison_dedition-les-editions-goelette","12":"first","13":"instock","14":"taxable","15":"shipping-taxable","16":"purchasable","17":"product-type-variable"},"bundled_by":[],"bundle_stock_status":"instock","bundle_stock_quantity":null,"bundle_virtual":false,"bundle_layout":"","bundle_add_to_cart_form_location":"","bundle_editable_in_cart":false,"bundle_sold_individually_context":"","bundle_item_grouping":"","bundle_min_size":"","bundle_max_size":"","bundle_price":[],"bundled_items":[],"bundle_sell_ids":[],"acf":[],"_links":{"self":[{"href":"https:\/\/goelette.ca\/en\/wp-json\/wp\/v2\/product\/53566","targetHints":{"allow":["GET"]}}],"collection":[{"href":"https:\/\/goelette.ca\/en\/wp-json\/wp\/v2\/product"}],"about":[{"href":"https:\/\/goelette.ca\/en\/wp-json\/wp\/v2\/types\/product"}],"wp:featuredmedia":[{"embeddable":true,"href":"https:\/\/goelette.ca\/en\/wp-json\/wp\/v2\/media\/53568"}],"wp:attachment":[{"href":"https:\/\/goelette.ca\/en\/wp-json\/wp\/v2\/media?parent=53566"}],"wp:term":[{"taxonomy":"product_brand","embeddable":true,"href":"https:\/\/goelette.ca\/en\/wp-json\/wp\/v2\/product_brand?post=53566"},{"taxonomy":"product_cat","embeddable":true,"href":"https:\/\/goelette.ca\/en\/wp-json\/wp\/v2\/product_cat?post=53566"},{"taxonomy":"product_tag","embeddable":true,"href":"https:\/\/goelette.ca\/en\/wp-json\/wp\/v2\/product_tag?post=53566"},{"taxonomy":"maison_dedition","embeddable":true,"href":"https:\/\/goelette.ca\/en\/wp-json\/wp\/v2\/maison_dedition?post=53566"}],"curies":[{"name":"wp","href":"https:\/\/api.w.org\/{rel}","templated":true}]}}