{"id":53430,"date":"2023-04-27T00:01:47","date_gmt":"2023-04-27T04:01:47","guid":{"rendered":"https:\/\/www.goelette.ca\/?post_type=product&#038;p=53430"},"modified":"2023-04-27T08:22:03","modified_gmt":"2023-04-27T12:22:03","slug":"insaisissable","status":"publish","type":"product","link":"https:\/\/goelette.ca\/en\/tous-les-livres\/insaisissable\/","title":{"rendered":"Insaisissable"},"content":{"rendered":"<p>Jessica Williams vient de perdre son emploi. Pour d\u00e9canter la situation, elle d\u00e9cide de s\u2019envoler vers une plage au Mexique. Alors qu\u2019elle attend \u00e0 l\u2019a\u00e9roport, elle rencontre une autre Jessica Williams, qu\u2019elle surnomme Jessica Deux. Amus\u00e9es par la co\u00efncidence, les deux femmes apprennent \u00e0 se conna\u00eetre et \u00e9changent leurs informations. De retour \u00e0 New York, une semaine plus tard, la voyageuse d\u00e9couvre toutefois que son compte en banque a \u00e9t\u00e9 d\u00e9valis\u00e9. Les cam\u00e9ras de surveillance confirment ses soup\u00e7ons. La coupable est Jessica Deux. Frustr\u00e9e devant l\u2019impuissance de la police, la malheureuse est bien d\u00e9cid\u00e9e \u00e0 retrouver elle-m\u00eame l\u2019arnaqueuse. Or ses recherches lui apprennent qu\u2019il existe des dizaines de personnes portant le m\u00eame nom qu\u2019elle. Comment rep\u00e9rer la bonne ? Convaincue de ne pas \u00eatre la premi\u00e8re victime de cette fraude, la jeune femme lance un appel \u00e0 tous sur les r\u00e9seaux sociaux. Tr\u00e8s vite, des pistes surgissent. Mais les menaces ne se font pas attendre non plus.<\/p>\n","protected":false},"excerpt":{"rendered":"<p>Jessica Williams vient de perdre son emploi. Pour d\u00e9canter la situation, elle d\u00e9cide de s\u2019envoler vers une plage au Mexique. Alors qu\u2019elle attend \u00e0 l\u2019a\u00e9roport, elle rencontre une autre Jessica Williams, qu\u2019elle surnomme Jessica Deux. Amus\u00e9es par la co\u00efncidence, les deux femmes apprennent \u00e0 se conna\u00eetre et \u00e9changent leurs informations. De retour \u00e0 New York, [&hellip;]<\/p>\n","protected":false},"featured_media":53562,"template":"","meta":{"wds_primary_product_brand":0,"wds_primary_product_cat":0,"wds_primary_maison_dedition":0},"product_brand":[],"product_cat":[542,585],"product_tag":[],"maison_dedition":[630],"class_list":{"0":"post-53430","1":"product","2":"type-product","3":"status-publish","4":"has-post-thumbnail","6":"product_cat-roman","7":"product_cat-romance","8":"pa_auteur-catherine-mckenzie","9":"maison_dedition-les-editions-goelette","11":"first","12":"instock","13":"taxable","14":"shipping-taxable","15":"purchasable","16":"product-type-variable"},"bundled_by":[],"bundle_stock_status":"instock","bundle_stock_quantity":null,"bundle_virtual":false,"bundle_layout":"","bundle_add_to_cart_form_location":"","bundle_editable_in_cart":false,"bundle_sold_individually_context":"","bundle_item_grouping":"","bundle_min_size":"","bundle_max_size":"","bundle_price":[],"bundled_items":[],"bundle_sell_ids":[],"acf":[],"_links":{"self":[{"href":"https:\/\/goelette.ca\/en\/wp-json\/wp\/v2\/product\/53430","targetHints":{"allow":["GET"]}}],"collection":[{"href":"https:\/\/goelette.ca\/en\/wp-json\/wp\/v2\/product"}],"about":[{"href":"https:\/\/goelette.ca\/en\/wp-json\/wp\/v2\/types\/product"}],"wp:featuredmedia":[{"embeddable":true,"href":"https:\/\/goelette.ca\/en\/wp-json\/wp\/v2\/media\/53562"}],"wp:attachment":[{"href":"https:\/\/goelette.ca\/en\/wp-json\/wp\/v2\/media?parent=53430"}],"wp:term":[{"taxonomy":"product_brand","embeddable":true,"href":"https:\/\/goelette.ca\/en\/wp-json\/wp\/v2\/product_brand?post=53430"},{"taxonomy":"product_cat","embeddable":true,"href":"https:\/\/goelette.ca\/en\/wp-json\/wp\/v2\/product_cat?post=53430"},{"taxonomy":"product_tag","embeddable":true,"href":"https:\/\/goelette.ca\/en\/wp-json\/wp\/v2\/product_tag?post=53430"},{"taxonomy":"maison_dedition","embeddable":true,"href":"https:\/\/goelette.ca\/en\/wp-json\/wp\/v2\/maison_dedition?post=53430"}],"curies":[{"name":"wp","href":"https:\/\/api.w.org\/{rel}","templated":true}]}}