{"id":53422,"date":"2023-04-20T00:05:49","date_gmt":"2023-04-20T04:05:49","guid":{"rendered":"https:\/\/www.goelette.ca\/?post_type=product&#038;p=53422"},"modified":"2023-11-28T15:47:32","modified_gmt":"2023-11-28T20:47:32","slug":"jeux-dobservation-3","status":"publish","type":"product","link":"https:\/\/goelette.ca\/en\/tous-les-livres\/jeux-dobservation-3\/","title":{"rendered":"Jeux d&#8217;observation"},"content":{"rendered":"<p class=\"p1\">D\u00e9couvre une vari\u00e9t\u00e9 unique de jeux d\u2019observation, aiguise tes sens avec 225 activit\u00e9s diff\u00e9rentes et progresse \u00e0 ton rythme !<\/p>\n","protected":false},"excerpt":{"rendered":"<p>D\u00e9couvre une vari\u00e9t\u00e9 unique de jeux d\u2019observation, aiguise tes sens avec 225 activit\u00e9s diff\u00e9rentes et progresse \u00e0 ton rythme !<\/p>\n","protected":false},"featured_media":53558,"template":"","meta":{"wds_primary_product_brand":0,"wds_primary_product_cat":0,"wds_primary_maison_dedition":0},"product_brand":[],"product_cat":[572,566],"product_tag":[],"maison_dedition":[630,766],"class_list":{"0":"post-53422","1":"product","2":"type-product","3":"status-publish","4":"has-post-thumbnail","6":"product_cat-activites-pratique","7":"product_cat-livres-de-jeux","8":"pa_auteur-collectif","9":"maison_dedition-les-editions-goelette","10":"maison_dedition-zone-detente","12":"first","13":"instock","14":"taxable","15":"shipping-taxable","16":"purchasable","17":"product-type-variable","18":"has-default-attributes"},"bundled_by":[],"bundle_stock_status":"instock","bundle_stock_quantity":null,"bundle_virtual":false,"bundle_layout":"","bundle_add_to_cart_form_location":"","bundle_editable_in_cart":false,"bundle_sold_individually_context":"","bundle_item_grouping":"","bundle_min_size":"","bundle_max_size":"","bundle_price":[],"bundled_items":[],"bundle_sell_ids":[],"acf":[],"_links":{"self":[{"href":"https:\/\/goelette.ca\/en\/wp-json\/wp\/v2\/product\/53422","targetHints":{"allow":["GET"]}}],"collection":[{"href":"https:\/\/goelette.ca\/en\/wp-json\/wp\/v2\/product"}],"about":[{"href":"https:\/\/goelette.ca\/en\/wp-json\/wp\/v2\/types\/product"}],"wp:featuredmedia":[{"embeddable":true,"href":"https:\/\/goelette.ca\/en\/wp-json\/wp\/v2\/media\/53558"}],"wp:attachment":[{"href":"https:\/\/goelette.ca\/en\/wp-json\/wp\/v2\/media?parent=53422"}],"wp:term":[{"taxonomy":"product_brand","embeddable":true,"href":"https:\/\/goelette.ca\/en\/wp-json\/wp\/v2\/product_brand?post=53422"},{"taxonomy":"product_cat","embeddable":true,"href":"https:\/\/goelette.ca\/en\/wp-json\/wp\/v2\/product_cat?post=53422"},{"taxonomy":"product_tag","embeddable":true,"href":"https:\/\/goelette.ca\/en\/wp-json\/wp\/v2\/product_tag?post=53422"},{"taxonomy":"maison_dedition","embeddable":true,"href":"https:\/\/goelette.ca\/en\/wp-json\/wp\/v2\/maison_dedition?post=53422"}],"curies":[{"name":"wp","href":"https:\/\/api.w.org\/{rel}","templated":true}]}}