{"id":53245,"date":"2023-03-06T11:34:04","date_gmt":"2023-03-06T16:34:04","guid":{"rendered":"https:\/\/www.goelette.ca\/?post_type=product&#038;p=53245"},"modified":"2023-03-06T11:47:10","modified_gmt":"2023-03-06T16:47:10","slug":"mon-imagier-des-animaux-de-la-ferme","status":"publish","type":"product","link":"https:\/\/goelette.ca\/en\/tous-les-livres\/mon-imagier-des-animaux-de-la-ferme\/","title":{"rendered":"Mon imagier des animaux de la ferme"},"content":{"rendered":"<p>\u00c0 quoi sert la poule ? DE LA FERME<\/p>\n<p>Comment nomme-t-on le petit de la vache ?<\/p>\n<p>Apprends le nom de tes animaux pr\u00e9f\u00e9r\u00e9s et leur r\u00f4le sur la ferme !<\/p>\n","protected":false},"excerpt":{"rendered":"<p>\u00c0 quoi sert la poule ? DE LA FERME Comment nomme-t-on le petit de la vache ? Apprends le nom de tes animaux pr\u00e9f\u00e9r\u00e9s et leur r\u00f4le sur la ferme !<\/p>\n","protected":false},"featured_media":53247,"template":"","meta":{"wds_primary_product_brand":0,"wds_primary_product_cat":0,"wds_primary_maison_dedition":0},"product_brand":[],"product_cat":[626,667],"product_tag":[],"maison_dedition":[541],"class_list":{"0":"post-53245","1":"product","2":"type-product","3":"status-publish","4":"has-post-thumbnail","6":"product_cat-jeunesse-livres-de-jeux","7":"product_cat-livres-tout-carton","8":"maison_dedition-les-editions-coup-doeil","10":"first","11":"instock","12":"taxable","13":"shipping-taxable","14":"purchasable","15":"product-type-variable"},"bundled_by":[],"bundle_stock_status":"instock","bundle_stock_quantity":null,"bundle_virtual":false,"bundle_layout":"","bundle_add_to_cart_form_location":"","bundle_editable_in_cart":false,"bundle_sold_individually_context":"","bundle_item_grouping":"","bundle_min_size":"","bundle_max_size":"","bundle_price":[],"bundled_items":[],"bundle_sell_ids":[],"acf":[],"_links":{"self":[{"href":"https:\/\/goelette.ca\/en\/wp-json\/wp\/v2\/product\/53245","targetHints":{"allow":["GET"]}}],"collection":[{"href":"https:\/\/goelette.ca\/en\/wp-json\/wp\/v2\/product"}],"about":[{"href":"https:\/\/goelette.ca\/en\/wp-json\/wp\/v2\/types\/product"}],"wp:featuredmedia":[{"embeddable":true,"href":"https:\/\/goelette.ca\/en\/wp-json\/wp\/v2\/media\/53247"}],"wp:attachment":[{"href":"https:\/\/goelette.ca\/en\/wp-json\/wp\/v2\/media?parent=53245"}],"wp:term":[{"taxonomy":"product_brand","embeddable":true,"href":"https:\/\/goelette.ca\/en\/wp-json\/wp\/v2\/product_brand?post=53245"},{"taxonomy":"product_cat","embeddable":true,"href":"https:\/\/goelette.ca\/en\/wp-json\/wp\/v2\/product_cat?post=53245"},{"taxonomy":"product_tag","embeddable":true,"href":"https:\/\/goelette.ca\/en\/wp-json\/wp\/v2\/product_tag?post=53245"},{"taxonomy":"maison_dedition","embeddable":true,"href":"https:\/\/goelette.ca\/en\/wp-json\/wp\/v2\/maison_dedition?post=53245"}],"curies":[{"name":"wp","href":"https:\/\/api.w.org\/{rel}","templated":true}]}}