{"id":53237,"date":"2023-03-06T11:27:35","date_gmt":"2023-03-06T16:27:35","guid":{"rendered":"https:\/\/www.goelette.ca\/?post_type=product&#038;p=53237"},"modified":"2023-03-06T11:47:22","modified_gmt":"2023-03-06T16:47:22","slug":"cherche-et-trouve-a-la-ferme","status":"publish","type":"product","link":"https:\/\/goelette.ca\/en\/tous-les-livres\/cherche-et-trouve-a-la-ferme\/","title":{"rendered":"Cherche et trouve \u00e0 la ferme"},"content":{"rendered":"<p>Observe les images et retrouve les \u00e9l\u00e9ments qui s\u2019y cachent ! Pourras-tu trouver le tracteur, le seau et le tournesol ?<\/p>\n","protected":false},"excerpt":{"rendered":"<p>Observe les images et retrouve les \u00e9l\u00e9ments qui s\u2019y cachent ! Pourras-tu trouver le tracteur, le seau et le tournesol ?<\/p>\n","protected":false},"featured_media":53243,"template":"","meta":{"wds_primary_product_brand":0,"wds_primary_product_cat":0,"wds_primary_maison_dedition":0},"product_brand":[],"product_cat":[626,667],"product_tag":[],"maison_dedition":[541],"class_list":{"0":"post-53237","1":"product","2":"type-product","3":"status-publish","4":"has-post-thumbnail","6":"product_cat-jeunesse-livres-de-jeux","7":"product_cat-livres-tout-carton","8":"maison_dedition-les-editions-coup-doeil","10":"first","11":"instock","12":"taxable","13":"shipping-taxable","14":"purchasable","15":"product-type-variable"},"bundled_by":[],"bundle_stock_status":"instock","bundle_stock_quantity":null,"bundle_virtual":false,"bundle_layout":"","bundle_add_to_cart_form_location":"","bundle_editable_in_cart":false,"bundle_sold_individually_context":"","bundle_item_grouping":"","bundle_min_size":"","bundle_max_size":"","bundle_price":[],"bundled_items":[],"bundle_sell_ids":[],"acf":[],"_links":{"self":[{"href":"https:\/\/goelette.ca\/en\/wp-json\/wp\/v2\/product\/53237","targetHints":{"allow":["GET"]}}],"collection":[{"href":"https:\/\/goelette.ca\/en\/wp-json\/wp\/v2\/product"}],"about":[{"href":"https:\/\/goelette.ca\/en\/wp-json\/wp\/v2\/types\/product"}],"wp:featuredmedia":[{"embeddable":true,"href":"https:\/\/goelette.ca\/en\/wp-json\/wp\/v2\/media\/53243"}],"wp:attachment":[{"href":"https:\/\/goelette.ca\/en\/wp-json\/wp\/v2\/media?parent=53237"}],"wp:term":[{"taxonomy":"product_brand","embeddable":true,"href":"https:\/\/goelette.ca\/en\/wp-json\/wp\/v2\/product_brand?post=53237"},{"taxonomy":"product_cat","embeddable":true,"href":"https:\/\/goelette.ca\/en\/wp-json\/wp\/v2\/product_cat?post=53237"},{"taxonomy":"product_tag","embeddable":true,"href":"https:\/\/goelette.ca\/en\/wp-json\/wp\/v2\/product_tag?post=53237"},{"taxonomy":"maison_dedition","embeddable":true,"href":"https:\/\/goelette.ca\/en\/wp-json\/wp\/v2\/maison_dedition?post=53237"}],"curies":[{"name":"wp","href":"https:\/\/api.w.org\/{rel}","templated":true}]}}