{"id":53009,"date":"2023-03-22T00:00:48","date_gmt":"2023-03-22T04:00:48","guid":{"rendered":"https:\/\/www.goelette.ca\/?post_type=product&#038;p=53009"},"modified":"2023-07-06T15:45:03","modified_gmt":"2023-07-06T19:45:03","slug":"le-club-des-millionnaires","status":"publish","type":"product","link":"https:\/\/goelette.ca\/en\/tous-les-livres\/le-club-des-millionnaires\/","title":{"rendered":"Le club des millionnaires"},"content":{"rendered":"<p>\u00ab Je pr\u00e9f\u00e8re la richesse \u00e0 la pauvret\u00e9, ne serait-ce que pour des raisons financi\u00e8res. \u00bb Woody Allen<\/p>\n<p>&nbsp;<\/p>\n<p>\u00c0 notre \u00e9poque d\u2019inflation galopante, de taxes incessantes, il faut (vraiment) pr\u00e9f\u00e9rer la richesse \u00e0 la pauvret\u00e9 et entrer le plus t\u00f4t possible dans le Club des Millionnaires. Ce petit trait\u00e9, rempli de conseils pratiques, d\u2019histoires vraies et inspirantes, d\u2019anecdotes hilarantes, vous explique comment !<\/p>\n<p>En plus de vous r\u00e9v\u00e9ler les 12 raisons pour lesquelles vous devez ABSOLUMENT entrer dans le Club, ce livre vous donne les 12 mani\u00e8res (sages ou folles) de le faire, comme l\u2019ont fait avant VOUS ces \u00ab illustres inconnus \u00bb, qui vous confient les secrets de leur succ\u00e8s : Coco Chanel, Warren Buffett, J.K. Rowling (Harry Potter), Jeff Bezos (Amazon), Oprah Winfrey, Frederick Smith (Fedex), Jean Nidetch (Weight Watchers), Pietro Ferrero (Nutella) et plusieurs autres, dont Pierre P\u00e9ladeau, fondateur de Qu\u00e9becor.<\/p>\n<p>Marc Fisher raconte aussi la derni\u00e8re ann\u00e9e de la vie de son p\u00e8re, les circonstances \u00e9mouvantes de sa mort et le dessin \u00e9nigmatique qu\u2019il lui laissa et qui explique le secret ultime de son succ\u00e8s.<\/p>\n","protected":false},"excerpt":{"rendered":"<p>\u00ab Je pr\u00e9f\u00e8re la richesse \u00e0 la pauvret\u00e9, ne serait-ce que pour des raisons financi\u00e8res. \u00bb Woody Allen &nbsp; \u00c0 notre \u00e9poque d\u2019inflation galopante, de taxes incessantes, il faut (vraiment) pr\u00e9f\u00e9rer la richesse \u00e0 la pauvret\u00e9 et entrer le plus t\u00f4t possible dans le Club des Millionnaires. Ce petit trait\u00e9, rempli de conseils pratiques, d\u2019histoires [&hellip;]<\/p>\n","protected":false},"featured_media":53114,"template":"","meta":{"wds_primary_product_brand":0,"wds_primary_product_cat":0,"wds_primary_maison_dedition":0},"product_brand":[],"product_cat":[592,557],"product_tag":[],"maison_dedition":[630],"class_list":{"0":"post-53009","1":"product","2":"type-product","3":"status-publish","4":"has-post-thumbnail","6":"product_cat-croissance-personnelle-pratique","7":"product_cat-pratique","8":"pa_auteur-marc-fisher","9":"maison_dedition-les-editions-goelette","11":"first","12":"instock","13":"taxable","14":"shipping-taxable","15":"purchasable","16":"product-type-variable"},"bundled_by":[],"bundle_stock_status":"instock","bundle_stock_quantity":null,"bundle_virtual":false,"bundle_layout":"","bundle_add_to_cart_form_location":"","bundle_editable_in_cart":false,"bundle_sold_individually_context":"","bundle_item_grouping":"","bundle_min_size":"","bundle_max_size":"","bundle_price":[],"bundled_items":[],"bundle_sell_ids":[],"acf":[],"_links":{"self":[{"href":"https:\/\/goelette.ca\/en\/wp-json\/wp\/v2\/product\/53009","targetHints":{"allow":["GET"]}}],"collection":[{"href":"https:\/\/goelette.ca\/en\/wp-json\/wp\/v2\/product"}],"about":[{"href":"https:\/\/goelette.ca\/en\/wp-json\/wp\/v2\/types\/product"}],"wp:featuredmedia":[{"embeddable":true,"href":"https:\/\/goelette.ca\/en\/wp-json\/wp\/v2\/media\/53114"}],"wp:attachment":[{"href":"https:\/\/goelette.ca\/en\/wp-json\/wp\/v2\/media?parent=53009"}],"wp:term":[{"taxonomy":"product_brand","embeddable":true,"href":"https:\/\/goelette.ca\/en\/wp-json\/wp\/v2\/product_brand?post=53009"},{"taxonomy":"product_cat","embeddable":true,"href":"https:\/\/goelette.ca\/en\/wp-json\/wp\/v2\/product_cat?post=53009"},{"taxonomy":"product_tag","embeddable":true,"href":"https:\/\/goelette.ca\/en\/wp-json\/wp\/v2\/product_tag?post=53009"},{"taxonomy":"maison_dedition","embeddable":true,"href":"https:\/\/goelette.ca\/en\/wp-json\/wp\/v2\/maison_dedition?post=53009"}],"curies":[{"name":"wp","href":"https:\/\/api.w.org\/{rel}","templated":true}]}}